{"id":438,"date":"2012-04-22T00:00:43","date_gmt":"2012-04-21T22:00:43","guid":{"rendered":"http:\/\/www.culturalusa.com\/news\/?page_id=438"},"modified":"2022-01-11T17:45:15","modified_gmt":"2022-01-11T16:45:15","slug":"concerts-musique-classique","status":"publish","type":"page","link":"https:\/\/www.culturalusa.com\/news\/agenda\/concerts-musique-classique\/","title":{"rendered":"Concerts Classique"},"content":{"rendered":"<p><a title=\"R\u00e9servation Concerts\" href=\"https:\/\/www.awin1.com\/cread.php?awinmid=12494&amp;awinaffid=321601&amp;clickref=&amp;p=https:\/\/www.fnacspectacles.com\/place-spectacle\/musique-classique-opera\/musique-classique-6953243421313256718-lt.htm\" target=\"_blank\" rel=\"noopener noreferrer\"><img decoding=\"async\" src=\"https:\/\/www.culturalusa.com\/images\/reserver_ticket_concert.png\" alt=\"\" \/><\/a><\/p>\n<div><iframe loading=\"lazy\" title=\"YouTube video player\" src=\"https:\/\/www.youtube-nocookie.com\/embed\/C243DQBfjho\" width=\"100%\" height=\"385\" frameborder=\"0\" allowfullscreen=\"allowfullscreen\"><\/iframe><\/div>\n<p><strong>Les Quatre Saisons de Vivaldi<\/strong><br \/>\nLes Quatre Saisons (dont le titre original italien est \u00ab\u00a0Le quattro stagioni\u00a0\u00bb) est le nom donn\u00e9 aux quatre concertos pour violon, compos\u00e9s par Antonio Vivaldi, Opus 8, no 1-4, qui ouvrent le recueil <em>Il cimento dell&rsquo;armonia e dell&rsquo;invenzione<\/em> \u2014 \u00ab\u00a0La confrontation entre l&rsquo;harmonie et l&rsquo;invention\u00a0\u00bb.<\/p>\n<p>L&rsquo;opus 8 de Vivaldi a \u00e9t\u00e9 \u00e9dit\u00e9 en 1725 \u00e0 Amsterdam par Michel Le C\u00e8ne, mais il est admis que la composition de ces quatre concertos est ant\u00e9rieure de plusieurs ann\u00e9es. L&rsquo;\u0153uvre connut un grand succ\u00e8s dans toute l&rsquo;Europe notamment \u00e0 Londres et \u00e0 Paris o\u00f9 les concertos furent interpr\u00e9t\u00e9s au d\u00e9but de l\u2019ann\u00e9e 1728 au Concert Spirituel.<\/p>\n<p><img decoding=\"async\" class=\"alignleft\" src=\"\/images\/classic-vivaldi.jpg\" alt=\"Vivaldi\" \/>Vivaldi a \u00e9t\u00e9 l\u2019un des virtuoses du violon les plus c\u00e9l\u00e8bres et les plus admir\u00e9s de son temps, incomparable virtuose du violon.<br \/>\nAntonio Lucio Vivaldi (1678-1741)<\/p>\n<p>Il est \u00e9galement reconnu comme l\u2019un des plus importants compositeurs de la p\u00e9riode baroque, en tant qu&rsquo;initiateur principal du concerto de soliste, genre d\u00e9riv\u00e9 du concerto grosso.<\/p>\n<p>Son influence, en Italie comme dans toute l\u2019Europe, a \u00e9t\u00e9 consid\u00e9rable, et peut se mesurer au fait que Bach a adapt\u00e9 et transcrit plus d\u2019\u0153uvres de Vivaldi que de n&rsquo;importe quel autre musicien. (<a href=\"https:\/\/francebillet.com\/recherche\/rechercheRapide.do?search=VIVALDI\" target=\"_blank\" rel=\"noopener noreferrer\">R\u00e9server billets<\/a>)<\/p>\n<p><strong><img decoding=\"async\" class=\"alignleft\" src=\"https:\/\/www.francebillet.com\/static\/0\/visuel\/300\/391\/LE-LAC-DES-CYGNES_3915226031749187162.jpg\" alt=\"Lac des Cygnes\" width=\"150\" \/>LAC DES CYGNES<\/strong><br \/>\nLe Lac des cygnes a \u00e9t\u00e9 pr\u00e9sent\u00e9 la premi\u00e8re fois \u00e0 Moscou en 1877 mais sa v\u00e9ritable cr\u00e9ation avec la chor\u00e9graphie de Marius Petipa et Lev Ivanov date du 27 janvier 1985.<\/p>\n<p>L\u2019histoire d\u2019amour du prince pour une jeune fille-oiseau, transform\u00e9e en cygne par un sorcier, est un sujet fantastique o\u00f9 la ballerine principale a un double personnage \u00e0 jouer et \u00e0 danser \u2013 Odette, cygne blanc, lyrique et po\u00e9tique, Odile, cygne noir, s\u00e9ductrice et femme fatale.<\/p>\n<p>C\u2019est l\u2019\u00e9cole russe de danse classique, l\u2019\u00e9cole de rigueur et d\u2019excellence que vous pouvez admirer dans toute sa splendeur. Les danseurs sont issus des meilleures \u00e9coles de ballet de Russie comme l\u2019Acad\u00e9mie Vaganova de Saint-P\u00e9tersbourg.<\/p>\n<p>Le Lac des cygnes fait partie des ballets les plus connus au monde et le plus jou\u00e9s.<\/p>\n<p>La musique de Piotr Tschaikovski transporte le spectateur dans un univers magique, tant\u00f4t m\u00e9lancolique, tant\u00f4t joyeux et plein de couleurs.<\/p>\n<p>Les d\u00e9cors et les costumes splendides, l\u2019orchestre live et la po\u00e9sie de danse classique interpr\u00e9t\u00e9e avec excellence par des danseurs russes font de ce spectacle un vrai joyau pour toute la famille!<br \/>\n<a href=\"https:\/\/francebillet.com\/recherche\/rechercheRapide.do?search=lac+des+cygnes\" target=\"_blank\" rel=\"noopener noreferrer\">R\u00e9server billets<\/a><\/p>\n<hr \/>\n<p><img decoding=\"async\" class=\"alignleft size-full wp-image-4317\" src=\"https:\/\/www.culturalusa.com\/news\/wp-content\/uploads\/2019\/02\/Johann_Sebastian_Bach.jpg\" alt=\"\" width=\"150\" srcset=\"https:\/\/www.culturalusa.com\/news\/wp-content\/uploads\/2019\/02\/Johann_Sebastian_Bach.jpg 250w, https:\/\/www.culturalusa.com\/news\/wp-content\/uploads\/2019\/02\/Johann_Sebastian_Bach-204x250.jpg 204w\" sizes=\"(max-width: 250px) 100vw, 250px\" \/><strong>Johann Sebastian Bach<\/strong><br \/>\nMusique classique, Musique baroque<br \/>\nLes quatre g\u00e9niales Suites pour Orchestre de Bach, qu&rsquo;il appelait lui-m\u00eame \u00ab\u00a0Ouvertures\u00a0\u00bb, composent un superbe programme de concert empreint de riches couleurs orchestrales et de timbres vari\u00e9s, et figurent sans doute parmi la plus somptueuse musique baroque pour orchestre jamais \u00e9crite.<br \/>\nJohann Sebastian Bach (1685-1750)<\/p>\n<p>Contrairement \u00e0 beaucoup de compositeurs et artistes, Bach ne recherchait pas une reconnaissance humaine ni sa propre gloire, mais surtout celle de Dieu.<\/p>\n<p>Pratiquement toute son \u0153uvre lui \u00e9tait consacr\u00e9e, en t\u00e9moignent ses nombreux manuscrits qui se terminent par les initiales S.D.G (Soli Deo Gloria : \u00c0 Dieu seul la gloire).<\/p>\n<p>Selon le musicologue fran\u00e7ais Gilles Cantagrel, m\u00eame les compositions dites \u00ab profanes \u00bb de Bach sont empreintes de r\u00e9f\u00e9rences chr\u00e9tiennes, exprimant parfois \u00able myst\u00e8re de la R\u00e9demption sur la Croix\u00bb<br \/>\n<a href=\"https:\/\/francebillet.com\/recherche\/rechercheRapide.do?search=Johann+Sebastian+Bach\" target=\"_blank\" rel=\"noopener noreferrer\">R\u00e9server billets<\/a><\/p>\n<hr \/>\n<p><strong><img loading=\"lazy\" decoding=\"async\" class=\"alignleft\" src=\"https:\/\/plateforme.francebillet.com\/static\/0\/visuel\/grand\/344\/SHENYUN-2017-PARIS_3442052401361654923.jpg\" alt=\"Sheyn Yun\" width=\"150\" height=\"195\" \/>SHEN YUN<\/strong><\/p>\n<p>Musique classique, Danse classique<br \/>\nPALAIS DES CONGRES<br \/>\nPORTE MAILLOT<br \/>\n75017 PARIS 17<br \/>\nIl fut un temps o\u00f9 le monde regorgeait de magie et de splendeur, comme si tout sur Terre \u00e9tait en harmonie avec les Cieux. On pouvait le voir dans les arts, le sentir dans l&rsquo;air, l&rsquo;entendre dans un roulement de tambour. C&rsquo;\u00e9tait une terre de h\u00e9ros et de sages, de dragons et de ph\u00e9nix, d&#8217;empereurs et d&rsquo;immortels. Cette terre, connue aujourd&rsquo;hui sous le nom de Chine, \u00e9tait appel\u00e9e autrefois \u00ab\u00a0L&rsquo;Empire du Milieu\u00a0\u00bb ou \u00ab\u00a0la Terre du Divin\u00a0\u00bb.<br \/>\n<a href=\"https:\/\/francebillet.com\/recherche\/rechercheRapide.do?search=SHEN+YUN\" target=\"_blank\" rel=\"noopener noreferrer\">R\u00e9server billets<\/a><\/p>\n<hr \/>\n<p><img decoding=\"async\" class=\"alignleft\" src=\"https:\/\/www.culturalusa.com\/news\/wp-content\/uploads\/2019\/02\/LudwigvanBeethoven.jpg\" alt=\"\" width=\"150\" \/><strong>Ludwig van Beethoven<\/strong><\/p>\n<p>Grand repr\u00e9sentant du classicisme viennois (apr\u00e8s Gluck, Haydn et Mozart), Beethoven a pr\u00e9par\u00e9 l\u2019\u00e9volution vers le romantisme en musique et influenc\u00e9 la musique occidentale pendant une grande partie du XIXe si\u00e8cle.<br \/>\nLudwig van Beethoven (1770-1827)<\/p>\n<p>Son art s\u2019est exprim\u00e9 \u00e0 travers diff\u00e9rents genres musicaux, et bien que sa musique symphonique soit la principale source de sa popularit\u00e9, il a eu un impact \u00e9galement consid\u00e9rable dans l\u2019\u00e9criture pianistique et dans la musique de chambre.<\/p>\n<p>Expression d\u2019une inalt\u00e9rable foi en l\u2019homme et d\u2019un optimisme volontaire, affirmant la cr\u00e9ation musicale comme action d\u2019un artiste libre et ind\u00e9pendant, l\u2019\u0153uvre de Beethoven a fait de lui une des figures les plus marquantes de l\u2019histoire de la musique.<br \/>\n<a href=\"https:\/\/francebillet.com\/recherche\/rechercheRapide.do?search=BEETHOVEN\" target=\"_blank\" rel=\"noopener noreferrer\">R\u00e9server billets<\/a><\/p>\n<div class=\"box-rev\" style=\"border-color: #888;\">\n<div style=\"clear: both; text-align: center; font-size:18px;\"><a class=\"button white btn-left\" href=\"https:\/\/www.culturalusa.com\/news\/agenda\/spectacles-a-la-une\/\" target=\"_self\" rel=\"noopener noreferrer\"><span class=\"btn_caption\"><strong>Concerts &#038; Festivals<\/strong><\/span><\/a> | <a class=\"button gray btn-left\" href=\"https:\/\/www.culturalusa.com\/news\/agenda\/concerts-musique-classique\/\" target=\"_self\" rel=\"noopener noreferrer\"><span class=\"btn_caption\"><strong>Musique Classique<\/strong><\/span><\/a> | <a class=\"button gray btn-left\" href=\"https:\/\/www.culturalusa.com\/news\/agenda\/concerts-pop-rock-electro\/\" target=\"_self\" rel=\"noopener noreferrer\"><span class=\"btn_caption\"><strong>Concerts Pop Rock<\/strong><\/span><\/a> | <a class=\"button white btn-left\" href=\"https:\/\/www.culturalusa.com\/news\/agenda\/evenements-lusophones\/\" target=\"_self\" rel=\"noopener noreferrer\"><span class=\"btn_caption\"><strong>Ev\u00e9nements Lusophones<\/strong><\/span><\/a> <\/div>\n<\/div>\n<p><a title=\"R\u00e9servation Concerts\" href=\"https:\/\/www.awin1.com\/cread.php?awinmid=12494&amp;awinaffid=321601&amp;clickref=&amp;p=https:\/\/www.fnacspectacles.com\/place-spectacle\/musique-classique-opera\/musique-classique-6953243421313256718-lt.htm\" target=\"_blank\" rel=\"noopener noreferrer\"><img decoding=\"async\" class=\"aligncenter size-full wp-image-6547\" src=\"https:\/\/www.culturalusa.com\/news\/wp-content\/uploads\/2020\/01\/reservation-ticket-concert.jpg\" alt=\"\" width=\"98%\" height=\"140\" srcset=\"https:\/\/www.culturalusa.com\/news\/wp-content\/uploads\/2020\/01\/reservation-ticket-concert.jpg 650w, https:\/\/www.culturalusa.com\/news\/wp-content\/uploads\/2020\/01\/reservation-ticket-concert-275x68.jpg 275w, https:\/\/www.culturalusa.com\/news\/wp-content\/uploads\/2020\/01\/reservation-ticket-concert-480x118.jpg 480w\" sizes=\"(max-width: 650px) 100vw, 650px\" \/><\/a><\/p>\n<h4 style=\"text-align: center; background: #cd1713 none repeat scroll 0 0; color: #fff; margin: 20px 5px 10px; padding: 3px 7px;\">Advertisement &#8211; Annonces<\/h4>\n<p style=\"text-align: center;\"><a title=\"Cr\u00e9ation de site internet cl\u00e9s en mains\" href=\"https:\/\/www.123affaires.biz\/creer_un_site.html\" target=\"_blank\" rel=\"noopener noreferrer\"><img decoding=\"async\" src=\"https:\/\/www.culturalusa.com\/images\/web-design-470.jpg\" alt=\"webdesign\" width=\"98%\" border=\"0\" \/><\/a><\/p>\n<p><script async src=\"\/\/pagead2.googlesyndication.com\/pagead\/js\/adsbygoogle.js\"><\/script><br \/>\n<ins class=\"adsbygoogle\" style=\"display: block; text-align: center;\" data-ad-layout=\"in-article\" data-ad-format=\"fluid\" data-ad-client=\"ca-pub-2727717456356200\" data-ad-slot=\"6622935982\"><\/ins><br \/>\n<script>\n     (adsbygoogle = window.adsbygoogle || []).push({});\n<\/script><\/p>\n","protected":false},"excerpt":{"rendered":"<p>Les Quatre Saisons de Vivaldi Les Quatre Saisons (dont le titre original italien est \u00ab\u00a0Le quattro stagioni\u00a0\u00bb) est le nom donn\u00e9 aux quatre concertos pour violon, compos\u00e9s par Antonio Vivaldi, Opus 8, no 1-4, qui ouvrent le recueil Il cimento dell&rsquo;armonia e dell&rsquo;invenzione \u2014 \u00ab\u00a0La confrontation entre l&rsquo;harmonie et l&rsquo;invention\u00a0\u00bb. L&rsquo;opus 8 de Vivaldi a [&hellip;]<\/p>\n","protected":false},"author":1,"featured_media":0,"parent":2,"menu_order":0,"comment_status":"open","ping_status":"closed","template":"","meta":{"footnotes":""},"class_list":["post-438","page","type-page","status-publish","hentry"],"aioseo_notices":[],"_links":{"self":[{"href":"https:\/\/www.culturalusa.com\/news\/wp-json\/wp\/v2\/pages\/438","targetHints":{"allow":["GET"]}}],"collection":[{"href":"https:\/\/www.culturalusa.com\/news\/wp-json\/wp\/v2\/pages"}],"about":[{"href":"https:\/\/www.culturalusa.com\/news\/wp-json\/wp\/v2\/types\/page"}],"author":[{"embeddable":true,"href":"https:\/\/www.culturalusa.com\/news\/wp-json\/wp\/v2\/users\/1"}],"replies":[{"embeddable":true,"href":"https:\/\/www.culturalusa.com\/news\/wp-json\/wp\/v2\/comments?post=438"}],"version-history":[{"count":0,"href":"https:\/\/www.culturalusa.com\/news\/wp-json\/wp\/v2\/pages\/438\/revisions"}],"up":[{"embeddable":true,"href":"https:\/\/www.culturalusa.com\/news\/wp-json\/wp\/v2\/pages\/2"}],"wp:attachment":[{"href":"https:\/\/www.culturalusa.com\/news\/wp-json\/wp\/v2\/media?parent=438"}],"curies":[{"name":"wp","href":"https:\/\/api.w.org\/{rel}","templated":true}]}}