{"id":4640,"date":"2019-02-15T21:32:16","date_gmt":"2019-02-15T20:32:16","guid":{"rendered":"https:\/\/www.culturalusa.com\/news\/?page_id=4640"},"modified":"2024-01-14T19:37:48","modified_gmt":"2024-01-14T18:37:48","slug":"apprendre-le-neerlandais","status":"publish","type":"page","link":"https:\/\/www.culturalusa.com\/news\/boutique\/apprendre-le-neerlandais\/","title":{"rendered":"Apprendre le N\u00e9erlandais"},"content":{"rendered":"<div class=\"box-rev\"><img loading=\"lazy\" decoding=\"async\" class=\"alignright size-full wp-image-4641\" src=\"https:\/\/www.culturalusa.com\/news\/wp-content\/uploads\/2019\/02\/neerlandais-livre-cdaudio-cdmp3.jpg\" alt=\"\" width=\"223\" height=\"320\" srcset=\"https:\/\/www.culturalusa.com\/news\/wp-content\/uploads\/2019\/02\/neerlandais-livre-cdaudio-cdmp3.jpg 223w, https:\/\/www.culturalusa.com\/news\/wp-content\/uploads\/2019\/02\/neerlandais-livre-cdaudio-cdmp3-174x250.jpg 174w\" sizes=\"auto, (max-width: 223px) 100vw, 223px\" \/><br \/>\n<strong>Apprenez le N\u00e9erlandais<\/strong><br \/>\n<strong>Super Pack : Livre + CD Audio + Fichiers mp3 en t\u00e9l\u00e9chargement<\/strong><br \/>\nNiveau : D\u00e9butants et Faux-d\u00e9butants<br \/>\nNiveau Cadre Europ\u00e9en : B2<br \/>\nLangue maternelle: Fran\u00e7ais<br \/>\nLangue \u00e9tudi\u00e9e: N\u00e9erlandaisLe n\u00e9erlandais est une langue assez facile, il est tr\u00e8s proche de l\u2019allemand et a de nombreux traits communs avec l\u2019anglais.<br \/>\nConcernant le vocabulaire, il a laiss\u00e9 au fran\u00e7ais (et \u00e0 d\u2019autres langues&#8230;) un lexique important.Autant de rep\u00e8res qui pourront faciliter votre apprentissage. Ajoutez-y les notes claires et pr\u00e9cises qui accompagnent les 100 dialogues de cette m\u00e9thode, et vous atteindrez le niveau de la conversation quotidienne en quelques mois.Les enregistrements reprennent l&rsquo;int\u00e9gralit\u00e9 des textes en n\u00e9erlandais des le\u00e7ons et des exercices de traduction du livre. Ils sont interpr\u00e9t\u00e9s par des locuteurs natifs professionnels.<\/p>\n<p>Le CD MP3 permet de charger tout ou partie des enregistrements de la m\u00e9thode sur votre baladeur MP3, Smartphone ou ordinateur.<\/p>\n<p>Des dialogues vivants et utiles, une progression tr\u00e8s \u00e9tudi\u00e9e et une ma\u00eetrise de l\u2019oral gr\u00e2ce \u00e0 la m\u00e9thode Livre + Audio.<\/p>\n<p><strong>Superpack t\u00e9l\u00e9chargement : Un livre de 100 le\u00e7ons en 612 pages, 4 CD audio et 1 t\u00e9l\u00e9chargement audio (2158 fichiers) d&rsquo;une dur\u00e9e de 3 h 10.<\/strong><\/p>\n<div class=\"eStore-product-fancy2\"><div class=\"eStore-thumbnail\"><a href=\"https:\/\/www.culturalusa.com\/news\/boutique\/apprendre-le-neerlandais\/\" title=\"Apprendre le N\u00e9erlandais. Livre + CD Audio + Fichiers mp3.\"><img decoding=\"async\" class=\"eStore-product-fancy2-thumb-image\" src=\"https:\/\/www.culturalusa.com\/news\/wp-content\/uploads\/2019\/02\/neerlandais-livre-cdaudio-cdmp3.jpg\" alt=\"Apprendre le N\u00e9erlandais. Livre + CD Audio + Fichiers mp3.\" \/><\/a><\/div><div class=\"eStore-product-description\"><div class=\"eStore-fancy2-product-name\"><a href=\"https:\/\/www.culturalusa.com\/news\/boutique\/apprendre-le-neerlandais\/\">Apprendre le N\u00e9erlandais. Livre + CD Audio + Fichiers mp3.<\/a><\/div>Apprendre le N\u00e9erlandais. Super Pack : Livre + CD Audio + Fichiers mp3 en t\u00e9l\u00e9chargement .<br>Le n\u00e9erlandais est une langue assez facile, il est tr\u00e8s proche de l\u2019allemand et a de nombreux traits communs avec l\u2019anglais. Concernant le vocabulaire, il a laiss\u00e9 au fran\u00e7ais (et \u00e0 d\u2019autres langues) un lexique important.<br> Livre + CD Audio + Fichiers mp3 en t\u00e9l\u00e9chargement. \r\n<\/div><\/div><div class=\"eStore-product-fancy2-footer eStore-fancy-wrapper\"><div class=\"footer-left\"><div class=\"footer-left-content\"><form method=\"post\" action=\"\" class=\"eStore-button-form eStore-button-form-6\" style=\"display:inline\" onsubmit=\"return ReadForm1(this, 1);\"><input type=\"image\" src=\"https:\/\/www.culturalusa.com\/news\/wp-content\/plugins\/wp-cart-for-digital-products\/images\/add-to-cart-golden-with-cart-icon.png\" class=\"eStore_button eStore_add_to_cart_button\" alt=\"Add to Cart\" \/> <input type=\"hidden\" name=\"add_qty\" value=\"1\" \/>  <div class=\"eStore_variation_top\"><\/div><input type=\"hidden\" name=\"thumbnail_url\" value=\"https:\/\/www.culturalusa.com\/news\/wp-content\/uploads\/2019\/02\/neerlandais-livre-cdaudio-cdmp3.jpg\" \/><input type=\"hidden\" name=\"estore_product_name\" value=\"Apprendre le N\u00e9erlandais. Livre + CD Audio + Fichiers mp3.\" \/><input type=\"hidden\" name=\"price\" value=\"65.90\" \/><input type=\"hidden\" name=\"product_name_tmp1\" value=\"Apprendre le N\u00e9erlandais. Livre + CD Audio + Fichiers mp3.\" \/><input type=\"hidden\" name=\"price_tmp1\" value=\"65.90\" \/><input type=\"hidden\" name=\"item_number\" value=\"6\" \/><input type=\"hidden\" name=\"shipping\" value=\"5.00\" \/><input type=\"hidden\" name=\"tax\" value=\"\" \/><input type=\"hidden\" name=\"addcart_eStore\" value=\"1\" \/><input type=\"hidden\" name=\"cartLink\" value=\"https:\/\/www.culturalusa.com\/news\/boutique\/apprendre-le-neerlandais\/\" \/><\/form><div class=\"eStore_item_added_msg eStore_item_added_msg-6\"><\/div><\/div><\/div><div class=\"footer-right\"><span class=\"eStore_fancy2_price\"><span class=\"eStore_price_label\">Prix: <\/span><span class=\"eStore_price_value\">65.90\u20ac<\/span><\/span><\/div><\/div><div class=\"eStore-clear-float\"><\/div>\n<p style=\"text-align: right;\"><img decoding=\"async\" src=\"https:\/\/www.culturalusa.com\/images\/paiement-paypal.jpg\" alt=\"Paiement S\u00e9curis\u00e9 avec Paypal\" \/><\/p>\n<p><a title=\"Apprendre les Langues\" href=\"https:\/\/www.culturalusa.com\/news\/boutique\/apprendre-les-langues-etrangeres\/\"><img decoding=\"async\" class=\"aligncenter size-full wp-image-4667\" src=\"https:\/\/www.culturalusa.com\/news\/wp-content\/uploads\/2019\/02\/languages2.jpg\" alt=\"\" width=\"100%\" srcset=\"https:\/\/www.culturalusa.com\/news\/wp-content\/uploads\/2019\/02\/languages2.jpg 650w, https:\/\/www.culturalusa.com\/news\/wp-content\/uploads\/2019\/02\/languages2-275x118.jpg 275w, https:\/\/www.culturalusa.com\/news\/wp-content\/uploads\/2019\/02\/languages2-480x207.jpg 480w\" sizes=\"(max-width: 650px) 100vw, 650px\" \/><\/a><br \/>\n<strong>Nous estimons, que cette <a href=\"https:\/\/www.culturalusa.com\/news\/boutique\/apprendre-les-langues-etrangeres\/\">m\u00e9thode d\u2019apprentissage des langues<\/a> que nous vous proposons, est une des meilleures au monde, pour ne pas dire la meilleure au monde.<\/strong><\/p>\n<div style=\"color: #222; background-color: #d9f47f; margin-top: 0px; margin-bottom: 25px; padding: 5px; box-shadow: 1px 1px 2px #333333; border-radius: 6px;\"><img decoding=\"async\" style=\"float: left; margin-right: 5px;\" src=\"https:\/\/www.culturalusa.com\/images\/icon-info-32.png\" alt=\"lien\" \/><strong>Apprenez les langues<\/strong>: <a href=\"https:\/\/www.culturalusa.com\/news\/boutique\/apprendre-les-langues-etrangeres\/apprendre-le-portugais\/\"><strong>Portugais<\/strong><\/a> &#8211; <a href=\"https:\/\/www.culturalusa.com\/news\/boutique\/apprendre-les-langues-etrangeres\/apprendre-lespagnol\/\"><strong>Espagnol<\/strong><\/a> &#8211; <a href=\"https:\/\/www.culturalusa.com\/news\/boutique\/apprendre-les-langues-etrangeres\/apprendre-langlais\/\"><strong>Anglais<\/strong><\/a> &#8211; <a href=\"https:\/\/www.culturalusa.com\/news\/boutique\/apprendre-les-langues-etrangeres\/apprendre-litalien\/\"><strong>Italien<\/strong><\/a> &#8211; <a href=\"https:\/\/www.culturalusa.com\/news\/boutique\/apprendre-les-langues-etrangeres\/apprendre-lallemand\/\"><strong>Allemand<\/strong><\/a> &#8211; <a href=\"https:\/\/www.culturalusa.com\/news\/boutique\/apprendre-le-neerlandais\/\"><strong>N\u00e9erlandais<\/strong><\/a> &#8211; <a href=\"https:\/\/www.culturalusa.com\/news\/boutique\/apprendre-le-russe\/\"><strong>Russe<\/strong><\/a> &#8211; <a href=\"https:\/\/www.culturalusa.com\/news\/boutique\/apprendre-le-chinois\/\"><strong>Chinois<\/strong><\/a> &#8211; <a href=\"https:\/\/www.culturalusa.com\/news\/boutique\/apprendre-le-grec\/\"><strong>Grec<\/strong><\/a> &#8211; <a href=\"https:\/\/www.culturalusa.com\/news\/boutique\/apprendre-le-norvegien\/\"><strong>Norv\u00e9gien<\/strong><\/a> &#8211; <a href=\"https:\/\/www.culturalusa.com\/news\/boutique\/apprendre-le-suedois\/\"><strong>Su\u00e9dois<\/strong><\/a> &#8211; <a href=\"https:\/\/www.culturalusa.com\/news\/boutique\/apprendre-le-danois\/\"><strong>Danois<\/strong><\/a><\/div>\n<h4 style=\"text-align: center; background: #cd1713 none repeat scroll 0 0; color: #fff; margin: 25px 5px 10px; padding: 3px 7px;\">Advertisement &#8211; Annonces<\/h4>\n<p><a title=\"Montres pour Homme &amp; Femme\" href=\"https:\/\/123boutique.eu\/\"><img decoding=\"async\" class=\"aligncenter\" style=\"width: 100%;\" src=\"https:\/\/www.culturalusa.com\/news\/wp-content\/uploads\/2021\/10\/montres-homme-femme-2.jpg\" alt=\"\" \/><\/a><a style=\"font-size: 20px;\" title=\"Montres pour Homme et Femme\" href=\"https:\/\/123boutique.eu\/\">Montres pour Homme et Femme \u00bb <\/a><\/p>\n<hr \/>\n<p style=\"text-align: center;\"><a title=\"Cr\u00e9ation de site internet cl\u00e9s en mains\" href=\"https:\/\/www.web-serveur.eu\/creation-site-web.html\" target=\"_blank\" rel=\"noopener noreferrer\"><img decoding=\"async\" style=\"box-shadow: 1px 1px 4px #222222; border-radius: 5px;\" src=\"https:\/\/www.culturalusa.com\/images\/web-design-470.jpg\" alt=\"webdesign\" width=\"98%\" border=\"0\" \/><\/a><\/p>\n<hr \/>\n<p><a title=\"M\u00e9decins du Monde\" href=\"https:\/\/www.medecinsdumonde.org\/fr\" target=\"_blank\" rel=\"noopener noreferrer\"><img loading=\"lazy\" decoding=\"async\" class=\"alignright size-full wp-image-4510\" src=\"https:\/\/www.culturalusa.com\/news\/wp-content\/uploads\/2019\/02\/medecinsdumonde-1.jpg\" alt=\"\" width=\"160\" height=\"160\" srcset=\"https:\/\/www.culturalusa.com\/news\/wp-content\/uploads\/2019\/02\/medecinsdumonde-1-150x150.jpg 150w, https:\/\/www.culturalusa.com\/news\/wp-content\/uploads\/2019\/02\/medecinsdumonde-1-50x50.jpg 50w, https:\/\/www.culturalusa.com\/news\/wp-content\/uploads\/2019\/02\/medecinsdumonde-1-144x144.jpg 144w\" sizes=\"auto, (max-width: 160px) 100vw, 160px\" \/><\/a><br \/>\n<a href=\"https:\/\/www.medecinsdumonde.org\/fr\" target=\"_blank\" rel=\"noopener noreferrer\">M\u00e9decins du Monde<\/a> est un mouvement international ind\u00e9pendant de militants actifs qui soignent, t\u00e9moignent et accompagnent le changement social.<\/p>\n<p>\u00c0 partir de nos 388 programmes m\u00e9dicaux innovants et d\u2019un plaidoyer bas\u00e9 sur des faits, nous mettons les personnes exclues et leurs communaut\u00e9s en capacit\u00e9 d\u2019acc\u00e9der \u00e0 la sant\u00e9 tout en se battant pour un acc\u00e8s universel aux soins.\u200b<\/p>\n<hr \/>\n<\/div>\n","protected":false},"excerpt":{"rendered":"<p>Apprenez le N\u00e9erlandais Super Pack : Livre + CD Audio + Fichiers mp3 en t\u00e9l\u00e9chargement Niveau : D\u00e9butants et Faux-d\u00e9butants Niveau Cadre Europ\u00e9en : B2 Langue maternelle: Fran\u00e7ais Langue \u00e9tudi\u00e9e: N\u00e9erlandaisLe n\u00e9erlandais est une langue assez facile, il est tr\u00e8s proche de l\u2019allemand et a de nombreux traits communs avec l\u2019anglais. Concernant le vocabulaire, il [&hellip;]<\/p>\n","protected":false},"author":1,"featured_media":0,"parent":550,"menu_order":0,"comment_status":"closed","ping_status":"closed","template":"","meta":{"footnotes":""},"class_list":["post-4640","page","type-page","status-publish","hentry"],"aioseo_notices":[],"_links":{"self":[{"href":"https:\/\/www.culturalusa.com\/news\/wp-json\/wp\/v2\/pages\/4640","targetHints":{"allow":["GET"]}}],"collection":[{"href":"https:\/\/www.culturalusa.com\/news\/wp-json\/wp\/v2\/pages"}],"about":[{"href":"https:\/\/www.culturalusa.com\/news\/wp-json\/wp\/v2\/types\/page"}],"author":[{"embeddable":true,"href":"https:\/\/www.culturalusa.com\/news\/wp-json\/wp\/v2\/users\/1"}],"replies":[{"embeddable":true,"href":"https:\/\/www.culturalusa.com\/news\/wp-json\/wp\/v2\/comments?post=4640"}],"version-history":[{"count":4,"href":"https:\/\/www.culturalusa.com\/news\/wp-json\/wp\/v2\/pages\/4640\/revisions"}],"predecessor-version":[{"id":12244,"href":"https:\/\/www.culturalusa.com\/news\/wp-json\/wp\/v2\/pages\/4640\/revisions\/12244"}],"up":[{"embeddable":true,"href":"https:\/\/www.culturalusa.com\/news\/wp-json\/wp\/v2\/pages\/550"}],"wp:attachment":[{"href":"https:\/\/www.culturalusa.com\/news\/wp-json\/wp\/v2\/media?parent=4640"}],"curies":[{"name":"wp","href":"https:\/\/api.w.org\/{rel}","templated":true}]}}