{"id":4649,"date":"2019-02-15T21:58:27","date_gmt":"2019-02-15T20:58:27","guid":{"rendered":"https:\/\/www.culturalusa.com\/news\/?page_id=4649"},"modified":"2024-01-15T15:26:14","modified_gmt":"2024-01-15T14:26:14","slug":"apprendre-le-russe","status":"publish","type":"page","link":"https:\/\/www.culturalusa.com\/news\/boutique\/apprendre-le-russe\/","title":{"rendered":"Apprendre le Russe"},"content":{"rendered":"<div class=\"box-rev\"><img loading=\"lazy\" decoding=\"async\" class=\"alignright\" src=\"https:\/\/www.culturalusa.com\/news\/wp-content\/uploads\/2019\/02\/russe-livre-cd-mp3.jpg\" alt=\"\" width=\"284\" height=\"404\" \/><br \/>\n<strong>Apprenez le Russe<\/strong><br \/>\n<strong>Pack CD audio : Un livre de 100 le\u00e7ons en 624 pages et 4 CD audio d\u2019une dur\u00e9e de 2 h 50<\/strong><br \/>\nNiveau : D\u00e9butants et Faux-d\u00e9butants<br \/>\nNiveau Cadre Europ\u00e9en : B2<br \/>\nLangue maternelle: Fran\u00e7ais<\/p>\n<p>Langue \u00e9tudi\u00e9e: RusseComme de nombreuses langues slaves, le russe utilise l&rsquo;alphabet cyrillique, \u00e9criture introduite au moment de l&rsquo;\u00e9vang\u00e9lisation de la Russie par les moines M\u00e9thode et Cyrille, d&rsquo;o\u00f9 son nom. Appr\u00e9hender ce nouveau mode d&rsquo;\u00e9criture et cette langue vous ouvrira les portes de la culture russe, dont l&rsquo;influence rayonne indiscutablement sur une grande partie de l&rsquo;Europe de l&rsquo;Est.<\/p>\n<p>Les textes qui servent de base \u00e0 votre apprentissage pr\u00e9sentent le russe tel qu&rsquo;il est parl\u00e9 aujourd&rsquo;hui et vous font d\u00e9couvrir, avec souvent un brin d&rsquo;humour, la vie quotidienne, la litt\u00e9rature, l&rsquo;histoire et les particularit\u00e9s du caract\u00e8re russe.Au fil des 100 le\u00e7ons, vous acquerrez les connaissances pour communiquer au quotidien : correspondre et t\u00e9l\u00e9phoner, vous exprimer, poser des questions, expliquer\u2026 <\/p>\n<p>Ainsi vous saurez vous d\u00e9brouiller avec aisance dans les situations les plus diverses de la vie en Russie.Les enregistrements reprennent l&rsquo;int\u00e9gralit\u00e9 des textes en russe des le\u00e7ons et des exercices de traduction du livre. Ils sont interpr\u00e9t\u00e9s, \u00e0 un rythme progressif, par des locuteurs natifs professionnels.<\/p>\n<p>Le CD MP3 permet de charger tout ou partie des enregistrements de la m\u00e9thode sur votre baladeur MP3, Smartphone ou ordinateur.<\/p>\n<p>Des dialogues vivants et utiles, une progression tr\u00e8s \u00e9tudi\u00e9e et la prononciation gr\u00e2ce \u00e0 l\u2019audio.<\/p>\n<p><strong>Pack CD audio : Un livre de 100 le\u00e7ons en 624 pages et 4 CD audio d\u2019une dur\u00e9e de 2 h 50<br \/>\n<\/strong>Exp\u00e9dition dans les 48 heures.<br \/>\n<div class=\"eStore-product-fancy2\"><div class=\"eStore-thumbnail\"><a href=\"https:\/\/www.culturalusa.com\/news\/boutique\/apprendre-le-russe\/\" title=\"Apprendre le Russe\"><img decoding=\"async\" class=\"eStore-product-fancy2-thumb-image\" src=\"https:\/\/www.culturalusa.com\/news\/wp-content\/uploads\/2019\/02\/russe-livre-cd-mp3.jpg\" alt=\"Apprendre le Russe\" \/><\/a><\/div><div class=\"eStore-product-description\"><div class=\"eStore-fancy2-product-name\"><a href=\"https:\/\/www.culturalusa.com\/news\/boutique\/apprendre-le-russe\/\">Apprendre le Russe<\/a><\/div>Apprendre le Russe. Pack CD audio : Un livre de 100 le\u00e7ons en 624 pages et 4 CD audio d\u2019une dur\u00e9e de 2 h 50<br>Au fil des 100 le\u00e7ons, vous acquerrez les connaissances pour communiquer au quotidien, correspondre et t\u00e9l\u00e9phoner, vous exprimer, poser des questions, expliquer\u2026 Ainsi vous saurez vous d\u00e9brouiller avec aisance dans les situations les plus diverses de la vie en Russie.<\/div><\/div><div class=\"eStore-product-fancy2-footer eStore-fancy-wrapper\"><div class=\"footer-left\"><div class=\"footer-left-content\"><form method=\"post\" action=\"\" class=\"eStore-button-form eStore-button-form-7\" style=\"display:inline\" onsubmit=\"return ReadForm1(this, 1);\"><input type=\"image\" src=\"https:\/\/www.culturalusa.com\/news\/wp-content\/plugins\/wp-cart-for-digital-products\/images\/add-to-cart-golden-with-cart-icon.png\" class=\"eStore_button eStore_add_to_cart_button\" alt=\"Add to Cart\" \/> <input type=\"hidden\" name=\"add_qty\" value=\"1\" \/>  <div class=\"eStore_variation_top\"><\/div><input type=\"hidden\" name=\"thumbnail_url\" value=\"https:\/\/www.culturalusa.com\/news\/wp-content\/uploads\/2019\/02\/russe-livre-cd-mp3.jpg\" \/><input type=\"hidden\" name=\"estore_product_name\" value=\"Apprendre le Russe\" \/><input type=\"hidden\" name=\"price\" value=\"65.90\" \/><input type=\"hidden\" name=\"product_name_tmp1\" value=\"Apprendre le Russe\" \/><input type=\"hidden\" name=\"price_tmp1\" value=\"65.90\" \/><input type=\"hidden\" name=\"item_number\" value=\"7\" \/><input type=\"hidden\" name=\"shipping\" value=\"5.90\" \/><input type=\"hidden\" name=\"tax\" value=\"\" \/><input type=\"hidden\" name=\"addcart_eStore\" value=\"1\" \/><input type=\"hidden\" name=\"cartLink\" value=\"https:\/\/www.culturalusa.com\/news\/boutique\/apprendre-le-russe\/\" \/><\/form><div class=\"eStore_item_added_msg eStore_item_added_msg-7\"><\/div><\/div><\/div><div class=\"footer-right\"><span class=\"eStore_fancy2_price\"><span class=\"eStore_price_label\">Prix: <\/span><span class=\"eStore_price_value\">65.90\u20ac<\/span><\/span><\/div><\/div><div class=\"eStore-clear-float\"><\/div>\n<div class=\"eStore-product-fancy2\"><div class=\"eStore-thumbnail\"><a href=\"https:\/\/www.culturalusa.com\/news\/boutique\/apprendre-le-russe\/\" title=\"Apprendre le Russe.  Pack USB\"><img decoding=\"async\" class=\"eStore-product-fancy2-thumb-image\" src=\"https:\/\/www.culturalusa.com\/news\/wp-content\/uploads\/2019\/02\/russe-livre-cd-mp3.jpg\" alt=\"Apprendre le Russe.  Pack USB\" \/><\/a><\/div><div class=\"eStore-product-description\"><div class=\"eStore-fancy2-product-name\"><a href=\"https:\/\/www.culturalusa.com\/news\/boutique\/apprendre-le-russe\/\">Apprendre le Russe.  Pack USB<\/a><\/div>Apprendre le Russe. Pack USB : Un livre de 100 le\u00e7ons en 624 pages et 1 cl\u00e9 USB (1967 fichiers) <br>Au fil des 100 le\u00e7ons, vous acquerrez les connaissances pour communiquer au quotidien, correspondre et t\u00e9l\u00e9phoner, vous exprimer, poser des questions, expliquer\u2026 Ainsi vous saurez vous d\u00e9brouiller avec aisance dans les situations les plus diverses de la vie en Russie. 1 livre + 1 cl\u00e9 USB (fichiers mp3)<\/div><\/div><div class=\"eStore-product-fancy2-footer eStore-fancy-wrapper\"><div class=\"footer-left\"><div class=\"footer-left-content\"><form method=\"post\" action=\"\" class=\"eStore-button-form eStore-button-form-47\" style=\"display:inline\" onsubmit=\"return ReadForm1(this, 1);\"><input type=\"image\" src=\"https:\/\/www.culturalusa.com\/news\/wp-content\/plugins\/wp-cart-for-digital-products\/images\/add-to-cart-golden-with-cart-icon.png\" class=\"eStore_button eStore_add_to_cart_button\" alt=\"Add to Cart\" \/> <input type=\"hidden\" name=\"add_qty\" value=\"1\" \/>  <div class=\"eStore_variation_top\"><\/div><input type=\"hidden\" name=\"thumbnail_url\" value=\"https:\/\/www.culturalusa.com\/news\/wp-content\/uploads\/2019\/02\/russe-livre-cd-mp3.jpg\" \/><input type=\"hidden\" name=\"estore_product_name\" value=\"Apprendre le Russe.  Pack USB\" \/><input type=\"hidden\" name=\"price\" value=\"69.90\" \/><input type=\"hidden\" name=\"product_name_tmp1\" value=\"Apprendre le Russe.  Pack USB\" \/><input type=\"hidden\" name=\"price_tmp1\" value=\"69.90\" \/><input type=\"hidden\" name=\"item_number\" value=\"47\" \/><input type=\"hidden\" name=\"shipping\" value=\"5.50\" \/><input type=\"hidden\" name=\"tax\" value=\"\" \/><input type=\"hidden\" name=\"addcart_eStore\" value=\"1\" \/><input type=\"hidden\" name=\"cartLink\" value=\"https:\/\/www.culturalusa.com\/news\/boutique\/apprendre-le-russe\/\" \/><\/form><div class=\"eStore_item_added_msg eStore_item_added_msg-47\"><\/div><\/div><\/div><div class=\"footer-right\"><span class=\"eStore_fancy2_price\"><span class=\"eStore_price_label\">Prix: <\/span><span class=\"eStore_price_value\">69.90\u20ac<\/span><\/span><\/div><\/div><div class=\"eStore-clear-float\"><\/div>\n<p style=\"text-align: right;\"><img decoding=\"async\" src=\"https:\/\/www.culturalusa.com\/images\/paiement-paypal.jpg\" alt=\"Paiement S\u00e9curis\u00e9 avec Paypal\" \/><\/p>\n<p><a title=\"Apprendre les Langues\" href=\"https:\/\/www.culturalusa.com\/news\/boutique\/apprendre-les-langues-etrangeres\/\"><img decoding=\"async\" class=\"aligncenter size-full wp-image-4667\" src=\"https:\/\/www.culturalusa.com\/news\/wp-content\/uploads\/2019\/02\/languages2.jpg\" alt=\"\" width=\"100%\" srcset=\"https:\/\/www.culturalusa.com\/news\/wp-content\/uploads\/2019\/02\/languages2.jpg 650w, https:\/\/www.culturalusa.com\/news\/wp-content\/uploads\/2019\/02\/languages2-275x118.jpg 275w, https:\/\/www.culturalusa.com\/news\/wp-content\/uploads\/2019\/02\/languages2-480x207.jpg 480w\" sizes=\"(max-width: 650px) 100vw, 650px\" \/><\/a><br \/>\n<strong>Nous estimons, que cette <a href=\"https:\/\/www.culturalusa.com\/news\/boutique\/apprendre-les-langues-etrangeres\/\">m\u00e9thode d\u2019apprentissage des langues<\/a> que nous vous proposons, est une des meilleures au monde, pour ne pas dire la meilleure au monde.<\/strong><\/p>\n<div style=\"color: #222; background-color: #d9f47f; margin-top: 0px; margin-bottom: 25px; padding: 5px; box-shadow: 1px 1px 2px #333333; border-radius: 6px;\"><img decoding=\"async\" style=\"float: left; margin-right: 5px;\" src=\"https:\/\/www.culturalusa.com\/images\/icon-info-32.png\" alt=\"lien\" \/><strong>Apprenez les langues<\/strong>: <a href=\"https:\/\/www.culturalusa.com\/news\/boutique\/apprendre-les-langues-etrangeres\/apprendre-le-portugais\/\"><strong>Portugais<\/strong><\/a> &#8211; <a href=\"https:\/\/www.culturalusa.com\/news\/boutique\/apprendre-les-langues-etrangeres\/apprendre-lespagnol\/\"><strong>Espagnol<\/strong><\/a> &#8211; <a href=\"https:\/\/www.culturalusa.com\/news\/boutique\/apprendre-les-langues-etrangeres\/apprendre-langlais\/\"><strong>Anglais<\/strong><\/a> &#8211; <a href=\"https:\/\/www.culturalusa.com\/news\/boutique\/apprendre-les-langues-etrangeres\/apprendre-litalien\/\"><strong>Italien<\/strong><\/a> &#8211; <a href=\"https:\/\/www.culturalusa.com\/news\/boutique\/apprendre-les-langues-etrangeres\/apprendre-lallemand\/\"><strong>Allemand<\/strong><\/a> &#8211; <a href=\"https:\/\/www.culturalusa.com\/news\/boutique\/apprendre-le-neerlandais\/\"><strong>N\u00e9erlandais<\/strong><\/a> &#8211; <a href=\"https:\/\/www.culturalusa.com\/news\/boutique\/apprendre-le-russe\/\"><strong>Russe<\/strong><\/a> &#8211; <a href=\"https:\/\/www.culturalusa.com\/news\/boutique\/apprendre-le-chinois\/\"><strong>Chinois<\/strong><\/a> &#8211; <a href=\"https:\/\/www.culturalusa.com\/news\/boutique\/apprendre-le-grec\/\"><strong>Grec<\/strong><\/a> &#8211; <a href=\"https:\/\/www.culturalusa.com\/news\/boutique\/apprendre-le-norvegien\/\"><strong>Norv\u00e9gien<\/strong><\/a> &#8211; <a href=\"https:\/\/www.culturalusa.com\/news\/boutique\/apprendre-le-suedois\/\"><strong>Su\u00e9dois<\/strong><\/a> &#8211; <a href=\"https:\/\/www.culturalusa.com\/news\/boutique\/apprendre-le-danois\/\"><strong>Danois<\/strong><\/a><\/div>\n<h4 style=\"text-align: center; background: #cd1713 none repeat scroll 0 0; color: #fff; margin: 20px 5px 10px; padding: 3px 7px;\">Advertisement &#8211; Annonces<\/h4>\n<p><script async src=\"\/\/pagead2.googlesyndication.com\/pagead\/js\/adsbygoogle.js\"><\/script><br \/>\n<ins class=\"adsbygoogle\" style=\"display: block; text-align: center;\" data-ad-layout=\"in-article\" data-ad-format=\"fluid\" data-ad-client=\"ca-pub-2727717456356200\" data-ad-slot=\"6622935982\"><\/ins><br \/>\n<script>\n     (adsbygoogle = window.adsbygoogle || []).push({});\n<\/script><\/p>\n<\/div>\n","protected":false},"excerpt":{"rendered":"<p>Apprenez le Russe Pack CD audio : Un livre de 100 le\u00e7ons en 624 pages et 4 CD audio d\u2019une dur\u00e9e de 2 h 50 Niveau : D\u00e9butants et Faux-d\u00e9butants Niveau Cadre Europ\u00e9en : B2 Langue maternelle: Fran\u00e7ais Langue \u00e9tudi\u00e9e: RusseComme de nombreuses langues slaves, le russe utilise l&rsquo;alphabet cyrillique, \u00e9criture introduite au moment de [&hellip;]<\/p>\n","protected":false},"author":1,"featured_media":0,"parent":550,"menu_order":0,"comment_status":"closed","ping_status":"closed","template":"","meta":{"footnotes":""},"class_list":["post-4649","page","type-page","status-publish","hentry"],"aioseo_notices":[],"_links":{"self":[{"href":"https:\/\/www.culturalusa.com\/news\/wp-json\/wp\/v2\/pages\/4649","targetHints":{"allow":["GET"]}}],"collection":[{"href":"https:\/\/www.culturalusa.com\/news\/wp-json\/wp\/v2\/pages"}],"about":[{"href":"https:\/\/www.culturalusa.com\/news\/wp-json\/wp\/v2\/types\/page"}],"author":[{"embeddable":true,"href":"https:\/\/www.culturalusa.com\/news\/wp-json\/wp\/v2\/users\/1"}],"replies":[{"embeddable":true,"href":"https:\/\/www.culturalusa.com\/news\/wp-json\/wp\/v2\/comments?post=4649"}],"version-history":[{"count":7,"href":"https:\/\/www.culturalusa.com\/news\/wp-json\/wp\/v2\/pages\/4649\/revisions"}],"predecessor-version":[{"id":12267,"href":"https:\/\/www.culturalusa.com\/news\/wp-json\/wp\/v2\/pages\/4649\/revisions\/12267"}],"up":[{"embeddable":true,"href":"https:\/\/www.culturalusa.com\/news\/wp-json\/wp\/v2\/pages\/550"}],"wp:attachment":[{"href":"https:\/\/www.culturalusa.com\/news\/wp-json\/wp\/v2\/media?parent=4649"}],"curies":[{"name":"wp","href":"https:\/\/api.w.org\/{rel}","templated":true}]}}