{"id":4688,"date":"2019-02-17T16:10:56","date_gmt":"2019-02-17T15:10:56","guid":{"rendered":"https:\/\/www.culturalusa.com\/news\/?page_id=4688"},"modified":"2024-01-15T15:41:07","modified_gmt":"2024-01-15T14:41:07","slug":"apprendre-le-chinois","status":"publish","type":"page","link":"https:\/\/www.culturalusa.com\/news\/boutique\/apprendre-le-chinois\/","title":{"rendered":"Apprendre le Chinois"},"content":{"rendered":"<div class=\"box-rev\">\n<img loading=\"lazy\" decoding=\"async\" class=\"alignright wp-image-4689\" src=\"https:\/\/www.culturalusa.com\/news\/wp-content\/uploads\/2019\/02\/chinois-livre-cd-mp3.jpg\" alt=\"\" width=\"288\" height=\"413\" srcset=\"https:\/\/www.culturalusa.com\/news\/wp-content\/uploads\/2019\/02\/chinois-livre-cd-mp3.jpg 223w, https:\/\/www.culturalusa.com\/news\/wp-content\/uploads\/2019\/02\/chinois-livre-cd-mp3-174x250.jpg 174w\" sizes=\"auto, (max-width: 288px) 100vw, 288px\" \/><br \/>\n<strong>Apprenez le Chinois<\/strong><br \/>\n<strong>Superpack t\u00e9l\u00e9chargement : Un livre de 100 le\u00e7ons en 744 pages, 3 CD audio et 1 t\u00e9l\u00e9chargement audio d&rsquo;une dur\u00e9e de 3 h 10.<\/strong><br \/>\nNiveau : D\u00e9butants et Faux-d\u00e9butants<br \/>\nNiveau Cadre Europ\u00e9en : B2<\/p>\n<p>Langue maternelle: Fran\u00e7ais<br \/>\nLangue \u00e9tudi\u00e9e: ChinoisLe chinois est la langue des Han, \u6c49\u8bed h\u00e0ny\u01d4, ou langue commune, \u666e\u901a\u8bdd p\u01d4t\u014dnghu\u00e0. <\/p>\n<p>En effet, tout enfant de la R\u00e9publique populaire de Chine l\u2019apprend \u00e0 l\u2019\u00e9cole et quel que soit le dialecte familial ou local qu\u2019il parle au quotidien.Cette langue commune, vous permettra de communiquer jusqu\u2019au fin fond de la Chine.Le chinois fait partie du groupe sino-tib\u00e9tain, que vous soyez francophone ou anglo-germano-hispano-lusophone&#8230; votre langue maternelle appartient \u00e0 la vaste n\u00e9buleuse indo-europ\u00e9enne.<\/p>\n<p>Et si vous \u00eates n\u00e9(e) hors de ce m\u00e9ga-groupe, ce sera pareil : en abordant l\u2019\u00e9tude du chinois, vous changez de n\u00e9buleuse, de groupe, d\u2019\u00e9criture, de sons, de tons et de tout un peu. Il faut rester \u00ab\u00a0cool\u00a0\u00bb, ceux qui se sont aventur\u00e9s avant vous sont arriv\u00e9s \u00e0 bon port et fiers de parler le chinois.<\/p>\n<p>Les enregistrements reprennent l&rsquo;int\u00e9gralit\u00e9 des textes en chinois des le\u00e7ons et des exercices de traduction du livre, ils sont interpr\u00e9t\u00e9s \u00e0 un rythme progressif, par des locuteurs natifs professionnels.<\/p>\n<p>Le CD MP3 permet de charger tout ou partie des enregistrements de la m\u00e9thode sur votre baladeur MP3, Smartphone ou ordinateur.<\/p>\n<p><strong>Superpack t\u00e9l\u00e9chargement : Un livre de 100 le\u00e7ons en 744 pages, 3 CD audio et 1 t\u00e9l\u00e9chargement audio d&rsquo;une dur\u00e9e de 3 h 10.<br \/>\n<\/strong>Exp\u00e9dition dans les 48 heures.<br \/>\n<div class=\"eStore-product-fancy2\"><div class=\"eStore-thumbnail\"><a href=\"https:\/\/www.culturalusa.com\/news\/boutique\/apprendre-le-chinois\/\" title=\"Apprendre le Chinois\"><img decoding=\"async\" class=\"eStore-product-fancy2-thumb-image\" src=\"https:\/\/www.culturalusa.com\/news\/wp-content\/uploads\/2019\/02\/chinois-livre-cd-mp3.jpg\" alt=\"Apprendre le Chinois\" \/><\/a><\/div><div class=\"eStore-product-description\"><div class=\"eStore-fancy2-product-name\"><a href=\"https:\/\/www.culturalusa.com\/news\/boutique\/apprendre-le-chinois\/\">Apprendre le Chinois<\/a><\/div>Apprendre le Chinois. Superpack t\u00e9l\u00e9chargement : Un livre de 100 le\u00e7ons en 744 pages, 3 CD audio et 1 t\u00e9l\u00e9chargement audio d'une dur\u00e9e de 3 h 10..<br>Le chinois est la langue des Han, \u6c49\u8bed h\u00e0ny\u01d4, ou langue commune, \u666e\u901a\u8bdd p\u01d4t\u014dnghu\u00e0. En effet, tout enfant de la R\u00e9publique populaire de Chine l\u2019apprend \u00e0 l\u2019\u00e9cole et quel que soit le dialecte familial ou local qu\u2019il parle au quotidien.<br>1 livre + 3 CD audio + fichiers mp3 en t\u00e9l\u00e9chargement.<\/div><\/div><div class=\"eStore-product-fancy2-footer eStore-fancy-wrapper\"><div class=\"footer-left\"><div class=\"footer-left-content\"><form method=\"post\" action=\"\" class=\"eStore-button-form eStore-button-form-8\" style=\"display:inline\" onsubmit=\"return ReadForm1(this, 1);\"><input type=\"image\" src=\"https:\/\/www.culturalusa.com\/news\/wp-content\/plugins\/wp-cart-for-digital-products\/images\/add-to-cart-golden-with-cart-icon.png\" class=\"eStore_button eStore_add_to_cart_button\" alt=\"Add to Cart\" \/> <input type=\"hidden\" name=\"add_qty\" value=\"1\" \/>  <div class=\"eStore_variation_top\"><\/div><input type=\"hidden\" name=\"thumbnail_url\" value=\"https:\/\/www.culturalusa.com\/news\/wp-content\/uploads\/2019\/02\/chinois-livre-cd-mp3.jpg\" \/><input type=\"hidden\" name=\"estore_product_name\" value=\"Apprendre le Chinois\" \/><input type=\"hidden\" name=\"price\" value=\"65.90\" \/><input type=\"hidden\" name=\"product_name_tmp1\" value=\"Apprendre le Chinois\" \/><input type=\"hidden\" name=\"price_tmp1\" value=\"65.90\" \/><input type=\"hidden\" name=\"item_number\" value=\"8\" \/><input type=\"hidden\" name=\"shipping\" value=\"5.50\" \/><input type=\"hidden\" name=\"tax\" value=\"\" \/><input type=\"hidden\" name=\"addcart_eStore\" value=\"1\" \/><input type=\"hidden\" name=\"cartLink\" value=\"https:\/\/www.culturalusa.com\/news\/boutique\/apprendre-le-chinois\/\" \/><\/form><div class=\"eStore_item_added_msg eStore_item_added_msg-8\"><\/div><\/div><\/div><div class=\"footer-right\"><span class=\"eStore_fancy2_price\"><span class=\"eStore_price_label\">Prix: <\/span><span class=\"eStore_price_value\">65.90\u20ac<\/span><\/span><\/div><\/div><div class=\"eStore-clear-float\"><\/div>\n<p style=\"text-align: right;\"><img decoding=\"async\" src=\"https:\/\/www.culturalusa.com\/images\/paiement-paypal.jpg\" alt=\"Paiement S\u00e9curis\u00e9 avec Paypal\" \/><\/p>\n<p><strong>Le Guide de conversation Chinois<\/strong>, ci-dessous, est tr\u00e8s pratique et con\u00e7u avant tout pour les besoins du voyage et les langues les plus parl\u00e9es, cette collection \u00e0 petit prix se veut d\u2019un usage facile et d\u2019une prise en mains rapide.<\/p>\n<p>Chaque guide comprend une initiation \u00e0 la langue avec 21 le\u00e7ons, les phrases et les mots indispensables, ainsi que la prononciation; Le tout regroup\u00e9 en rubriques couvrant toutes les situations du voyage. Le CD MP3 permet de charger tout ou partie des enregistrements de la m\u00e9thode sur votre baladeur MP3, Smartphone ou ordinateur.<br \/>\n<div class=\"eStore-product-fancy2\"><div class=\"eStore-thumbnail\"><a href=\"https:\/\/www.culturalusa.com\/news\/boutique\/langues-guides-de-conversation\/\" title=\"Guide de conversation Chinois\"><img decoding=\"async\" class=\"eStore-product-fancy2-thumb-image\" src=\"https:\/\/www.culturalusa.com\/news\/wp-content\/uploads\/2019\/05\/conversation-chinois.jpg\" alt=\"Guide de conversation Chinois\" \/><\/a><\/div><div class=\"eStore-product-description\"><div class=\"eStore-fancy2-product-name\"><a href=\"https:\/\/www.culturalusa.com\/news\/boutique\/langues-guides-de-conversation\/\">Guide de conversation Chinois<\/a><\/div>Apprenez le Chinois. Kit (Guide + T\u00e9l\u00e9chargement MP3).<br>Ce coffret r\u00e9unit le guide conversation et sa version audio en t\u00e9l\u00e9chargement MP3. Vous pr\u00e9voyez un voyage en Chine, mais n\u2019avez pas le temps d\u2019apprendre le mandarin? Cette m\u00e9thode a con\u00e7u pour vous le compagnon indispensable de votre s\u00e9jour en Chine.<br> Caract\u00e9ristiques : Un guide (Livre) de 160 pages et un t\u00e9l\u00e9chargement audio d\u2019une dur\u00e9e de 3 h 25.<\/div><\/div><div class=\"eStore-product-fancy2-footer eStore-fancy-wrapper\"><div class=\"footer-left\"><div class=\"footer-left-content\"><form method=\"post\" action=\"\" class=\"eStore-button-form eStore-button-form-24\" style=\"display:inline\" onsubmit=\"return ReadForm1(this, 1);\"><input type=\"image\" src=\"https:\/\/www.culturalusa.com\/news\/wp-content\/plugins\/wp-cart-for-digital-products\/images\/add-to-cart-golden-with-cart-icon.png\" class=\"eStore_button eStore_add_to_cart_button\" alt=\"Add to Cart\" \/> <input type=\"hidden\" name=\"add_qty\" value=\"1\" \/>  <div class=\"eStore_variation_top\"><\/div><input type=\"hidden\" name=\"thumbnail_url\" value=\"https:\/\/www.culturalusa.com\/news\/wp-content\/uploads\/2019\/05\/conversation-chinois.jpg\" \/><input type=\"hidden\" name=\"estore_product_name\" value=\"Guide de conversation Chinois\" \/><input type=\"hidden\" name=\"price\" value=\"10.90\" \/><input type=\"hidden\" name=\"product_name_tmp1\" value=\"Guide de conversation Chinois\" \/><input type=\"hidden\" name=\"price_tmp1\" value=\"10.90\" \/><input type=\"hidden\" name=\"item_number\" value=\"24\" \/><input type=\"hidden\" name=\"shipping\" value=\"0.90\" \/><input type=\"hidden\" name=\"tax\" value=\"\" \/><input type=\"hidden\" name=\"addcart_eStore\" value=\"1\" \/><input type=\"hidden\" name=\"cartLink\" value=\"https:\/\/www.culturalusa.com\/news\/boutique\/langues-guides-de-conversation\/\" \/><\/form><div class=\"eStore_item_added_msg eStore_item_added_msg-24\"><\/div><\/div><\/div><div class=\"footer-right\"><span class=\"eStore_fancy2_price\"><span class=\"eStore_price_label\">Prix: <\/span><span class=\"eStore_price_value\">10.90\u20ac<\/span><\/span><\/div><\/div><div class=\"eStore-clear-float\"><\/div>\n<a title=\"Apprendre les Langues\" href=\"https:\/\/www.culturalusa.com\/news\/boutique\/apprendre-les-langues-etrangeres\/\"><img decoding=\"async\" class=\"aligncenter size-full wp-image-4667\" src=\"https:\/\/www.culturalusa.com\/news\/wp-content\/uploads\/2019\/02\/languages2.jpg\" alt=\"\" width=\"100%\" srcset=\"https:\/\/www.culturalusa.com\/news\/wp-content\/uploads\/2019\/02\/languages2.jpg 650w, https:\/\/www.culturalusa.com\/news\/wp-content\/uploads\/2019\/02\/languages2-275x118.jpg 275w, https:\/\/www.culturalusa.com\/news\/wp-content\/uploads\/2019\/02\/languages2-480x207.jpg 480w\" sizes=\"(max-width: 650px) 100vw, 650px\" \/><\/a><\/p>\n<div style=\"color: #222; background-color: #d9f47f; margin-top: 0px; margin-bottom: 25px; padding: 5px; box-shadow: 1px 1px 2px #333333; border-radius: 6px;\"><img decoding=\"async\" style=\"float: left; margin-right: 5px;\" src=\"https:\/\/www.culturalusa.com\/images\/icon-info-32.png\" alt=\"lien\" \/><strong>Apprenez les langues<\/strong>: <a href=\"https:\/\/www.culturalusa.com\/news\/boutique\/apprendre-les-langues-etrangeres\/apprendre-le-portugais\/\"><strong>Portugais<\/strong><\/a> &#8211; <a href=\"https:\/\/www.culturalusa.com\/news\/boutique\/apprendre-les-langues-etrangeres\/apprendre-lespagnol\/\"><strong>Espagnol<\/strong><\/a> &#8211; <a href=\"https:\/\/www.culturalusa.com\/news\/boutique\/apprendre-les-langues-etrangeres\/apprendre-langlais\/\"><strong>Anglais<\/strong><\/a> &#8211; <a href=\"https:\/\/www.culturalusa.com\/news\/boutique\/apprendre-les-langues-etrangeres\/apprendre-litalien\/\"><strong>Italien<\/strong><\/a> &#8211; <a href=\"https:\/\/www.culturalusa.com\/news\/boutique\/apprendre-les-langues-etrangeres\/apprendre-lallemand\/\"><strong>Allemand<\/strong><\/a> &#8211; <a href=\"https:\/\/www.culturalusa.com\/news\/boutique\/apprendre-le-neerlandais\/\"><strong>N\u00e9erlandais<\/strong><\/a> &#8211; <a href=\"https:\/\/www.culturalusa.com\/news\/boutique\/apprendre-le-russe\/\"><strong>Russe<\/strong><\/a> &#8211; <a href=\"https:\/\/www.culturalusa.com\/news\/boutique\/apprendre-le-chinois\/\"><strong>Chinois<\/strong><\/a> &#8211; <a href=\"https:\/\/www.culturalusa.com\/news\/boutique\/apprendre-le-grec\/\"><strong>Grec<\/strong><\/a> &#8211; <a href=\"https:\/\/www.culturalusa.com\/news\/boutique\/apprendre-le-norvegien\/\"><strong>Norv\u00e9gien<\/strong><\/a> &#8211; <a href=\"https:\/\/www.culturalusa.com\/news\/boutique\/apprendre-le-suedois\/\"><strong>Su\u00e9dois<\/strong><\/a> &#8211; <a href=\"https:\/\/www.culturalusa.com\/news\/boutique\/apprendre-le-danois\/\"><strong>Danois<\/strong><\/a><\/div>\n<h4 style=\"text-align: center; background: #cd1713 none repeat scroll 0 0; color: #fff; margin: 20px 5px 10px; padding: 3px 7px;\">Advertisement &#8211; Annonces<\/h4>\n<p><script async src=\"\/\/pagead2.googlesyndication.com\/pagead\/js\/adsbygoogle.js\"><\/script><br \/>\n<ins class=\"adsbygoogle\" style=\"display: block; text-align: center;\" data-ad-layout=\"in-article\" data-ad-format=\"fluid\" data-ad-client=\"ca-pub-2727717456356200\" data-ad-slot=\"6622935982\"><\/ins><br \/>\n<script>\n     (adsbygoogle = window.adsbygoogle || []).push({});\n<\/script><\/p>\n<\/div>\n","protected":false},"excerpt":{"rendered":"<p>Apprenez le Chinois Superpack t\u00e9l\u00e9chargement : Un livre de 100 le\u00e7ons en 744 pages, 3 CD audio et 1 t\u00e9l\u00e9chargement audio d&rsquo;une dur\u00e9e de 3 h 10. Niveau : D\u00e9butants et Faux-d\u00e9butants Niveau Cadre Europ\u00e9en : B2 Langue maternelle: Fran\u00e7ais Langue \u00e9tudi\u00e9e: ChinoisLe chinois est la langue des Han, \u6c49\u8bed h\u00e0ny\u01d4, ou langue commune, \u666e\u901a\u8bdd [&hellip;]<\/p>\n","protected":false},"author":1,"featured_media":0,"parent":550,"menu_order":0,"comment_status":"closed","ping_status":"closed","template":"","meta":{"footnotes":""},"class_list":["post-4688","page","type-page","status-publish","hentry"],"aioseo_notices":[],"_links":{"self":[{"href":"https:\/\/www.culturalusa.com\/news\/wp-json\/wp\/v2\/pages\/4688","targetHints":{"allow":["GET"]}}],"collection":[{"href":"https:\/\/www.culturalusa.com\/news\/wp-json\/wp\/v2\/pages"}],"about":[{"href":"https:\/\/www.culturalusa.com\/news\/wp-json\/wp\/v2\/types\/page"}],"author":[{"embeddable":true,"href":"https:\/\/www.culturalusa.com\/news\/wp-json\/wp\/v2\/users\/1"}],"replies":[{"embeddable":true,"href":"https:\/\/www.culturalusa.com\/news\/wp-json\/wp\/v2\/comments?post=4688"}],"version-history":[{"count":4,"href":"https:\/\/www.culturalusa.com\/news\/wp-json\/wp\/v2\/pages\/4688\/revisions"}],"predecessor-version":[{"id":12271,"href":"https:\/\/www.culturalusa.com\/news\/wp-json\/wp\/v2\/pages\/4688\/revisions\/12271"}],"up":[{"embeddable":true,"href":"https:\/\/www.culturalusa.com\/news\/wp-json\/wp\/v2\/pages\/550"}],"wp:attachment":[{"href":"https:\/\/www.culturalusa.com\/news\/wp-json\/wp\/v2\/media?parent=4688"}],"curies":[{"name":"wp","href":"https:\/\/api.w.org\/{rel}","templated":true}]}}