{"id":4696,"date":"2019-02-17T16:47:10","date_gmt":"2019-02-17T15:47:10","guid":{"rendered":"https:\/\/www.culturalusa.com\/news\/?page_id=4696"},"modified":"2024-01-15T16:19:20","modified_gmt":"2024-01-15T15:19:20","slug":"apprendre-le-grec","status":"publish","type":"page","link":"https:\/\/www.culturalusa.com\/news\/boutique\/apprendre-le-grec\/","title":{"rendered":"Apprendre le Grec"},"content":{"rendered":"<div class=\"box-rev\"><img loading=\"lazy\" decoding=\"async\" class=\"alignright size-full wp-image-4697\" src=\"https:\/\/www.culturalusa.com\/news\/wp-content\/uploads\/2019\/02\/grec-super-pack.jpg\" alt=\"\" width=\"222\" height=\"320\" srcset=\"https:\/\/www.culturalusa.com\/news\/wp-content\/uploads\/2019\/02\/grec-super-pack.jpg 222w, https:\/\/www.culturalusa.com\/news\/wp-content\/uploads\/2019\/02\/grec-super-pack-173x250.jpg 173w\" sizes=\"auto, (max-width: 222px) 100vw, 222px\" \/><br \/>\n<strong>Apprenez le GREC<\/strong><br \/>\n<strong>Superpack t\u00e9l\u00e9chargement : Un livre de 99 le\u00e7ons en 624 pages, 3 CD audio et 1 t\u00e9l\u00e9chargement audio (1.961 fichiers) d&rsquo;une dur\u00e9e de 2h5.<\/strong><br \/>\nNiveau : D\u00e9butants et Faux-d\u00e9butants<br \/>\nNiveau Cadre Europ\u00e9en : B2<br \/>\nLangue maternelle: Fran\u00e7ais<br \/>\nLangue \u00e9tudi\u00e9e: Grec<\/p>\n<p>D\u00e9couvrez cette \u00e9dition de notre m\u00e9thode de grec, en l\u00e0 suivant attentivement et r\u00e9guli\u00e8rement, vous allez apprendre en quelques mois le vocabulaire de la langue courante, ainsi que les r\u00e8gles fondamentales de la grammaire.Tr\u00e8s rapidement, cette belle langue vous semblera famili\u00e8re, gr\u00e2ce \u00e0 la centaine de dialogues tir\u00e9s de la vie quotidienne que nous vous pr\u00e9sentons dans cet ouvrage.Les enregistrements reprennent l&rsquo;int\u00e9gralit\u00e9 des textes en grec des le\u00e7ons et des exercices de traduction du livre, ils sont interpr\u00e9t\u00e9s par des locuteurs natifs professionnels.<\/p>\n<p>Des dialogues vivants et utiles, une progression tr\u00e8s \u00e9tudi\u00e9e et la prononciation gr\u00e2ce \u00e0 l\u2019audio.<\/p>\n<p>La cl\u00e9 USB permet de charger tout ou partie des enregistrements sur votre lecteur MP3.<\/p>\n<p><strong>Superpack t\u00e9l\u00e9chargement : Un livre de 99 le\u00e7ons en 624 pages, 3 CD audio et 1 t\u00e9l\u00e9chargement audio (1.961 fichiers) d&rsquo;une dur\u00e9e de 2h45.<\/strong><br \/>\n<div class=\"eStore-product-fancy2\"><div class=\"eStore-thumbnail\"><a href=\"https:\/\/www.culturalusa.com\/news\/boutique\/apprendre-le-grec\/\" title=\"Apprendre le Grec\"><img decoding=\"async\" class=\"eStore-product-fancy2-thumb-image\" src=\"https:\/\/www.culturalusa.com\/news\/wp-content\/uploads\/2019\/02\/grec-super-pack.jpg\" alt=\"Apprendre le Grec\" \/><\/a><\/div><div class=\"eStore-product-description\"><div class=\"eStore-fancy2-product-name\"><a href=\"https:\/\/www.culturalusa.com\/news\/boutique\/apprendre-le-grec\/\">Apprendre le Grec<\/a><\/div>Apprendre le Grec. Superpack t\u00e9l\u00e9chargement : Un livre de 99 le\u00e7ons en 624 pages, 3 CD audio et 1 t\u00e9l\u00e9chargement audio (1.961 fichiers) d'une dur\u00e9e de 2 h 45. <br>Tr\u00e8s rapidement, cette belle langue vous semblera famili\u00e8re, gr\u00e2ce \u00e0 la centaine de dialogues tir\u00e9s de la vie quotidienne que nous vous pr\u00e9sentons dans cet ouvrage. Les enregistrements reprennent l\u2019int\u00e9gralit\u00e9 des textes en grec des le\u00e7ons et des exercices de traduction du livre.<\/div><\/div><div class=\"eStore-product-fancy2-footer eStore-fancy-wrapper\"><div class=\"footer-left\"><div class=\"footer-left-content\"><form method=\"post\" action=\"\" class=\"eStore-button-form eStore-button-form-9\" style=\"display:inline\" onsubmit=\"return ReadForm1(this, 1);\"><input type=\"image\" src=\"https:\/\/www.culturalusa.com\/news\/wp-content\/plugins\/wp-cart-for-digital-products\/images\/add-to-cart-golden-with-cart-icon.png\" class=\"eStore_button eStore_add_to_cart_button\" alt=\"Add to Cart\" \/> <input type=\"hidden\" name=\"add_qty\" value=\"1\" \/>  <div class=\"eStore_variation_top\"><\/div><input type=\"hidden\" name=\"thumbnail_url\" value=\"https:\/\/www.culturalusa.com\/news\/wp-content\/uploads\/2019\/02\/grec-super-pack.jpg\" \/><input type=\"hidden\" name=\"estore_product_name\" value=\"Apprendre le Grec\" \/><input type=\"hidden\" name=\"price\" value=\"65.90\" \/><input type=\"hidden\" name=\"product_name_tmp1\" value=\"Apprendre le Grec\" \/><input type=\"hidden\" name=\"price_tmp1\" value=\"65.90\" \/><input type=\"hidden\" name=\"item_number\" value=\"9\" \/><input type=\"hidden\" name=\"shipping\" value=\"5.50\" \/><input type=\"hidden\" name=\"tax\" value=\"\" \/><input type=\"hidden\" name=\"addcart_eStore\" value=\"1\" \/><input type=\"hidden\" name=\"cartLink\" value=\"https:\/\/www.culturalusa.com\/news\/boutique\/apprendre-le-grec\/\" \/><\/form><div class=\"eStore_item_added_msg eStore_item_added_msg-9\"><\/div><\/div><\/div><div class=\"footer-right\"><span class=\"eStore_fancy2_price\"><span class=\"eStore_price_label\">Prix: <\/span><span class=\"eStore_price_value\">65.90\u20ac<\/span><\/span><\/div><\/div><div class=\"eStore-clear-float\"><\/div>\n<p style=\"text-align: right;\"><img decoding=\"async\" src=\"https:\/\/www.culturalusa.com\/images\/paiement-paypal.jpg\" alt=\"Paiement S\u00e9curis\u00e9 avec Paypal\" \/><br \/>\n<a title=\"Apprendre les Langues\" href=\"https:\/\/www.culturalusa.com\/news\/boutique\/apprendre-les-langues-etrangeres\/\"><img decoding=\"async\" class=\"aligncenter size-full wp-image-4667\" src=\"https:\/\/www.culturalusa.com\/news\/wp-content\/uploads\/2019\/02\/languages2.jpg\" alt=\"\" width=\"100%\" srcset=\"https:\/\/www.culturalusa.com\/news\/wp-content\/uploads\/2019\/02\/languages2.jpg 650w, https:\/\/www.culturalusa.com\/news\/wp-content\/uploads\/2019\/02\/languages2-275x118.jpg 275w, https:\/\/www.culturalusa.com\/news\/wp-content\/uploads\/2019\/02\/languages2-480x207.jpg 480w\" sizes=\"(max-width: 650px) 100vw, 650px\" \/><\/a><\/p>\n<div style=\"color: #222; background-color: #d9f47f; margin-top: 0px; margin-bottom: 25px; padding: 5px; box-shadow: 1px 1px 2px #333333; border-radius: 6px;\"><img decoding=\"async\" style=\"float: left; margin-right: 5px;\" src=\"https:\/\/www.culturalusa.com\/images\/icon-info-32.png\" alt=\"lien\" \/><strong>Apprenez les langues<\/strong>: <a href=\"https:\/\/www.culturalusa.com\/news\/boutique\/apprendre-les-langues-etrangeres\/apprendre-le-portugais\/\"><strong>Portugais<\/strong><\/a> &#8211; <a href=\"https:\/\/www.culturalusa.com\/news\/boutique\/apprendre-les-langues-etrangeres\/apprendre-lespagnol\/\"><strong>Espagnol<\/strong><\/a> &#8211; <a href=\"https:\/\/www.culturalusa.com\/news\/boutique\/apprendre-les-langues-etrangeres\/apprendre-langlais\/\"><strong>Anglais<\/strong><\/a> &#8211; <a href=\"https:\/\/www.culturalusa.com\/news\/boutique\/apprendre-les-langues-etrangeres\/apprendre-litalien\/\"><strong>Italien<\/strong><\/a> &#8211; <a href=\"https:\/\/www.culturalusa.com\/news\/boutique\/apprendre-les-langues-etrangeres\/apprendre-lallemand\/\"><strong>Allemand<\/strong><\/a> &#8211; <a href=\"https:\/\/www.culturalusa.com\/news\/boutique\/apprendre-le-neerlandais\/\"><strong>N\u00e9erlandais<\/strong><\/a> &#8211; <a href=\"https:\/\/www.culturalusa.com\/news\/boutique\/apprendre-le-russe\/\"><strong>Russe<\/strong><\/a> &#8211; <a href=\"https:\/\/www.culturalusa.com\/news\/boutique\/apprendre-le-chinois\/\"><strong>Chinois<\/strong><\/a> &#8211; <a href=\"https:\/\/www.culturalusa.com\/news\/boutique\/apprendre-le-grec\/\"><strong>Grec<\/strong><\/a> &#8211; <a href=\"https:\/\/www.culturalusa.com\/news\/boutique\/apprendre-le-norvegien\/\"><strong>Norv\u00e9gien<\/strong><\/a> &#8211; <a href=\"https:\/\/www.culturalusa.com\/news\/boutique\/apprendre-le-suedois\/\"><strong>Su\u00e9dois<\/strong><\/a> &#8211; <a href=\"https:\/\/www.culturalusa.com\/news\/boutique\/apprendre-le-danois\/\"><strong>Danois<\/strong><\/a><\/div>\n<\/div>\n","protected":false},"excerpt":{"rendered":"<p>Apprenez le GREC Superpack t\u00e9l\u00e9chargement : Un livre de 99 le\u00e7ons en 624 pages, 3 CD audio et 1 t\u00e9l\u00e9chargement audio (1.961 fichiers) d&rsquo;une dur\u00e9e de 2h5. Niveau : D\u00e9butants et Faux-d\u00e9butants Niveau Cadre Europ\u00e9en : B2 Langue maternelle: Fran\u00e7ais Langue \u00e9tudi\u00e9e: Grec D\u00e9couvrez cette \u00e9dition de notre m\u00e9thode de grec, en l\u00e0 suivant attentivement [&hellip;]<\/p>\n","protected":false},"author":1,"featured_media":0,"parent":550,"menu_order":0,"comment_status":"closed","ping_status":"closed","template":"","meta":{"footnotes":""},"class_list":["post-4696","page","type-page","status-publish","hentry"],"aioseo_notices":[],"_links":{"self":[{"href":"https:\/\/www.culturalusa.com\/news\/wp-json\/wp\/v2\/pages\/4696","targetHints":{"allow":["GET"]}}],"collection":[{"href":"https:\/\/www.culturalusa.com\/news\/wp-json\/wp\/v2\/pages"}],"about":[{"href":"https:\/\/www.culturalusa.com\/news\/wp-json\/wp\/v2\/types\/page"}],"author":[{"embeddable":true,"href":"https:\/\/www.culturalusa.com\/news\/wp-json\/wp\/v2\/users\/1"}],"replies":[{"embeddable":true,"href":"https:\/\/www.culturalusa.com\/news\/wp-json\/wp\/v2\/comments?post=4696"}],"version-history":[{"count":3,"href":"https:\/\/www.culturalusa.com\/news\/wp-json\/wp\/v2\/pages\/4696\/revisions"}],"predecessor-version":[{"id":12274,"href":"https:\/\/www.culturalusa.com\/news\/wp-json\/wp\/v2\/pages\/4696\/revisions\/12274"}],"up":[{"embeddable":true,"href":"https:\/\/www.culturalusa.com\/news\/wp-json\/wp\/v2\/pages\/550"}],"wp:attachment":[{"href":"https:\/\/www.culturalusa.com\/news\/wp-json\/wp\/v2\/media?parent=4696"}],"curies":[{"name":"wp","href":"https:\/\/api.w.org\/{rel}","templated":true}]}}