{"id":4708,"date":"2019-02-17T18:14:03","date_gmt":"2019-02-17T17:14:03","guid":{"rendered":"https:\/\/www.culturalusa.com\/news\/?page_id=4708"},"modified":"2024-01-15T16:38:05","modified_gmt":"2024-01-15T15:38:05","slug":"apprendre-le-norvegien","status":"publish","type":"page","link":"https:\/\/www.culturalusa.com\/news\/boutique\/apprendre-le-norvegien\/","title":{"rendered":"Apprendre le Norv\u00e9gien"},"content":{"rendered":"<p><img loading=\"lazy\" decoding=\"async\" class=\"alignright\" src=\"https:\/\/www.culturalusa.com\/news\/wp-content\/uploads\/2019\/02\/norvegien-.jpg\" alt=\"\" width=\"290\" height=\"420\" \/><br \/>\n<strong>Apprenez le Norv\u00e9gien<\/strong><br \/>\n<strong>Superpack t\u00e9l\u00e9chargement : un livre de 100 le\u00e7ons en 708 pages, 4 CD audio et un T\u00e9l\u00e9chargement mp3 (2017 fichiers)<\/strong><br \/>\nNiveau : D\u00e9butants et Faux-d\u00e9butants<br \/>\nNiveau Cadre Europ\u00e9en : B2<br \/>\nLangue maternelle: Fran\u00e7ais<br \/>\nLangue \u00e9tudi\u00e9e: Norv\u00e9gien<\/p>\n<p>Le norv\u00e9gien est parl\u00e9 par environ quatre millions de personnes. Il ne s\u2019agit donc pas d\u2019une langue majeure&#8230; mais \u00e0 coup s\u00fbr d\u2019une langue passionnante.<\/p>\n<p>Cette m\u00e9thode vous propose un apprentissage complet du langage quotidien, que vous atteindrez en 6 mois d\u2019\u00e9tude.<\/p>\n<p>Les enregistrements reprennent l&rsquo;int\u00e9gralit\u00e9 des textes en norv\u00e9gien des le\u00e7ons et des exercices de traduction du livre. Ils sont interpr\u00e9t\u00e9s, \u00e0 un rythme progressif, par des locuteurs natifs professionnels.<\/p>\n<p>MP3 permet de charger tout ou partie des enregistrements sur votre baladeur MP3.<\/p>\n<p>Des dialogues vivants et utiles, des r\u00e9visions syst\u00e9matiques et la prononciation gr\u00e2ce \u00e0 l\u2019audio.<\/p>\n<p><strong>Superpack t\u00e9l\u00e9chargement : un Livre de 100 le\u00e7ons en 708 pages, 4 CD audio et un T\u00e9l\u00e9chargement mp3 (2017 fichiers) d\u2019une dur\u00e9e de 4 h<br \/>\n<\/strong><br \/>\n<div class=\"eStore-product-fancy2\"><div class=\"eStore-thumbnail\"><a href=\"https:\/\/www.culturalusa.com\/news\/boutique\/apprendre-le-norvegien\/\" title=\"Apprendre le Norv\u00e9gien\"><img decoding=\"async\" class=\"eStore-product-fancy2-thumb-image\" src=\"https:\/\/www.culturalusa.com\/news\/wp-content\/uploads\/2019\/02\/norvegien-.jpg\" alt=\"Apprendre le Norv\u00e9gien\" \/><\/a><\/div><div class=\"eStore-product-description\"><div class=\"eStore-fancy2-product-name\"><a href=\"https:\/\/www.culturalusa.com\/news\/boutique\/apprendre-le-norvegien\/\">Apprendre le Norv\u00e9gien<\/a><\/div>Apprenez le Norv\u00e9gien. Superpack t\u00e9l\u00e9chargement : un livre de 100 le\u00e7ons en 708 pages, 4 CD audio et un t\u00e9l\u00e9chargement mp3 (2017 fichiers) d\u2019une dur\u00e9e de 4 h .<br>Le norv\u00e9gien est parl\u00e9 par environ quatre millions de personnes. Il ne s\u2019agit donc pas d\u2019une langue majeure\u2026 mais \u00e0 coup s\u00fbr d\u2019une langue passionnante.<br>Caract\u00e9ristiques : 1 livre + 4 CD audio + fichiers mp3 en t\u00e9l\u00e9chargement.<\/div><\/div><div class=\"eStore-product-fancy2-footer eStore-fancy-wrapper\"><div class=\"footer-left\"><div class=\"footer-left-content\"><form method=\"post\" action=\"\" class=\"eStore-button-form eStore-button-form-10\" style=\"display:inline\" onsubmit=\"return ReadForm1(this, 1);\"><input type=\"image\" src=\"https:\/\/www.culturalusa.com\/news\/wp-content\/plugins\/wp-cart-for-digital-products\/images\/add-to-cart-golden-with-cart-icon.png\" class=\"eStore_button eStore_add_to_cart_button\" alt=\"Add to Cart\" \/> <input type=\"hidden\" name=\"add_qty\" value=\"1\" \/>  <div class=\"eStore_variation_top\"><\/div><input type=\"hidden\" name=\"thumbnail_url\" value=\"https:\/\/www.culturalusa.com\/news\/wp-content\/uploads\/2019\/02\/norvegien-.jpg\" \/><input type=\"hidden\" name=\"estore_product_name\" value=\"Apprendre le Norv\u00e9gien\" \/><input type=\"hidden\" name=\"price\" value=\"65.90\" \/><input type=\"hidden\" name=\"product_name_tmp1\" value=\"Apprendre le Norv\u00e9gien\" \/><input type=\"hidden\" name=\"price_tmp1\" value=\"65.90\" \/><input type=\"hidden\" name=\"item_number\" value=\"10\" \/><input type=\"hidden\" name=\"shipping\" value=\"5.90\" \/><input type=\"hidden\" name=\"tax\" value=\"\" \/><input type=\"hidden\" name=\"addcart_eStore\" value=\"1\" \/><input type=\"hidden\" name=\"cartLink\" value=\"https:\/\/www.culturalusa.com\/news\/boutique\/apprendre-le-norvegien\/\" \/><\/form><div class=\"eStore_item_added_msg eStore_item_added_msg-10\"><\/div><\/div><\/div><div class=\"footer-right\"><span class=\"eStore_fancy2_price\"><span class=\"eStore_price_label\">Prix: <\/span><span class=\"eStore_price_value\">65.90\u20ac<\/span><\/span><\/div><\/div><div class=\"eStore-clear-float\"><\/div>\n<p style=\"text-align: right;\"><img decoding=\"async\" src=\"https:\/\/www.culturalusa.com\/images\/paiement-paypal.jpg\" alt=\"Paiement S\u00e9curis\u00e9 avec Paypal\" \/><br \/>\n<a title=\"Apprendre les Langues\" href=\"https:\/\/www.culturalusa.com\/news\/boutique\/apprendre-les-langues-etrangeres\/\"><img decoding=\"async\" class=\"aligncenter size-full wp-image-4667\" src=\"https:\/\/www.culturalusa.com\/news\/wp-content\/uploads\/2019\/02\/languages2.jpg\" alt=\"\" width=\"100%\" srcset=\"https:\/\/www.culturalusa.com\/news\/wp-content\/uploads\/2019\/02\/languages2.jpg 650w, https:\/\/www.culturalusa.com\/news\/wp-content\/uploads\/2019\/02\/languages2-275x118.jpg 275w, https:\/\/www.culturalusa.com\/news\/wp-content\/uploads\/2019\/02\/languages2-480x207.jpg 480w\" sizes=\"(max-width: 650px) 100vw, 650px\" \/><\/a><\/p>\n<div style=\"color: #222; background-color: #d9f47f; margin-top: 0px; margin-bottom: 25px; padding: 5px; box-shadow: 1px 1px 2px #333333; border-radius: 6px;\"><img decoding=\"async\" style=\"float: left; margin-right: 5px;\" src=\"https:\/\/www.culturalusa.com\/images\/icon-info-32.png\" alt=\"lien\" \/><strong>Apprenez les langues<\/strong>: <a href=\"https:\/\/www.culturalusa.com\/news\/boutique\/apprendre-les-langues-etrangeres\/apprendre-le-portugais\/\"><strong>Portugais<\/strong><\/a> &#8211; <a href=\"https:\/\/www.culturalusa.com\/news\/boutique\/apprendre-les-langues-etrangeres\/apprendre-lespagnol\/\"><strong>Espagnol<\/strong><\/a> &#8211; <a href=\"https:\/\/www.culturalusa.com\/news\/boutique\/apprendre-les-langues-etrangeres\/apprendre-langlais\/\"><strong>Anglais<\/strong><\/a> &#8211; <a href=\"https:\/\/www.culturalusa.com\/news\/boutique\/apprendre-les-langues-etrangeres\/apprendre-litalien\/\"><strong>Italien<\/strong><\/a> &#8211; <a href=\"https:\/\/www.culturalusa.com\/news\/boutique\/apprendre-les-langues-etrangeres\/apprendre-lallemand\/\"><strong>Allemand<\/strong><\/a> &#8211; <a href=\"https:\/\/www.culturalusa.com\/news\/boutique\/apprendre-le-neerlandais\/\"><strong>N\u00e9erlandais<\/strong><\/a> &#8211; <a href=\"https:\/\/www.culturalusa.com\/news\/boutique\/apprendre-le-russe\/\"><strong>Russe<\/strong><\/a> &#8211; <a href=\"https:\/\/www.culturalusa.com\/news\/boutique\/apprendre-le-chinois\/\"><strong>Chinois<\/strong><\/a> &#8211; <a href=\"https:\/\/www.culturalusa.com\/news\/boutique\/apprendre-le-grec\/\"><strong>Grec<\/strong><\/a> &#8211; <a href=\"https:\/\/www.culturalusa.com\/news\/boutique\/apprendre-le-norvegien\/\"><strong>Norv\u00e9gien<\/strong><\/a> &#8211; <a href=\"https:\/\/www.culturalusa.com\/news\/boutique\/apprendre-le-suedois\/\"><strong>Su\u00e9dois<\/strong><\/a> &#8211; <a href=\"https:\/\/www.culturalusa.com\/news\/boutique\/apprendre-le-danois\/\"><strong>Danois<\/strong><\/a>\n<\/div>\n","protected":false},"excerpt":{"rendered":"<p>Apprenez le Norv\u00e9gien Superpack t\u00e9l\u00e9chargement : un livre de 100 le\u00e7ons en 708 pages, 4 CD audio et un T\u00e9l\u00e9chargement mp3 (2017 fichiers) Niveau : D\u00e9butants et Faux-d\u00e9butants Niveau Cadre Europ\u00e9en : B2 Langue maternelle: Fran\u00e7ais Langue \u00e9tudi\u00e9e: Norv\u00e9gien Le norv\u00e9gien est parl\u00e9 par environ quatre millions de personnes. Il ne s\u2019agit donc pas d\u2019une [&hellip;]<\/p>\n","protected":false},"author":1,"featured_media":0,"parent":550,"menu_order":0,"comment_status":"closed","ping_status":"closed","template":"","meta":{"footnotes":""},"class_list":["post-4708","page","type-page","status-publish","hentry"],"aioseo_notices":[],"_links":{"self":[{"href":"https:\/\/www.culturalusa.com\/news\/wp-json\/wp\/v2\/pages\/4708","targetHints":{"allow":["GET"]}}],"collection":[{"href":"https:\/\/www.culturalusa.com\/news\/wp-json\/wp\/v2\/pages"}],"about":[{"href":"https:\/\/www.culturalusa.com\/news\/wp-json\/wp\/v2\/types\/page"}],"author":[{"embeddable":true,"href":"https:\/\/www.culturalusa.com\/news\/wp-json\/wp\/v2\/users\/1"}],"replies":[{"embeddable":true,"href":"https:\/\/www.culturalusa.com\/news\/wp-json\/wp\/v2\/comments?post=4708"}],"version-history":[{"count":6,"href":"https:\/\/www.culturalusa.com\/news\/wp-json\/wp\/v2\/pages\/4708\/revisions"}],"predecessor-version":[{"id":12280,"href":"https:\/\/www.culturalusa.com\/news\/wp-json\/wp\/v2\/pages\/4708\/revisions\/12280"}],"up":[{"embeddable":true,"href":"https:\/\/www.culturalusa.com\/news\/wp-json\/wp\/v2\/pages\/550"}],"wp:attachment":[{"href":"https:\/\/www.culturalusa.com\/news\/wp-json\/wp\/v2\/media?parent=4708"}],"curies":[{"name":"wp","href":"https:\/\/api.w.org\/{rel}","templated":true}]}}