{"id":4711,"date":"2019-02-17T18:18:25","date_gmt":"2019-02-17T17:18:25","guid":{"rendered":"https:\/\/www.culturalusa.com\/news\/?page_id=4711"},"modified":"2024-01-15T16:47:33","modified_gmt":"2024-01-15T15:47:33","slug":"apprendre-le-suedois","status":"publish","type":"page","link":"https:\/\/www.culturalusa.com\/news\/boutique\/apprendre-le-suedois\/","title":{"rendered":"Apprendre le Su\u00e9dois"},"content":{"rendered":"<div class=\"box-rev\">\n<img loading=\"lazy\" decoding=\"async\" class=\"alignright size-full wp-image-4712\" src=\"https:\/\/www.culturalusa.com\/news\/wp-content\/uploads\/2019\/02\/suedois-.jpg\" alt=\"\" width=\"224\" height=\"320\" srcset=\"https:\/\/www.culturalusa.com\/news\/wp-content\/uploads\/2019\/02\/suedois-.jpg 224w, https:\/\/www.culturalusa.com\/news\/wp-content\/uploads\/2019\/02\/suedois--175x250.jpg 175w\" sizes=\"auto, (max-width: 224px) 100vw, 224px\" \/><br \/>\n<strong>Apprenez le Su\u00e9dois<\/strong><br \/>\n<strong>Superpack t\u00e9l\u00e9chargement : Un livre de 100 le\u00e7ons en 660 pages, 4 CD audio et 1 t\u00e9l\u00e9chargement audio (2135 fichiers) d\u2019une dur\u00e9e de 3h.)<\/strong><br \/>\nNiveau : D\u00e9butants et Faux-d\u00e9butants<br \/>\nNiveau Cadre Europ\u00e9en : B2<br \/>\nLangue maternelle: Fran\u00e7ais<br \/>\nLangue \u00e9tudi\u00e9e: Su\u00e9doisCompar\u00e9 au fran\u00e7ais, le su\u00e9dois est une langue plut\u00f4t simple aux sonorit\u00e9s s\u00e9duisantes. La confiance, principe fondamental du fameux mod\u00e8le su\u00e9dois, nous porte \u00e0 croire que vous serez capable, \u00e0 l&rsquo;issue de cette m\u00e9thode attrayante, de vous exprimer naturellement avec les habitants, dont vous d\u00e9couvrirez qu&rsquo;ils se tutoient tous.<\/p>\n<p>Ces 100 le\u00e7ons vous permettent d&rsquo;apprendre en douceur cette langue scandinave et vous fournit de nombreuses indications sur le mode de vie et les traditions des Su\u00e9dois.<\/p>\n<p>Les enregistrements reprennent l&rsquo;int\u00e9gralit\u00e9 des textes en su\u00e9dois des le\u00e7ons et des exercices de traduction du livre. Ils sont interpr\u00e9t\u00e9s, \u00e0 un rythme progressif, par des locuteurs natifs professionnels.<\/p>\n<p>Le CD MP3 permet de charger tout ou partie des enregistrements sur votre baladeur MP3.<\/p>\n<p>Des dialogues vivants et une progression tr\u00e8s \u00e9tudi\u00e9e.<\/p>\n<p><strong>Superpack t\u00e9l\u00e9chargement : un Livre de 100 le\u00e7ons en 660 pages, 4 CD audio et 1 t\u00e9l\u00e9chargement audio (2135 fichiers) d\u2019une dur\u00e9e de 3h.<br \/>\n<\/strong><div class=\"eStore-product-fancy2\"><div class=\"eStore-thumbnail\"><a href=\"https:\/\/www.culturalusa.com\/news\/boutique\/apprendre-le-suedois\/\" title=\"Apprendre le Su\u00e9dois\"><img decoding=\"async\" class=\"eStore-product-fancy2-thumb-image\" src=\"https:\/\/www.culturalusa.com\/news\/wp-content\/uploads\/2019\/02\/suedois-.jpg\" alt=\"Apprendre le Su\u00e9dois\" \/><\/a><\/div><div class=\"eStore-product-description\"><div class=\"eStore-fancy2-product-name\"><a href=\"https:\/\/www.culturalusa.com\/news\/boutique\/apprendre-le-suedois\/\">Apprendre le Su\u00e9dois<\/a><\/div>Apprenez le Su\u00e9dois. Super pack t\u00e9l\u00e9chargement : Un livre de 100 le\u00e7ons en 660 pages, 4 CD audio et 1 t\u00e9l\u00e9chargement audio (2135 fichiers) d\u2019une dur\u00e9e de 3h. .<br>Ces 100 le\u00e7ons vous permettent d\u2019apprendre en douceur cette langue scandinave et vous fournit de nombreuses indications sur le mode de vie et les traditions des Su\u00e9dois.<br>Caract\u00e9ristiques : 1 livre + 4 CD audio + Fichiers mp3 en t\u00e9l\u00e9chargement.<\/div><\/div><div class=\"eStore-product-fancy2-footer eStore-fancy-wrapper\"><div class=\"footer-left\"><div class=\"footer-left-content\"><form method=\"post\" action=\"\" class=\"eStore-button-form eStore-button-form-11\" style=\"display:inline\" onsubmit=\"return ReadForm1(this, 1);\"><input type=\"image\" src=\"https:\/\/www.culturalusa.com\/news\/wp-content\/plugins\/wp-cart-for-digital-products\/images\/add-to-cart-golden-with-cart-icon.png\" class=\"eStore_button eStore_add_to_cart_button\" alt=\"Add to Cart\" \/> <input type=\"hidden\" name=\"add_qty\" value=\"1\" \/>  <div class=\"eStore_variation_top\"><\/div><input type=\"hidden\" name=\"thumbnail_url\" value=\"https:\/\/www.culturalusa.com\/news\/wp-content\/uploads\/2019\/02\/suedois-.jpg\" \/><input type=\"hidden\" name=\"estore_product_name\" value=\"Apprendre le Su\u00e9dois\" \/><input type=\"hidden\" name=\"price\" value=\"65.90\" \/><input type=\"hidden\" name=\"product_name_tmp1\" value=\"Apprendre le Su\u00e9dois\" \/><input type=\"hidden\" name=\"price_tmp1\" value=\"65.90\" \/><input type=\"hidden\" name=\"item_number\" value=\"11\" \/><input type=\"hidden\" name=\"shipping\" value=\"5.50\" \/><input type=\"hidden\" name=\"tax\" value=\"\" \/><input type=\"hidden\" name=\"addcart_eStore\" value=\"1\" \/><input type=\"hidden\" name=\"cartLink\" value=\"https:\/\/www.culturalusa.com\/news\/boutique\/apprendre-le-suedois\/\" \/><\/form><div class=\"eStore_item_added_msg eStore_item_added_msg-11\"><\/div><\/div><\/div><div class=\"footer-right\"><span class=\"eStore_fancy2_price\"><span class=\"eStore_price_label\">Prix: <\/span><span class=\"eStore_price_value\">65.90\u20ac<\/span><\/span><\/div><\/div><div class=\"eStore-clear-float\"><\/div>\n<p style=\"text-align: right;\"><img decoding=\"async\" src=\"https:\/\/www.culturalusa.com\/images\/paiement-paypal.jpg\" alt=\"Paiement S\u00e9curis\u00e9 avec Paypal\" \/><\/p>\n<p><strong>Ce kit de conversation Su\u00e9dois<\/strong>, ci-dessous, comprend un livre et un CD audio, propose des mots-cl\u00e9s, des phrases par th\u00e8mes, des expressions courantes et un lexique rassemblant le vocabulaire utile au voyage. Environ une heure d\u2019enregistrements bilingues sur CD audio vous entra\u00eene \u00e0 la compr\u00e9hension et \u00e0 la prononciation, et reprend l\u2019essentiel du guide.<\/p>\n<p>Les phrases essentielles et les mots cl\u00e9s, un lexique de plus de 2000 mots et la prononciation gr\u00e2ce \u00e0 l\u2019audio.<br \/>\n<div class=\"eStore-product-fancy2\"><div class=\"eStore-thumbnail\"><a href=\"https:\/\/www.culturalusa.com\/news\/boutique\/langues-guides-de-conversation\/\" title=\"Livre de poche Su\u00e9dois & CD\"><img decoding=\"async\" class=\"eStore-product-fancy2-thumb-image\" src=\"https:\/\/www.culturalusa.com\/news\/wp-content\/uploads\/2019\/05\/livre-poche-suedois.jpg\" alt=\"Livre de poche Su\u00e9dois & CD\" \/><\/a><\/div><div class=\"eStore-product-description\"><div class=\"eStore-fancy2-product-name\"><a href=\"https:\/\/www.culturalusa.com\/news\/boutique\/langues-guides-de-conversation\/\">Livre de poche Su\u00e9dois & CD<\/a><\/div>Apprenez le Su\u00e9dois. Su\u00e9dois de poche (1 Livre + 1 CD audio).<br>Ce coffret r\u00e9unit le guide conversation et sa version audio sur CD audio. Ce kit de conversation, qui comprend un livre et un CD audio, propose des mots-cl\u00e9s, des phrases par th\u00e8mes, des expressions courantes et un lexique rassemblant le vocabulaire utile au voyage. <br> Caract\u00e9ristiques : Un guide (Livre) de 144 pages et 1 CD audio d'une dur\u00e9e de 70 mn.<\/div><\/div><div class=\"eStore-product-fancy2-footer eStore-fancy-wrapper\"><div class=\"footer-left\"><div class=\"footer-left-content\"><form method=\"post\" action=\"\" class=\"eStore-button-form eStore-button-form-26\" style=\"display:inline\" onsubmit=\"return ReadForm1(this, 1);\"><input type=\"image\" src=\"https:\/\/www.culturalusa.com\/news\/wp-content\/plugins\/wp-cart-for-digital-products\/images\/add-to-cart-golden-with-cart-icon.png\" class=\"eStore_button eStore_add_to_cart_button\" alt=\"Add to Cart\" \/> <input type=\"hidden\" name=\"add_qty\" value=\"1\" \/>  <div class=\"eStore_variation_top\"><\/div><input type=\"hidden\" name=\"thumbnail_url\" value=\"https:\/\/www.culturalusa.com\/news\/wp-content\/uploads\/2019\/05\/livre-poche-suedois.jpg\" \/><input type=\"hidden\" name=\"estore_product_name\" value=\"Livre de poche Su\u00e9dois &amp; CD\" \/><input type=\"hidden\" name=\"price\" value=\"18.50\" \/><input type=\"hidden\" name=\"product_name_tmp1\" value=\"Livre de poche Su\u00e9dois &amp; CD\" \/><input type=\"hidden\" name=\"price_tmp1\" value=\"18.50\" \/><input type=\"hidden\" name=\"item_number\" value=\"26\" \/><input type=\"hidden\" name=\"shipping\" value=\"2.40\" \/><input type=\"hidden\" name=\"tax\" value=\"\" \/><input type=\"hidden\" name=\"addcart_eStore\" value=\"1\" \/><input type=\"hidden\" name=\"cartLink\" value=\"https:\/\/www.culturalusa.com\/news\/boutique\/langues-guides-de-conversation\/\" \/><\/form><div class=\"eStore_item_added_msg eStore_item_added_msg-26\"><\/div><\/div><\/div><div class=\"footer-right\"><span class=\"eStore_fancy2_price\"><span class=\"eStore_price_label\">Prix: <\/span><span class=\"eStore_price_value\">18.50\u20ac<\/span><\/span><\/div><\/div><div class=\"eStore-clear-float\"><\/div>\n<a title=\"Apprendre les Langues\" href=\"https:\/\/www.culturalusa.com\/news\/boutique\/apprendre-les-langues-etrangeres\/\"><img decoding=\"async\" class=\"aligncenter size-full wp-image-4667\" src=\"https:\/\/www.culturalusa.com\/news\/wp-content\/uploads\/2019\/02\/languages2.jpg\" alt=\"\" width=\"100%\" srcset=\"https:\/\/www.culturalusa.com\/news\/wp-content\/uploads\/2019\/02\/languages2.jpg 650w, https:\/\/www.culturalusa.com\/news\/wp-content\/uploads\/2019\/02\/languages2-275x118.jpg 275w, https:\/\/www.culturalusa.com\/news\/wp-content\/uploads\/2019\/02\/languages2-480x207.jpg 480w\" sizes=\"(max-width: 650px) 100vw, 650px\" \/><\/a><\/p>\n<div style=\"color: #222; background-color: #d9f47f; margin-top: 0px; margin-bottom: 25px; padding: 5px; box-shadow: 1px 1px 2px #333333; border-radius: 6px;\"><img decoding=\"async\" style=\"float: left; margin-right: 5px;\" src=\"https:\/\/www.culturalusa.com\/images\/icon-info-32.png\" alt=\"lien\" \/><strong>Apprenez les langues<\/strong>: <a href=\"https:\/\/www.culturalusa.com\/news\/boutique\/apprendre-les-langues-etrangeres\/apprendre-le-portugais\/\"><strong>Portugais<\/strong><\/a> &#8211; <a href=\"https:\/\/www.culturalusa.com\/news\/boutique\/apprendre-les-langues-etrangeres\/apprendre-lespagnol\/\"><strong>Espagnol<\/strong><\/a> &#8211; <a href=\"https:\/\/www.culturalusa.com\/news\/boutique\/apprendre-les-langues-etrangeres\/apprendre-langlais\/\"><strong>Anglais<\/strong><\/a> &#8211; <a href=\"https:\/\/www.culturalusa.com\/news\/boutique\/apprendre-les-langues-etrangeres\/apprendre-litalien\/\"><strong>Italien<\/strong><\/a> &#8211; <a href=\"https:\/\/www.culturalusa.com\/news\/boutique\/apprendre-les-langues-etrangeres\/apprendre-lallemand\/\"><strong>Allemand<\/strong><\/a> &#8211; <a href=\"https:\/\/www.culturalusa.com\/news\/boutique\/apprendre-le-neerlandais\/\"><strong>N\u00e9erlandais<\/strong><\/a> &#8211; <a href=\"https:\/\/www.culturalusa.com\/news\/boutique\/apprendre-le-russe\/\"><strong>Russe<\/strong><\/a> &#8211; <a href=\"https:\/\/www.culturalusa.com\/news\/boutique\/apprendre-le-chinois\/\"><strong>Chinois<\/strong><\/a> &#8211; <a href=\"https:\/\/www.culturalusa.com\/news\/boutique\/apprendre-le-grec\/\"><strong>Grec<\/strong><\/a> &#8211; <a href=\"https:\/\/www.culturalusa.com\/news\/boutique\/apprendre-le-norvegien\/\"><strong>Norv\u00e9gien<\/strong><\/a> &#8211; <a href=\"https:\/\/www.culturalusa.com\/news\/boutique\/apprendre-le-suedois\/\"><strong>Su\u00e9dois<\/strong><\/a> &#8211; <a href=\"https:\/\/www.culturalusa.com\/news\/boutique\/apprendre-le-danois\/\"><strong>Danois<\/strong><\/a><\/div>\n<\/div>\n","protected":false},"excerpt":{"rendered":"<p>Apprenez le Su\u00e9dois Superpack t\u00e9l\u00e9chargement : Un livre de 100 le\u00e7ons en 660 pages, 4 CD audio et 1 t\u00e9l\u00e9chargement audio (2135 fichiers) d\u2019une dur\u00e9e de 3h.) Niveau : D\u00e9butants et Faux-d\u00e9butants Niveau Cadre Europ\u00e9en : B2 Langue maternelle: Fran\u00e7ais Langue \u00e9tudi\u00e9e: Su\u00e9doisCompar\u00e9 au fran\u00e7ais, le su\u00e9dois est une langue plut\u00f4t simple aux sonorit\u00e9s s\u00e9duisantes. [&hellip;]<\/p>\n","protected":false},"author":1,"featured_media":0,"parent":550,"menu_order":0,"comment_status":"closed","ping_status":"closed","template":"","meta":{"footnotes":""},"class_list":["post-4711","page","type-page","status-publish","hentry"],"aioseo_notices":[],"_links":{"self":[{"href":"https:\/\/www.culturalusa.com\/news\/wp-json\/wp\/v2\/pages\/4711","targetHints":{"allow":["GET"]}}],"collection":[{"href":"https:\/\/www.culturalusa.com\/news\/wp-json\/wp\/v2\/pages"}],"about":[{"href":"https:\/\/www.culturalusa.com\/news\/wp-json\/wp\/v2\/types\/page"}],"author":[{"embeddable":true,"href":"https:\/\/www.culturalusa.com\/news\/wp-json\/wp\/v2\/users\/1"}],"replies":[{"embeddable":true,"href":"https:\/\/www.culturalusa.com\/news\/wp-json\/wp\/v2\/comments?post=4711"}],"version-history":[{"count":2,"href":"https:\/\/www.culturalusa.com\/news\/wp-json\/wp\/v2\/pages\/4711\/revisions"}],"predecessor-version":[{"id":12282,"href":"https:\/\/www.culturalusa.com\/news\/wp-json\/wp\/v2\/pages\/4711\/revisions\/12282"}],"up":[{"embeddable":true,"href":"https:\/\/www.culturalusa.com\/news\/wp-json\/wp\/v2\/pages\/550"}],"wp:attachment":[{"href":"https:\/\/www.culturalusa.com\/news\/wp-json\/wp\/v2\/media?parent=4711"}],"curies":[{"name":"wp","href":"https:\/\/api.w.org\/{rel}","templated":true}]}}