{"id":5405,"date":"2019-05-11T18:23:00","date_gmt":"2019-05-11T16:23:00","guid":{"rendered":"https:\/\/www.culturalusa.com\/news\/?page_id=5405"},"modified":"2024-01-15T17:31:59","modified_gmt":"2024-01-15T16:31:59","slug":"apprendre-le-japonais","status":"publish","type":"page","link":"https:\/\/www.culturalusa.com\/news\/boutique\/apprendre-le-japonais\/","title":{"rendered":"Apprendre le Japonais"},"content":{"rendered":"<div class=\"box-rev\">\n<img loading=\"lazy\" decoding=\"async\" class=\"alignright size-full wp-image-5406\" src=\"https:\/\/www.culturalusa.com\/news\/wp-content\/uploads\/2019\/05\/japonais.png\" alt=\"\" width=\"222\" height=\"320\" srcset=\"https:\/\/www.culturalusa.com\/news\/wp-content\/uploads\/2019\/05\/japonais.png 222w, https:\/\/www.culturalusa.com\/news\/wp-content\/uploads\/2019\/05\/japonais-173x250.png 173w\" sizes=\"auto, (max-width: 222px) 100vw, 222px\" \/><br \/>\n<strong>Apprenez le Japonais<\/strong><br \/>\nSuper Pack USB (Livre + CD Audio + Cl\u00e9 USB)<br \/>\nNiveau : D\u00e9butants et Faux-d\u00e9butants<br \/>\nNiveau Cadre Europ\u00e9en : B2<br \/>\nLangue maternelle: Fran\u00e7ais<br \/>\nLangue \u00e9tudi\u00e9e: Japonais<\/p>\n<p>Le japonais est la deuxi\u00e8me langue la plus traduite dans l&rsquo;espace francophone apr\u00e8s l&rsquo;anglais. Voici une nouvelle \u00e9dition, enti\u00e8rement mise \u00e0 jour et d\u00e9sormais en un seul volume. Permettant un v\u00e9ritable d\u00e9marrage de l&rsquo;apprentissage du japonais, la m\u00e9thode a fait ses preuves m\u00eame pour cette langue r\u00e9put\u00e9e difficile.<\/p>\n<p>Au fil des 98 le\u00e7ons, vous allez acqu\u00e9rir petit \u00e0 petit les bases de la langue parl\u00e9e et les \u00ab\u00a0cl\u00e9s\u00a0\u00bb de son \u00e9criture. Le but \u00e0 atteindre est la maitrise de 900 id\u00e9ogrammes qui permet de tenir une conversation de la vie de tous les jours.<\/p>\n<p>Les enregistrements reprennent l&rsquo;int\u00e9gralit\u00e9 des textes en japonais des le\u00e7ons et des exercices de traduction du livre. Ils sont interpr\u00e9t\u00e9s, \u00e0 un rythme progressif, par des locuteurs natifs professionnels.<\/p>\n<p>Des dialogues vivants et utiles, une progression tr\u00e8s \u00e9tudi\u00e9e, la prononciation gr\u00e2ce \u00e0 l\u2019audio.<\/p>\n<p><strong>Caract\u00e9ristiques : Livre + 5 CD Audio + Cl\u00e9 USB<br \/>\n(Un livre de 98 le\u00e7ons en 864 pages, 5 CD audio et 1 cl\u00e9 USB (2630 fichiers) d&rsquo;une dur\u00e9e de 5h00) <\/strong><br \/>\n<div class=\"eStore-product-fancy2\"><div class=\"eStore-thumbnail\"><a href=\"https:\/\/www.culturalusa.com\/news\/boutique\/apprendre-le-japonais\/\" title=\"Apprendre le Japonais\"><img decoding=\"async\" class=\"eStore-product-fancy2-thumb-image\" src=\"https:\/\/www.culturalusa.com\/news\/wp-content\/uploads\/2019\/05\/japonais.png\" alt=\"Apprendre le Japonais\" \/><\/a><\/div><div class=\"eStore-product-description\"><div class=\"eStore-fancy2-product-name\"><a href=\"https:\/\/www.culturalusa.com\/news\/boutique\/apprendre-le-japonais\/\">Apprendre le Japonais<\/a><\/div>Apprenez le Japonais. Super Pack USB (Livre + CD Audio + Cl\u00e9 USB).<br>Le japonais est la deuxi\u00e8me langue la plus traduite dans l\u2019espace francophone apr\u00e8s l\u2019anglais. Voici une nouvelle \u00e9dition, enti\u00e8rement mise \u00e0 jour et d\u00e9sormais en un seul volume.<br>Caract\u00e9ristiques : Livre + 5 CD Audio + Cl\u00e9 USB (Un livre de 98 le\u00e7ons en 864 pages, 5 CD audio et 1 cl\u00e9 USB (2630 fichiers) d\u2019une dur\u00e9e de 5h00) <\/div><\/div><div class=\"eStore-product-fancy2-footer eStore-fancy-wrapper\"><div class=\"footer-left\"><div class=\"footer-left-content\"><form method=\"post\" action=\"\" class=\"eStore-button-form eStore-button-form-13\" style=\"display:inline\" onsubmit=\"return ReadForm1(this, 1);\"><input type=\"image\" src=\"https:\/\/www.culturalusa.com\/news\/wp-content\/plugins\/wp-cart-for-digital-products\/images\/add-to-cart-golden-with-cart-icon.png\" class=\"eStore_button eStore_add_to_cart_button\" alt=\"Add to Cart\" \/> <input type=\"hidden\" name=\"add_qty\" value=\"1\" \/>  <div class=\"eStore_variation_top\"><\/div><input type=\"hidden\" name=\"thumbnail_url\" value=\"https:\/\/www.culturalusa.com\/news\/wp-content\/uploads\/2019\/05\/japonais.png\" \/><input type=\"hidden\" name=\"estore_product_name\" value=\"Apprendre le Japonais\" \/><input type=\"hidden\" name=\"price\" value=\"75.90\" \/><input type=\"hidden\" name=\"product_name_tmp1\" value=\"Apprendre le Japonais\" \/><input type=\"hidden\" name=\"price_tmp1\" value=\"75.90\" \/><input type=\"hidden\" name=\"item_number\" value=\"13\" \/><input type=\"hidden\" name=\"shipping\" value=\"5.50\" \/><input type=\"hidden\" name=\"tax\" value=\"\" \/><input type=\"hidden\" name=\"addcart_eStore\" value=\"1\" \/><input type=\"hidden\" name=\"cartLink\" value=\"https:\/\/www.culturalusa.com\/news\/boutique\/apprendre-le-japonais\/\" \/><\/form><div class=\"eStore_item_added_msg eStore_item_added_msg-13\"><\/div><\/div><\/div><div class=\"footer-right\"><span class=\"eStore_fancy2_price\"><span class=\"eStore_price_label\">Prix: <\/span><span class=\"eStore_price_value\">75.90\u20ac<\/span><\/span><\/div><\/div><div class=\"eStore-clear-float\"><\/div>\n<p style=\"text-align: right;\"><img decoding=\"async\" src=\"https:\/\/www.culturalusa.com\/images\/paiement-paypal.jpg\" alt=\"Paiement S\u00e9curis\u00e9 avec Paypal\" \/><\/p>\n<p><strong>\u00a0<\/strong><\/p>\n<p><a title=\"Apprendre les Langues\" href=\"https:\/\/www.culturalusa.com\/news\/boutique\/apprendre-les-langues-etrangeres\/\"><img decoding=\"async\" class=\"aligncenter size-full wp-image-4667\" src=\"https:\/\/www.culturalusa.com\/news\/wp-content\/uploads\/2019\/02\/languages2.jpg\" alt=\"\" width=\"100%\" srcset=\"https:\/\/www.culturalusa.com\/news\/wp-content\/uploads\/2019\/02\/languages2.jpg 650w, https:\/\/www.culturalusa.com\/news\/wp-content\/uploads\/2019\/02\/languages2-275x118.jpg 275w, https:\/\/www.culturalusa.com\/news\/wp-content\/uploads\/2019\/02\/languages2-480x207.jpg 480w\" sizes=\"(max-width: 650px) 100vw, 650px\" \/><\/a><\/p>\n<p><strong>Nous estimons, que cette <a href=\"https:\/\/www.culturalusa.com\/news\/boutique\/apprendre-les-langues-etrangeres\/\">m\u00e9thode d\u2019apprentissage des langues<\/a> que nous vous proposons, est une des meilleures au monde, pour ne pas dire la meilleure au monde.<\/strong><\/p>\n<div style=\"color: #222; background-color: #d9f47f; margin-top: 0px; margin-bottom: 25px; padding: 6px; box-shadow: 1px 1px 2px #333333; border-radius: 6px;\"><img decoding=\"async\" style=\"float: left; margin-right: 5px;\" src=\"https:\/\/www.culturalusa.com\/images\/icon-info-32.png\" alt=\"lien\" \/><strong>Apprenez les langues<\/strong>: <a href=\"https:\/\/www.culturalusa.com\/news\/boutique\/apprendre-les-langues-etrangeres\/apprendre-le-portugais\/\"><strong>Portugais<\/strong><\/a> &#8211; <a href=\"https:\/\/www.culturalusa.com\/news\/boutique\/apprendre-les-langues-etrangeres\/apprendre-lespagnol\/\"><strong>Espagnol<\/strong><\/a> &#8211; <a href=\"https:\/\/www.culturalusa.com\/news\/boutique\/apprendre-les-langues-etrangeres\/apprendre-langlais\/\"><strong>Anglais<\/strong><\/a> &#8211; <a href=\"https:\/\/www.culturalusa.com\/news\/boutique\/apprendre-les-langues-etrangeres\/apprendre-litalien\/\"><strong>Italien<\/strong><\/a> &#8211; <a href=\"https:\/\/www.culturalusa.com\/news\/boutique\/apprendre-les-langues-etrangeres\/apprendre-lallemand\/\"><strong>Allemand<\/strong><\/a> &#8211; <a href=\"https:\/\/www.culturalusa.com\/news\/boutique\/apprendre-le-neerlandais\/\"><strong>N\u00e9erlandais<\/strong><\/a> &#8211; <a href=\"https:\/\/www.culturalusa.com\/news\/boutique\/apprendre-le-russe\/\"><strong>Russe<\/strong><\/a> &#8211; <a href=\"https:\/\/www.culturalusa.com\/news\/boutique\/apprendre-le-chinois\/\"><strong>Chinois<\/strong><\/a> &#8211; <a href=\"https:\/\/www.culturalusa.com\/news\/boutique\/apprendre-le-grec\/\"><strong>Grec<\/strong><\/a> &#8211; <a href=\"https:\/\/www.culturalusa.com\/news\/boutique\/apprendre-le-norvegien\/\"><strong>Norv\u00e9gien<\/strong><\/a> &#8211; <a href=\"https:\/\/www.culturalusa.com\/news\/boutique\/apprendre-le-suedois\/\"><strong>Su\u00e9dois<\/strong><\/a> &#8211; <a href=\"https:\/\/www.culturalusa.com\/news\/boutique\/apprendre-le-danois\/\"><strong>Danois<\/strong><\/a><br \/>\n&#8211; <a href=\"https:\/\/www.culturalusa.com\/news\/boutique\/apprendre-le-japonais\/\"><strong>Japonais<\/strong><\/a> &#8211; <a href=\"https:\/\/www.culturalusa.com\/news\/boutique\/apprendre-larabe\/\"><strong>Arabe<\/strong><\/a> &#8211; <a href=\"https:\/\/www.culturalusa.com\/news\/boutique\/apprendre-lhebreu\/\"><strong>H\u00e9breu<\/strong><\/a> &#8230;<\/div>\n<\/div>\n","protected":false},"excerpt":{"rendered":"<p>Apprenez le Japonais Super Pack USB (Livre + CD Audio + Cl\u00e9 USB) Niveau : D\u00e9butants et Faux-d\u00e9butants Niveau Cadre Europ\u00e9en : B2 Langue maternelle: Fran\u00e7ais Langue \u00e9tudi\u00e9e: Japonais Le japonais est la deuxi\u00e8me langue la plus traduite dans l&rsquo;espace francophone apr\u00e8s l&rsquo;anglais. Voici une nouvelle \u00e9dition, enti\u00e8rement mise \u00e0 jour et d\u00e9sormais en un [&hellip;]<\/p>\n","protected":false},"author":1,"featured_media":0,"parent":550,"menu_order":0,"comment_status":"closed","ping_status":"closed","template":"","meta":{"footnotes":""},"class_list":["post-5405","page","type-page","status-publish","hentry"],"aioseo_notices":[],"_links":{"self":[{"href":"https:\/\/www.culturalusa.com\/news\/wp-json\/wp\/v2\/pages\/5405","targetHints":{"allow":["GET"]}}],"collection":[{"href":"https:\/\/www.culturalusa.com\/news\/wp-json\/wp\/v2\/pages"}],"about":[{"href":"https:\/\/www.culturalusa.com\/news\/wp-json\/wp\/v2\/types\/page"}],"author":[{"embeddable":true,"href":"https:\/\/www.culturalusa.com\/news\/wp-json\/wp\/v2\/users\/1"}],"replies":[{"embeddable":true,"href":"https:\/\/www.culturalusa.com\/news\/wp-json\/wp\/v2\/comments?post=5405"}],"version-history":[{"count":3,"href":"https:\/\/www.culturalusa.com\/news\/wp-json\/wp\/v2\/pages\/5405\/revisions"}],"predecessor-version":[{"id":12288,"href":"https:\/\/www.culturalusa.com\/news\/wp-json\/wp\/v2\/pages\/5405\/revisions\/12288"}],"up":[{"embeddable":true,"href":"https:\/\/www.culturalusa.com\/news\/wp-json\/wp\/v2\/pages\/550"}],"wp:attachment":[{"href":"https:\/\/www.culturalusa.com\/news\/wp-json\/wp\/v2\/media?parent=5405"}],"curies":[{"name":"wp","href":"https:\/\/api.w.org\/{rel}","templated":true}]}}