{"id":5465,"date":"2019-05-12T17:52:42","date_gmt":"2019-05-12T15:52:42","guid":{"rendered":"https:\/\/www.culturalusa.com\/news\/?page_id=5465"},"modified":"2024-01-15T19:07:09","modified_gmt":"2024-01-15T18:07:09","slug":"apprendre-le-finnois","status":"publish","type":"page","link":"https:\/\/www.culturalusa.com\/news\/boutique\/apprendre-le-finnois\/","title":{"rendered":"Apprendre le Finnois"},"content":{"rendered":"<p><img loading=\"lazy\" decoding=\"async\" class=\"alignright size-full wp-image-5466\" src=\"https:\/\/www.culturalusa.com\/news\/wp-content\/uploads\/2019\/05\/finnois.jpg\" alt=\"\" width=\"223\" height=\"320\" srcset=\"https:\/\/www.culturalusa.com\/news\/wp-content\/uploads\/2019\/05\/finnois.jpg 223w, https:\/\/www.culturalusa.com\/news\/wp-content\/uploads\/2019\/05\/finnois-174x250.jpg 174w\" sizes=\"auto, (max-width: 223px) 100vw, 223px\" \/><\/p>\n<h2>Apprenez le Finnois<\/h2>\n<p><strong>Application \u00e0 t\u00e9l\u00e9charger compatible Android, iOS, Windows et macOS et 100 le\u00e7ons<\/strong>)<br \/>\nNiveau : D\u00e9butants et Faux-d\u00e9butants<br \/>\nNiveau Cadre Europ\u00e9en : B2<br \/>\nLangue maternelle : Fran\u00e7ais<br \/>\nLangue \u00e9tudi\u00e9e : Finnois<\/p>\n<p>La Finlande, un pays f\u00e9erique sous la neige comme sous le soleil de minuit. D\u00e9couvrir ses paysages, ses lacs, for\u00eats et rivi\u00e8res, pour mieux comprendre leur culture, l&rsquo;apprentissage du finnois s&rsquo;impose.<\/p>\n<p>Le finnois n&rsquo;est pas une des langues des pays voisins, ce n\u2019est ni une langue germanique comme le su\u00e9dois et le norv\u00e9gien, ni une langue slave comme le russe.<\/p>\n<p>Mais, malgr\u00e9 les apparences, vous constaterez rapidement, si vous vous lancez dans l\u2019aventure, que cette langue structur\u00e9e est tr\u00e8s abordable.<\/p>\n<p>Sans peine, vous arriverez en trois ou quatre mois \u00e0 atteindre le niveau de la conversation courante.<\/p>\n<p>Les enregistrements reprennent l&rsquo;int\u00e9gralit\u00e9 des textes en finnois des le\u00e7ons et des exercices de traduction du livre, ils sont interpr\u00e9t\u00e9s, \u00e0 un rythme progressif, par des locuteurs natifs professionnels.<\/p>\n<p>Des dialogues vivants et utiles, une progression tr\u00e8s \u00e9tudi\u00e9e et avec la prononciation gr\u00e2ce \u00e0 cette m\u00e9thode Livre + Audio.<\/p>\n<p><strong>Caract\u00e9ristiques :<\/strong> <strong>Application \u00e0 t\u00e9l\u00e9charger compatible Android, iOS, Windows et macOS 100 le\u00e7ons\u00a0(100 le\u00e7ons)<\/strong><br \/>\nExp\u00e9dition dans les 48 heures. Paiement unique, il n\u2019y a aucun abonnement mensuel !<br \/>\n<div class=\"eStore-product-fancy2\"><div class=\"eStore-thumbnail\"><a href=\"https:\/\/www.culturalusa.com\/news\/boutique\/apprendre-le-finnois\/\" title=\"Apprendre le Finnois\"><img decoding=\"async\" class=\"eStore-product-fancy2-thumb-image\" src=\"https:\/\/www.culturalusa.com\/news\/wp-content\/uploads\/2019\/05\/finnois.jpg\" alt=\"Apprendre le Finnois\" \/><\/a><\/div><div class=\"eStore-product-description\"><div class=\"eStore-fancy2-product-name\"><a href=\"https:\/\/www.culturalusa.com\/news\/boutique\/apprendre-le-finnois\/\">Apprendre le Finnois<\/a><\/div>Apprenez le Finnois. (Application \u00e0 t\u00e9l\u00e9charger compatible Android, iOS, Windows et macOS 100 le\u00e7ons).<br>La Finlande, un pays f\u00e9erique sous la neige comme sous le soleil de minuit. Des dialogues vivants et utiles, une progression tr\u00e8s \u00e9tudi\u00e9e, avec la prononciation gr\u00e2ce \u00e0 cette m\u00e9thode.<br>Caract\u00e9ristiques : 1 application compatible Android, iOS, Windows et macOS.<\/div><\/div><div class=\"eStore-product-fancy2-footer eStore-fancy-wrapper\"><div class=\"footer-left\"><div class=\"footer-left-content\"><form method=\"post\" action=\"\" class=\"eStore-button-form eStore-button-form-16\" style=\"display:inline\" onsubmit=\"return ReadForm1(this, 1);\"><input type=\"image\" src=\"https:\/\/www.culturalusa.com\/news\/wp-content\/plugins\/wp-cart-for-digital-products\/images\/add-to-cart-golden-with-cart-icon.png\" class=\"eStore_button eStore_add_to_cart_button\" alt=\"Add to Cart\" \/> <input type=\"hidden\" name=\"add_qty\" value=\"1\" \/>  <div class=\"eStore_variation_top\"><\/div><input type=\"hidden\" name=\"thumbnail_url\" value=\"https:\/\/www.culturalusa.com\/news\/wp-content\/uploads\/2019\/05\/finnois.jpg\" \/><input type=\"hidden\" name=\"estore_product_name\" value=\"Apprendre le Finnois\" \/><input type=\"hidden\" name=\"price\" value=\"49.90\" \/><input type=\"hidden\" name=\"product_name_tmp1\" value=\"Apprendre le Finnois\" \/><input type=\"hidden\" name=\"price_tmp1\" value=\"49.90\" \/><input type=\"hidden\" name=\"item_number\" value=\"16\" \/><input type=\"hidden\" name=\"shipping\" value=\"5.00\" \/><input type=\"hidden\" name=\"tax\" value=\"\" \/><input type=\"hidden\" name=\"addcart_eStore\" value=\"1\" \/><input type=\"hidden\" name=\"cartLink\" value=\"https:\/\/www.culturalusa.com\/news\/boutique\/apprendre-le-finnois\/\" \/><\/form><div class=\"eStore_item_added_msg eStore_item_added_msg-16\"><\/div><\/div><\/div><div class=\"footer-right\"><span class=\"eStore_fancy2_price\"><span class=\"eStore_price_label\">Prix: <\/span><span class=\"eStore_price_value\">49.90\u20ac<\/span><\/span><\/div><\/div><div class=\"eStore-clear-float\"><\/div>\n<div style=\"color: #222; background-color: #d9f47f; margin-top: 0px; margin-bottom: 25px; padding: 7px; box-shadow: 1px 1px 2px #333333; border-radius: 6px;\"><img decoding=\"async\" style=\"float: left; margin-right: 5px;\" src=\"https:\/\/www.culturalusa.com\/images\/icon-lien-32.png\" alt=\"lien\" \/><strong>Nous estimons, que cette <a href=\"https:\/\/www.culturalusa.com\/news\/boutique\/apprendre-les-langues-etrangeres\/\">m\u00e9thode d\u2019apprentissage des langues<\/a> que nous vous proposons, est une des meilleures au monde.<\/strong><\/div>\n<div style=\"color: #222; background-color: #d9f47f; margin-top: 0px; margin-bottom: 25px; padding: 7px; box-shadow: 1px 1px 2px #333333; border-radius: 6px;\"><img decoding=\"async\" style=\"float: left; margin-right: 5px;\" src=\"https:\/\/www.culturalusa.com\/images\/icon-info-32.png\" alt=\"lien\" \/><strong>Apprenez les langues<\/strong>: <a href=\"https:\/\/www.culturalusa.com\/news\/boutique\/apprendre-les-langues-etrangeres\/apprendre-le-portugais\/\"><strong>Portugais<\/strong><\/a> &#8211; <a href=\"https:\/\/www.culturalusa.com\/news\/boutique\/apprendre-les-langues-etrangeres\/apprendre-lespagnol\/\"><strong>Espagnol<\/strong><\/a> &#8211; <a href=\"https:\/\/www.culturalusa.com\/news\/boutique\/apprendre-les-langues-etrangeres\/apprendre-langlais\/\"><strong>Anglais<\/strong><\/a> &#8211; <a href=\"https:\/\/www.culturalusa.com\/news\/boutique\/apprendre-les-langues-etrangeres\/apprendre-litalien\/\"><strong>Italien<\/strong><\/a> &#8211; <a href=\"https:\/\/www.culturalusa.com\/news\/boutique\/apprendre-les-langues-etrangeres\/apprendre-lallemand\/\"><strong>Allemand<\/strong><\/a> &#8211; <a href=\"https:\/\/www.culturalusa.com\/news\/boutique\/apprendre-le-neerlandais\/\"><strong>N\u00e9erlandais<\/strong><\/a> &#8211; <a href=\"https:\/\/www.culturalusa.com\/news\/boutique\/apprendre-le-russe\/\"><strong>Russe<\/strong><\/a> &#8211; <a href=\"https:\/\/www.culturalusa.com\/news\/boutique\/apprendre-le-chinois\/\"><strong>Chinois<\/strong><\/a> &#8211; <a href=\"https:\/\/www.culturalusa.com\/news\/boutique\/apprendre-le-grec\/\"><strong>Grec<\/strong><\/a> &#8211; <a href=\"https:\/\/www.culturalusa.com\/news\/boutique\/apprendre-le-norvegien\/\"><strong>Norv\u00e9gien<\/strong><\/a> &#8211; <a href=\"https:\/\/www.culturalusa.com\/news\/boutique\/apprendre-le-suedois\/\"><strong>Su\u00e9dois<\/strong><\/a> &#8211; <a href=\"https:\/\/www.culturalusa.com\/news\/boutique\/apprendre-le-danois\/\"><strong>Danois<\/strong><\/a> &#8211; <a href=\"https:\/\/www.culturalusa.com\/news\/boutique\/apprendre-le-japonais\/\"><strong>Japonais<\/strong><\/a> &#8211; <a href=\"https:\/\/www.culturalusa.com\/news\/boutique\/apprendre-larabe\/\"><strong>Arabe<\/strong><\/a> &#8211; <a href=\"https:\/\/www.culturalusa.com\/news\/boutique\/apprendre-lhebreu\/\"><strong>H\u00e9breu<\/strong><\/a> &#8211; <a href=\"https:\/\/www.culturalusa.com\/news\/boutique\/apprendre-le-finnois\/\"><strong>Finnois<\/strong><\/a> &#8230;<\/div>\n","protected":false},"excerpt":{"rendered":"<p>Apprenez le Finnois Application \u00e0 t\u00e9l\u00e9charger compatible Android, iOS, Windows et macOS et 100 le\u00e7ons) Niveau : D\u00e9butants et Faux-d\u00e9butants Niveau Cadre Europ\u00e9en : B2 Langue maternelle : Fran\u00e7ais Langue \u00e9tudi\u00e9e : Finnois La Finlande, un pays f\u00e9erique sous la neige comme sous le soleil de minuit. D\u00e9couvrir ses paysages, ses lacs, for\u00eats et rivi\u00e8res, [&hellip;]<\/p>\n","protected":false},"author":1,"featured_media":0,"parent":550,"menu_order":0,"comment_status":"closed","ping_status":"closed","template":"","meta":{"footnotes":""},"class_list":["post-5465","page","type-page","status-publish","hentry"],"aioseo_notices":[],"_links":{"self":[{"href":"https:\/\/www.culturalusa.com\/news\/wp-json\/wp\/v2\/pages\/5465","targetHints":{"allow":["GET"]}}],"collection":[{"href":"https:\/\/www.culturalusa.com\/news\/wp-json\/wp\/v2\/pages"}],"about":[{"href":"https:\/\/www.culturalusa.com\/news\/wp-json\/wp\/v2\/types\/page"}],"author":[{"embeddable":true,"href":"https:\/\/www.culturalusa.com\/news\/wp-json\/wp\/v2\/users\/1"}],"replies":[{"embeddable":true,"href":"https:\/\/www.culturalusa.com\/news\/wp-json\/wp\/v2\/comments?post=5465"}],"version-history":[{"count":4,"href":"https:\/\/www.culturalusa.com\/news\/wp-json\/wp\/v2\/pages\/5465\/revisions"}],"predecessor-version":[{"id":12298,"href":"https:\/\/www.culturalusa.com\/news\/wp-json\/wp\/v2\/pages\/5465\/revisions\/12298"}],"up":[{"embeddable":true,"href":"https:\/\/www.culturalusa.com\/news\/wp-json\/wp\/v2\/pages\/550"}],"wp:attachment":[{"href":"https:\/\/www.culturalusa.com\/news\/wp-json\/wp\/v2\/media?parent=5465"}],"curies":[{"name":"wp","href":"https:\/\/api.w.org\/{rel}","templated":true}]}}