{"id":576,"date":"2012-05-25T02:11:04","date_gmt":"2012-05-25T00:11:04","guid":{"rendered":"http:\/\/www.culturalusa.com\/news\/?page_id=576"},"modified":"2024-01-14T16:45:42","modified_gmt":"2024-01-14T15:45:42","slug":"apprendre-langlais","status":"publish","type":"page","link":"https:\/\/www.culturalusa.com\/news\/boutique\/apprendre-les-langues-etrangeres\/apprendre-langlais\/","title":{"rendered":"Apprendre l&rsquo;Anglais"},"content":{"rendered":"<div class=\"box-rev\"><img decoding=\"async\" src=\"https:\/\/www.culturalusa.com\/news\/wp-content\/uploads\/2020\/09\/apprendre-anglais-2.jpg\" alt=\"\" width=\"100%\" \/><br \/>\n<img loading=\"lazy\" decoding=\"async\" class=\"alignright wp-image-4583\" src=\"https:\/\/www.culturalusa.com\/news\/wp-content\/uploads\/2019\/02\/anglais-Livre-Cd-mp3.png\" alt=\"\" width=\"288\" height=\"480\" srcset=\"https:\/\/www.culturalusa.com\/news\/wp-content\/uploads\/2019\/02\/anglais-Livre-Cd-mp3.png 192w, https:\/\/www.culturalusa.com\/news\/wp-content\/uploads\/2019\/02\/anglais-Livre-Cd-mp3-150x250.png 150w\" sizes=\"auto, (max-width: 288px) 100vw, 288px\" \/><br \/>\n<strong>Apprenez L\u2019Anglais<\/strong><br \/>\n<strong>PACK MP3: Un livre de 110 le\u00e7ons en 720 pages et 4 CD audio d\u2019une dur\u00e9e de 2 h 40<\/strong><br \/>\nNiveau : D\u00e9butants et Faux-d\u00e9butants<br \/>\nNiveau Cadre Europ\u00e9en : B2<br \/>\nLangue maternelle: Fran\u00e7ais<br \/>\nLangue \u00e9tudi\u00e9e: AnglaisEdition enti\u00e8rement remise \u00e0 jour, un best-seller (plus de 300 000 exemplaires vendus) pr\u00e9sente 40% de contenus in\u00e9dits et de tout nouveaux enregistrements audio.Les \u00e9volutions structurelles de la langue, l\u2019apparition de nouveaux termes et tournures idiomatiques ont en effet entrain\u00e9 des modifications \u00e9ditoriales pour vous offrir la meilleure m\u00e9thode d\u2019anglais contemporain.<\/p>\n<p>Langue de communication internationale, l\u2019anglais jouit d\u2019un statut officiel ou particulier dans 75 pays, et plus d&rsquo;un milliard de personnes le parlent en premi\u00e8re ou deuxi\u00e8me langue.<\/p>\n<p>Forte de ses racines latines et germaniques, c\u2019est une langue pleine de subtilit\u00e9s grammaticales et riche d\u2019un vocabulaire pr\u00e9cis qu\u2019il convient de ma\u00eetriser d\u00e8s le d\u00e9but de son apprentissage.<\/p>\n<p>Les enregistrements reprennent l&rsquo;int\u00e9gralit\u00e9 des textes en anglais des le\u00e7ons et des exercices de traduction du livre. Ils sont interpr\u00e9t\u00e9s, \u00e0 un rythme progressif, par des locuteurs natifs professionnels.<\/p>\n<p>Le CD MP3 permet de charger tout ou partie des enregistrements de la m\u00e9thode sur votre baladeur MP3, Smartphone ou ordinateur.<\/p>\n<p><strong>Caract\u00e9ristiques : Un livre de 110 le\u00e7ons en 720 pages et 4 CD audio d\u2019une dur\u00e9e de 2 h 40<br \/>\n<\/strong>Exp\u00e9dition dans les 48 heures. Paiement unique, il n\u2019y a aucun abonnement mensuel !<br \/>\n<div class=\"eStore-product-fancy2\"><div class=\"eStore-thumbnail\"><a href=\"https:\/\/www.culturalusa.com\/news\/boutique\/apprendre-les-langues-etrangeres\/apprendre-langlais\/\" title=\"Apprendre Anglais Un livre de 110 le\u00e7ons en 720 pages et 4 CD audio\"><img decoding=\"async\" class=\"eStore-product-fancy2-thumb-image\" src=\"https:\/\/www.culturalusa.com\/news\/wp-content\/uploads\/2019\/02\/anglais-Livre-Cd-mp3.png\" alt=\"Apprendre Anglais Un livre de 110 le\u00e7ons en 720 pages et 4 CD audio\" \/><\/a><\/div><div class=\"eStore-product-description\"><div class=\"eStore-fancy2-product-name\"><a href=\"https:\/\/www.culturalusa.com\/news\/boutique\/apprendre-les-langues-etrangeres\/apprendre-langlais\/\">Apprendre Anglais Un livre de 110 le\u00e7ons en 720 pages et 4 CD audio<\/a><\/div>Apprenez l\u2019Anglais : Un livre de 110 le\u00e7ons en 720 pages et 4 CD audio d\u2019une dur\u00e9e de 2 h 40 .<br>Edition enti\u00e8rement remise \u00e0 jour, un best-seller (plus de 300 000 exemplaires vendus) pr\u00e9sente 40% de contenus in\u00e9dits et de tout nouveaux enregistrements audio. Langue de communication internationale, l\u2019anglais jouit d\u2019un statut officiel ou particulier dans 75 pays.<br>Caract\u00e9ristiques : Un livre de 110 le\u00e7ons en 720 pages et 4 CD audio d\u2019une dur\u00e9e de 2 h 40)<\/div><\/div><div class=\"eStore-product-fancy2-footer eStore-fancy-wrapper\"><div class=\"footer-left\"><div class=\"footer-left-content\"><form method=\"post\" action=\"\" class=\"eStore-button-form eStore-button-form-1\" style=\"display:inline\" onsubmit=\"return ReadForm1(this, 1);\"><input type=\"image\" src=\"https:\/\/www.culturalusa.com\/news\/wp-content\/plugins\/wp-cart-for-digital-products\/images\/add-to-cart-golden-with-cart-icon.png\" class=\"eStore_button eStore_add_to_cart_button\" alt=\"Add to Cart\" \/> <input type=\"hidden\" name=\"add_qty\" value=\"1\" \/>  <div class=\"eStore_variation_top\"><\/div><input type=\"hidden\" name=\"thumbnail_url\" value=\"https:\/\/www.culturalusa.com\/news\/wp-content\/uploads\/2019\/02\/anglais-Livre-Cd-mp3.png\" \/><input type=\"hidden\" name=\"estore_product_name\" value=\"Apprendre Anglais Un livre de 110 le\u00e7ons en 720 pages et 4 CD audio\" \/><input type=\"hidden\" name=\"price\" value=\"65.90\" \/><input type=\"hidden\" name=\"product_name_tmp1\" value=\"Apprendre Anglais Un livre de 110 le\u00e7ons en 720 pages et 4 CD audio\" \/><input type=\"hidden\" name=\"price_tmp1\" value=\"65.90\" \/><input type=\"hidden\" name=\"item_number\" value=\"1\" \/><input type=\"hidden\" name=\"shipping\" value=\"5.90\" \/><input type=\"hidden\" name=\"tax\" value=\"\" \/><input type=\"hidden\" name=\"addcart_eStore\" value=\"1\" \/><input type=\"hidden\" name=\"cartLink\" value=\"https:\/\/www.culturalusa.com\/news\/boutique\/apprendre-les-langues-etrangeres\/apprendre-langlais\/\" \/><\/form><div class=\"eStore_item_added_msg eStore_item_added_msg-1\"><\/div><\/div><\/div><div class=\"footer-right\"><span class=\"eStore_fancy2_price\"><span class=\"eStore_price_label\">Prix: <\/span><span class=\"eStore_price_value\">65.90\u20ac<\/span><\/span><\/div><\/div><div class=\"eStore-clear-float\"><\/div>\n<div class=\"eStore-product-fancy2\"><div class=\"eStore-thumbnail\"><a href=\"https:\/\/www.culturalusa.com\/news\/boutique\/apprendre-les-langues-etrangeres\/apprendre-langlais\/\" title=\"Un livre de 110 le\u00e7ons en 720 pages et 1 cl\u00e9 USB \"><img decoding=\"async\" class=\"eStore-product-fancy2-thumb-image\" src=\"https:\/\/www.culturalusa.com\/news\/wp-content\/uploads\/2019\/02\/anglais-Livre-Cd-mp3.png\" alt=\"Un livre de 110 le\u00e7ons en 720 pages et 1 cl\u00e9 USB \" \/><\/a><\/div><div class=\"eStore-product-description\"><div class=\"eStore-fancy2-product-name\"><a href=\"https:\/\/www.culturalusa.com\/news\/boutique\/apprendre-les-langues-etrangeres\/apprendre-langlais\/\">Un livre de 110 le\u00e7ons en 720 pages et 1 cl\u00e9 USB <\/a><\/div>Un livre de 110 le\u00e7ons en 720 pages et 1 cl\u00e9 USB (2000 fichiers)<br>\r\nApprendre l\u2019Anglais : Un livre de 110 le\u00e7ons en 720 pages et 1 cl\u00e9 USB (2000 fichiers) d'une dur\u00e9e de 2 h 40\r\n1 livre + 1 cl\u00e9 USB (fichiers mp3)<br>Edition enti\u00e8rement remise \u00e0 jour, un best-seller (plus de 300 000 exemplaires vendus) pr\u00e9sente 40% de contenus in\u00e9dits et de tout nouveaux enregistrements audio. Langue de communication internationale, l\u2019anglais jouit d\u2019un statut officiel ou particulier dans 75 pays.<\/div><\/div><div class=\"eStore-product-fancy2-footer eStore-fancy-wrapper\"><div class=\"footer-left\"><div class=\"footer-left-content\"><form method=\"post\" action=\"\" class=\"eStore-button-form eStore-button-form-43\" style=\"display:inline\" onsubmit=\"return ReadForm1(this, 1);\"><input type=\"image\" src=\"https:\/\/www.culturalusa.com\/news\/wp-content\/plugins\/wp-cart-for-digital-products\/images\/add-to-cart-golden-with-cart-icon.png\" class=\"eStore_button eStore_add_to_cart_button\" alt=\"Add to Cart\" \/> <input type=\"hidden\" name=\"add_qty\" value=\"1\" \/>  <div class=\"eStore_variation_top\"><\/div><input type=\"hidden\" name=\"thumbnail_url\" value=\"https:\/\/www.culturalusa.com\/news\/wp-content\/uploads\/2019\/02\/anglais-Livre-Cd-mp3.png\" \/><input type=\"hidden\" name=\"estore_product_name\" value=\"Un livre de 110 le\u00e7ons en 720 pages et 1 cl\u00e9 USB \" \/><input type=\"hidden\" name=\"price\" value=\"69.90\" \/><input type=\"hidden\" name=\"product_name_tmp1\" value=\"Un livre de 110 le\u00e7ons en 720 pages et 1 cl\u00e9 USB \" \/><input type=\"hidden\" name=\"price_tmp1\" value=\"69.90\" \/><input type=\"hidden\" name=\"item_number\" value=\"43\" \/><input type=\"hidden\" name=\"shipping\" value=\"5.90\" \/><input type=\"hidden\" name=\"tax\" value=\"\" \/><input type=\"hidden\" name=\"addcart_eStore\" value=\"1\" \/><input type=\"hidden\" name=\"cartLink\" value=\"https:\/\/www.culturalusa.com\/news\/boutique\/apprendre-les-langues-etrangeres\/apprendre-langlais\/\" \/><\/form><div class=\"eStore_item_added_msg eStore_item_added_msg-43\"><\/div><\/div><\/div><div class=\"footer-right\"><span class=\"eStore_fancy2_price\"><span class=\"eStore_price_label\">Prix: <\/span><span class=\"eStore_price_value\">69.90\u20ac<\/span><\/span><\/div><\/div><div class=\"eStore-clear-float\"><\/div>\n<p style=\"text-align: right;\"><img decoding=\"async\" src=\"https:\/\/www.culturalusa.com\/images\/paiement-paypal.jpg\" alt=\"Paiement S\u00e9curis\u00e9 avec Paypal\" \/><\/p>\n<p><a title=\"Apprendre les Langues\" href=\"https:\/\/www.culturalusa.com\/news\/boutique\/apprendre-les-langues-etrangeres\/\"><img decoding=\"async\" class=\"aligncenter size-full wp-image-4667\" src=\"https:\/\/www.culturalusa.com\/news\/wp-content\/uploads\/2019\/02\/languages2.jpg\" alt=\"\" width=\"100%\" srcset=\"https:\/\/www.culturalusa.com\/news\/wp-content\/uploads\/2019\/02\/languages2.jpg 650w, https:\/\/www.culturalusa.com\/news\/wp-content\/uploads\/2019\/02\/languages2-275x118.jpg 275w, https:\/\/www.culturalusa.com\/news\/wp-content\/uploads\/2019\/02\/languages2-480x207.jpg 480w\" sizes=\"(max-width: 650px) 100vw, 650px\" \/><\/a><br \/>\n<strong>Nous estimons, que cette <a href=\"https:\/\/www.culturalusa.com\/news\/boutique\/apprendre-les-langues-etrangeres\/\">m\u00e9thode d\u2019apprentissage des langues<\/a> que nous vous proposons, est une des meilleures au monde, pour ne pas dire la meilleure au monde.<\/strong><\/p>\n<div style=\"color: #222; background-color: #d9f47f; margin-top: 0px; margin-bottom: 25px; padding: 6px; box-shadow: 1px 1px 2px #333333; border-radius: 6px;\"><img decoding=\"async\" style=\"float: left; margin-right: 5px;\" src=\"https:\/\/www.culturalusa.com\/images\/icon-info-32.png\" alt=\"lien\" \/><strong>Apprenez les langues<\/strong>: <a href=\"https:\/\/www.culturalusa.com\/news\/boutique\/apprendre-les-langues-etrangeres\/apprendre-le-portugais\/\"><strong>Portugais<\/strong><\/a> &#8211; <a href=\"https:\/\/www.culturalusa.com\/news\/boutique\/apprendre-les-langues-etrangeres\/apprendre-lespagnol\/\"><strong>Espagnol<\/strong><\/a> &#8211; <a href=\"https:\/\/www.culturalusa.com\/news\/boutique\/apprendre-les-langues-etrangeres\/apprendre-langlais\/\"><strong>Anglais<\/strong><\/a> &#8211; <a href=\"https:\/\/www.culturalusa.com\/news\/boutique\/apprendre-les-langues-etrangeres\/apprendre-litalien\/\"><strong>Italien<\/strong><\/a> &#8211; <a href=\"https:\/\/www.culturalusa.com\/news\/boutique\/apprendre-les-langues-etrangeres\/apprendre-lallemand\/\"><strong>Allemand<\/strong><\/a> &#8211; <a href=\"https:\/\/www.culturalusa.com\/news\/boutique\/apprendre-le-neerlandais\/\"><strong>N\u00e9erlandais<\/strong><\/a> &#8211; <a href=\"https:\/\/www.culturalusa.com\/news\/boutique\/apprendre-le-russe\/\"><strong>Russe<\/strong><\/a> &#8211; <a href=\"https:\/\/www.culturalusa.com\/news\/boutique\/apprendre-le-chinois\/\"><strong>Chinois<\/strong><\/a> &#8211; <a href=\"https:\/\/www.culturalusa.com\/news\/boutique\/apprendre-le-grec\/\"><strong>Grec<\/strong><\/a> &#8211; <a href=\"https:\/\/www.culturalusa.com\/news\/boutique\/apprendre-le-norvegien\/\"><strong>Norv\u00e9gien<\/strong><\/a> &#8211; <a href=\"https:\/\/www.culturalusa.com\/news\/boutique\/apprendre-le-suedois\/\"><strong>Su\u00e9dois<\/strong><\/a> &#8211; <a href=\"https:\/\/www.culturalusa.com\/news\/boutique\/apprendre-le-danois\/\"><strong>Danois<\/strong><\/a> &#8211; <a href=\"https:\/\/www.culturalusa.com\/news\/boutique\/apprendre-le-japonais\/\"><strong>Japonais<\/strong><\/a> &#8211; <a href=\"https:\/\/www.culturalusa.com\/news\/boutique\/apprendre-larabe\/\"><strong>Arabe<\/strong><\/a> &#8211; <a href=\"https:\/\/www.culturalusa.com\/news\/boutique\/apprendre-lhebreu\/\"><strong>H\u00e9breu<\/strong><\/a> &#8230;<\/div>\n<h4 style=\"text-align: center; background: #cd1713 none repeat scroll 0 0; color: #fff; margin: 25px 5px 10px; padding: 3px 7px;\">Advertisement &#8211; Annonces<\/h4>\n<p style=\"text-align: center;\"><a title=\"Cr\u00e9ation de site internet cl\u00e9s en mains\" href=\"https:\/\/www.123affaires.biz\/creer_un_site.html\" target=\"_blank\" rel=\"noopener noreferrer\"><img decoding=\"async\" style=\"box-shadow: 1px 1px 4px #222222; border-radius: 5px;\" src=\"https:\/\/www.culturalusa.com\/images\/web-design-470.jpg\" alt=\"webdesign\" width=\"98%\" border=\"0\" \/><\/a><\/p>\n<hr \/>\n<p><a title=\"M\u00e9decins du Monde\" href=\"https:\/\/www.medecinsdumonde.org\/fr\" target=\"_blank\" rel=\"noopener noreferrer\"><img loading=\"lazy\" decoding=\"async\" class=\"alignright size-full wp-image-4510\" src=\"https:\/\/www.culturalusa.com\/news\/wp-content\/uploads\/2019\/02\/medecinsdumonde-1.jpg\" alt=\"\" width=\"160\" height=\"160\" srcset=\"https:\/\/www.culturalusa.com\/news\/wp-content\/uploads\/2019\/02\/medecinsdumonde-1-150x150.jpg 150w, https:\/\/www.culturalusa.com\/news\/wp-content\/uploads\/2019\/02\/medecinsdumonde-1-50x50.jpg 50w, https:\/\/www.culturalusa.com\/news\/wp-content\/uploads\/2019\/02\/medecinsdumonde-1-144x144.jpg 144w\" sizes=\"auto, (max-width: 160px) 100vw, 160px\" \/><\/a><br \/>\n<a href=\"https:\/\/www.medecinsdumonde.org\/fr\" target=\"_blank\" rel=\"noopener noreferrer\">M\u00e9decins du Monde<\/a> est un mouvement international ind\u00e9pendant de militants actifs qui soignent, t\u00e9moignent et accompagnent le changement social.<\/p>\n<p>\u00c0 partir de nos 388 programmes m\u00e9dicaux innovants et d\u2019un plaidoyer bas\u00e9 sur des faits, nous mettons les personnes exclues et leurs communaut\u00e9s en capacit\u00e9 d\u2019acc\u00e9der \u00e0 la sant\u00e9 tout en se battant pour un acc\u00e8s universel aux soins.\u200b<\/p>\n<hr \/>\n<\/div>\n","protected":false},"excerpt":{"rendered":"<p>Apprenez L\u2019Anglais PACK MP3: Un livre de 110 le\u00e7ons en 720 pages et 4 CD audio d\u2019une dur\u00e9e de 2 h 40 Niveau : D\u00e9butants et Faux-d\u00e9butants Niveau Cadre Europ\u00e9en : B2 Langue maternelle: Fran\u00e7ais Langue \u00e9tudi\u00e9e: AnglaisEdition enti\u00e8rement remise \u00e0 jour, un best-seller (plus de 300 000 exemplaires vendus) pr\u00e9sente 40% de contenus in\u00e9dits [&hellip;]<\/p>\n","protected":false},"author":1,"featured_media":0,"parent":565,"menu_order":3,"comment_status":"open","ping_status":"closed","template":"","meta":{"footnotes":""},"class_list":["post-576","page","type-page","status-publish","hentry"],"aioseo_notices":[],"_links":{"self":[{"href":"https:\/\/www.culturalusa.com\/news\/wp-json\/wp\/v2\/pages\/576","targetHints":{"allow":["GET"]}}],"collection":[{"href":"https:\/\/www.culturalusa.com\/news\/wp-json\/wp\/v2\/pages"}],"about":[{"href":"https:\/\/www.culturalusa.com\/news\/wp-json\/wp\/v2\/types\/page"}],"author":[{"embeddable":true,"href":"https:\/\/www.culturalusa.com\/news\/wp-json\/wp\/v2\/users\/1"}],"replies":[{"embeddable":true,"href":"https:\/\/www.culturalusa.com\/news\/wp-json\/wp\/v2\/comments?post=576"}],"version-history":[{"count":3,"href":"https:\/\/www.culturalusa.com\/news\/wp-json\/wp\/v2\/pages\/576\/revisions"}],"predecessor-version":[{"id":12226,"href":"https:\/\/www.culturalusa.com\/news\/wp-json\/wp\/v2\/pages\/576\/revisions\/12226"}],"up":[{"embeddable":true,"href":"https:\/\/www.culturalusa.com\/news\/wp-json\/wp\/v2\/pages\/565"}],"wp:attachment":[{"href":"https:\/\/www.culturalusa.com\/news\/wp-json\/wp\/v2\/media?parent=576"}],"curies":[{"name":"wp","href":"https:\/\/api.w.org\/{rel}","templated":true}]}}