{"id":583,"date":"2012-05-26T12:13:37","date_gmt":"2012-05-26T10:13:37","guid":{"rendered":"http:\/\/www.culturalusa.com\/news\/?page_id=583"},"modified":"2024-01-14T17:44:59","modified_gmt":"2024-01-14T16:44:59","slug":"apprendre-lallemand","status":"publish","type":"page","link":"https:\/\/www.culturalusa.com\/news\/boutique\/apprendre-les-langues-etrangeres\/apprendre-lallemand\/","title":{"rendered":"Apprendre l&rsquo;Allemand"},"content":{"rendered":"<div class=\"box-rev\"><img loading=\"lazy\" decoding=\"async\" class=\"alignright  wp-image-4595\" src=\"https:\/\/www.culturalusa.com\/news\/wp-content\/uploads\/2019\/02\/allemand-livre-cd-mp3.jpg\" alt=\"\" width=\"267\" height=\"381\" srcset=\"https:\/\/www.culturalusa.com\/news\/wp-content\/uploads\/2019\/02\/allemand-livre-cd-mp3.jpg 224w, https:\/\/www.culturalusa.com\/news\/wp-content\/uploads\/2019\/02\/allemand-livre-cd-mp3-175x250.jpg 175w\" sizes=\"auto, (max-width: 267px) 100vw, 267px\" \/><br \/>\n<strong>Apprenez L&rsquo;Allemand<\/strong><br \/>\n<strong>Pack CD audio : Un livre de 100 le\u00e7ons en 592 pages et 3 CD audio d\u2019une dur\u00e9e de 2h40<\/strong><br \/>\nNiveau : D\u00e9butants et Faux-d\u00e9butants<br \/>\nNiveau Cadre Europ\u00e9en : B2<br \/>\nLangue maternelle: Fran\u00e7ais<br \/>\nLangue \u00e9tudi\u00e9e: AllemandEn suivant r\u00e9guli\u00e8rement et attentivement, vous allez apprendre en quelques mois le vocabulaire de la langue courante, ainsi que les r\u00e8gles fondamentales de la grammaire.Tr\u00e8s rapidement, cette belle langue vous semblera famili\u00e8re, gr\u00e2ce \u00e0 la centaine de dialogues tir\u00e9s de la vie quotidienne que nous vous pr\u00e9sentons dans cet ouvrage.<\/p>\n<p>Les enregistrements reprennent l&rsquo;int\u00e9gralit\u00e9 des textes en allemand des le\u00e7ons et des exercices de traduction du livre. Ils sont interpr\u00e9t\u00e9s, \u00e0 un rythme progressif, par des locuteurs natifs professionnels.<\/p>\n<p>Des dialogues vivants et utiles, une progression tr\u00e8s \u00e9tudi\u00e9e et la prononciation gr\u00e2ce \u00e0 la m\u00e9thode Livre + Audio.<\/p>\n<p>Le CD MP3 permet de charger tout ou partie des enregistrements de la m\u00e9thode sur votre baladeur MP3, Smartphone ou ordinateur.<\/p>\n<p><strong>1-\u00a0 Pack CD audio : Un livre de 100 le\u00e7ons en 592 pages et 3 CD audio d\u2019une dur\u00e9e de 2h40<br \/>\n2- Pack USB : Un livre de 100 le\u00e7ons en 592 pages et 1 cl\u00e9 USB d&rsquo;une dur\u00e9e de 2h40 (1851 fichiers))<\/strong><\/p>\n<p>Exp\u00e9dition dans les 48 heures.<br \/>\n<div class=\"eStore-product-fancy2\"><div class=\"eStore-thumbnail\"><a href=\"https:\/\/www.culturalusa.com\/news\/boutique\/apprendre-les-langues-etrangeres\/apprendre-lallemand\/\" title=\"Apprendre Allemand. Livre + 3 CD audio.\"><img decoding=\"async\" class=\"eStore-product-fancy2-thumb-image\" src=\"https:\/\/www.culturalusa.com\/news\/wp-content\/uploads\/2019\/02\/allemand-livre-cd-mp3.jpg\" alt=\"Apprendre Allemand. Livre + 3 CD audio.\" \/><\/a><\/div><div class=\"eStore-product-description\"><div class=\"eStore-fancy2-product-name\"><a href=\"https:\/\/www.culturalusa.com\/news\/boutique\/apprendre-les-langues-etrangeres\/apprendre-lallemand\/\">Apprendre Allemand. Livre + 3 CD audio.<\/a><\/div>Apprendre l'Allemand. Pack CD audio : Un livre de 100 le\u00e7ons en 592 pages et 3 CD audio d\u2019une dur\u00e9e de 2h40 .<br>Tr\u00e8s rapidement, cette belle langue vous semblera famili\u00e8re, gr\u00e2ce \u00e0 la centaine de dialogues tir\u00e9s de la vie quotidienne que nous vous pr\u00e9sentons dans cet ouvrage.<\/div><\/div><div class=\"eStore-product-fancy2-footer eStore-fancy-wrapper\"><div class=\"footer-left\"><div class=\"footer-left-content\"><form method=\"post\" action=\"\" class=\"eStore-button-form eStore-button-form-4\" style=\"display:inline\" onsubmit=\"return ReadForm1(this, 1);\"><input type=\"image\" src=\"https:\/\/www.culturalusa.com\/news\/wp-content\/plugins\/wp-cart-for-digital-products\/images\/add-to-cart-golden-with-cart-icon.png\" class=\"eStore_button eStore_add_to_cart_button\" alt=\"Add to Cart\" \/> <input type=\"hidden\" name=\"add_qty\" value=\"1\" \/>  <div class=\"eStore_variation_top\"><\/div><input type=\"hidden\" name=\"thumbnail_url\" value=\"https:\/\/www.culturalusa.com\/news\/wp-content\/uploads\/2019\/02\/allemand-livre-cd-mp3.jpg\" \/><input type=\"hidden\" name=\"estore_product_name\" value=\"Apprendre Allemand. Livre + 3 CD audio.\" \/><input type=\"hidden\" name=\"price\" value=\"65.90\" \/><input type=\"hidden\" name=\"product_name_tmp1\" value=\"Apprendre Allemand. Livre + 3 CD audio.\" \/><input type=\"hidden\" name=\"price_tmp1\" value=\"65.90\" \/><input type=\"hidden\" name=\"item_number\" value=\"4\" \/><input type=\"hidden\" name=\"shipping\" value=\"5.90\" \/><input type=\"hidden\" name=\"tax\" value=\"\" \/><input type=\"hidden\" name=\"addcart_eStore\" value=\"1\" \/><input type=\"hidden\" name=\"cartLink\" value=\"https:\/\/www.culturalusa.com\/news\/boutique\/apprendre-les-langues-etrangeres\/apprendre-lallemand\/\" \/><\/form><div class=\"eStore_item_added_msg eStore_item_added_msg-4\"><\/div><\/div><\/div><div class=\"footer-right\"><span class=\"eStore_fancy2_price\"><span class=\"eStore_price_label\">Prix: <\/span><span class=\"eStore_price_value\">65.90\u20ac<\/span><\/span><\/div><\/div><div class=\"eStore-clear-float\"><\/div>\n<div class=\"eStore-product-fancy2\"><div class=\"eStore-thumbnail\"><a href=\"https:\/\/www.culturalusa.com\/news\/boutique\/apprendre-les-langues-etrangeres\/apprendre-lallemand\/\" title=\"Apprendre Allemand. Un livre de 100 le\u00e7ons et 1 cl\u00e9 USB (1851 fichiers)\"><img decoding=\"async\" class=\"eStore-product-fancy2-thumb-image\" src=\"https:\/\/www.culturalusa.com\/news\/wp-content\/uploads\/2019\/02\/allemand-livre-cd-mp3.jpg\" alt=\"Apprendre Allemand. Un livre de 100 le\u00e7ons et 1 cl\u00e9 USB (1851 fichiers)\" \/><\/a><\/div><div class=\"eStore-product-description\"><div class=\"eStore-fancy2-product-name\"><a href=\"https:\/\/www.culturalusa.com\/news\/boutique\/apprendre-les-langues-etrangeres\/apprendre-lallemand\/\">Apprendre Allemand. Un livre de 100 le\u00e7ons et 1 cl\u00e9 USB (1851 fichiers)<\/a><\/div>Apprendre l'Allemand. Pack USB : Pack USB : Un livre de 100 le\u00e7ons en 592 pages et 1 cl\u00e9 USB d'une dur\u00e9e de 2h40 (1851 fichiers) d'une dur\u00e9e de 2h40 (1851 fichiers) .<br>Tr\u00e8s rapidement, cette belle langue vous semblera famili\u00e8re, gr\u00e2ce \u00e0 la centaine de dialogues tir\u00e9s de la vie quotidienne que nous vous pr\u00e9sentons dans cet ouvrage.<\/div><\/div><div class=\"eStore-product-fancy2-footer eStore-fancy-wrapper\"><div class=\"footer-left\"><div class=\"footer-left-content\"><form method=\"post\" action=\"\" class=\"eStore-button-form eStore-button-form-45\" style=\"display:inline\" onsubmit=\"return ReadForm1(this, 1);\"><input type=\"image\" src=\"https:\/\/www.culturalusa.com\/news\/wp-content\/plugins\/wp-cart-for-digital-products\/images\/add-to-cart-golden-with-cart-icon.png\" class=\"eStore_button eStore_add_to_cart_button\" alt=\"Add to Cart\" \/> <input type=\"hidden\" name=\"add_qty\" value=\"1\" \/>  <div class=\"eStore_variation_top\"><\/div><input type=\"hidden\" name=\"thumbnail_url\" value=\"https:\/\/www.culturalusa.com\/news\/wp-content\/uploads\/2019\/02\/allemand-livre-cd-mp3.jpg\" \/><input type=\"hidden\" name=\"estore_product_name\" value=\"Apprendre Allemand. Un livre de 100 le\u00e7ons et 1 cl\u00e9 USB (1851 fichiers)\" \/><input type=\"hidden\" name=\"price\" value=\"69.90\" \/><input type=\"hidden\" name=\"product_name_tmp1\" value=\"Apprendre Allemand. Un livre de 100 le\u00e7ons et 1 cl\u00e9 USB (1851 fichiers)\" \/><input type=\"hidden\" name=\"price_tmp1\" value=\"69.90\" \/><input type=\"hidden\" name=\"item_number\" value=\"45\" \/><input type=\"hidden\" name=\"shipping\" value=\"5.90\" \/><input type=\"hidden\" name=\"tax\" value=\"\" \/><input type=\"hidden\" name=\"addcart_eStore\" value=\"1\" \/><input type=\"hidden\" name=\"cartLink\" value=\"https:\/\/www.culturalusa.com\/news\/boutique\/apprendre-les-langues-etrangeres\/apprendre-lallemand\/\" \/><\/form><div class=\"eStore_item_added_msg eStore_item_added_msg-45\"><\/div><\/div><\/div><div class=\"footer-right\"><span class=\"eStore_fancy2_price\"><span class=\"eStore_price_label\">Prix: <\/span><span class=\"eStore_price_value\">69.90\u20ac<\/span><\/span><\/div><\/div><div class=\"eStore-clear-float\"><\/div>\n<p style=\"text-align: right;\"><img decoding=\"async\" src=\"https:\/\/www.culturalusa.com\/images\/paiement-paypal.jpg\" alt=\"Paiement S\u00e9curis\u00e9 avec Paypal\" \/><\/p>\n<p><strong>Le Guide de conversation Allemand<\/strong>, ci-dessous, est tr\u00e8s pratique et il est con\u00e7u avant tout pour les besoins du voyage et les langues les plus parl\u00e9es, cette collection \u00e0 petit prix se veut d\u2019un usage facile et d\u2019une prise en mains rapide.<\/p>\n<p><a title=\"Apprendre les Langues\" href=\"https:\/\/www.culturalusa.com\/news\/boutique\/apprendre-les-langues-etrangeres\/\"><img decoding=\"async\" class=\"aligncenter size-full wp-image-4667\" src=\"https:\/\/www.culturalusa.com\/news\/wp-content\/uploads\/2019\/02\/languages2.jpg\" alt=\"\" width=\"100%\" srcset=\"https:\/\/www.culturalusa.com\/news\/wp-content\/uploads\/2019\/02\/languages2.jpg 650w, https:\/\/www.culturalusa.com\/news\/wp-content\/uploads\/2019\/02\/languages2-275x118.jpg 275w, https:\/\/www.culturalusa.com\/news\/wp-content\/uploads\/2019\/02\/languages2-480x207.jpg 480w\" sizes=\"(max-width: 650px) 100vw, 650px\" \/><\/a><br \/>\n<strong>Nous estimons, que cette <a href=\"https:\/\/www.culturalusa.com\/news\/boutique\/apprendre-les-langues-etrangeres\/\">m\u00e9thode d\u2019apprentissage des langues<\/a> que nous vous proposons, est une des meilleures au monde, pour ne pas dire la meilleure au monde.<\/strong><\/p>\n<div style=\"color: #222; background-color: #d9f47f; margin-top: 0px; margin-bottom: 25px; padding: 5px; box-shadow: 1px 1px 2px #333333; border-radius: 6px;\"><img decoding=\"async\" style=\"float: left; margin-right: 5px;\" src=\"https:\/\/www.culturalusa.com\/images\/icon-info-32.png\" alt=\"lien\" \/><strong>Apprenez les langues<\/strong>: <a href=\"https:\/\/www.culturalusa.com\/news\/boutique\/apprendre-les-langues-etrangeres\/apprendre-le-portugais\/\"><strong>Portugais<\/strong><\/a> &#8211; <a href=\"https:\/\/www.culturalusa.com\/news\/boutique\/apprendre-les-langues-etrangeres\/apprendre-lespagnol\/\"><strong>Espagnol<\/strong><\/a> &#8211; <a href=\"https:\/\/www.culturalusa.com\/news\/boutique\/apprendre-les-langues-etrangeres\/apprendre-langlais\/\"><strong>Anglais<\/strong><\/a> &#8211; <a href=\"https:\/\/www.culturalusa.com\/news\/boutique\/apprendre-les-langues-etrangeres\/apprendre-litalien\/\"><strong>Italien<\/strong><\/a> &#8211; <a href=\"https:\/\/www.culturalusa.com\/news\/boutique\/apprendre-les-langues-etrangeres\/apprendre-lallemand\/\"><strong>Allemand<\/strong><\/a> &#8211; <a href=\"https:\/\/www.culturalusa.com\/news\/boutique\/apprendre-le-neerlandais\/\"><strong>N\u00e9erlandais<\/strong><\/a> &#8211; <a href=\"https:\/\/www.culturalusa.com\/news\/boutique\/apprendre-le-russe\/\"><strong>Russe<\/strong><\/a> &#8211; <a href=\"https:\/\/www.culturalusa.com\/news\/boutique\/apprendre-le-chinois\/\"><strong>Chinois<\/strong><\/a> &#8211; <a href=\"https:\/\/www.culturalusa.com\/news\/boutique\/apprendre-le-grec\/\"><strong>Grec<\/strong><\/a> &#8211; <a href=\"https:\/\/www.culturalusa.com\/news\/boutique\/apprendre-le-norvegien\/\"><strong>Norv\u00e9gien<\/strong><\/a> &#8211; <a href=\"https:\/\/www.culturalusa.com\/news\/boutique\/apprendre-le-suedois\/\"><strong>Su\u00e9dois<\/strong><\/a> &#8211; <a href=\"https:\/\/www.culturalusa.com\/news\/boutique\/apprendre-le-danois\/\"><strong>Danois<\/strong><\/a><\/div>\n<div style=\"clear: both;\">\n<h4 style=\"text-align: center; background: #cd1713 none repeat scroll 0 0; color: #fff; margin: 20px 5px 10px; padding: 3px 7px;\">Advertisement \u2013 Annonces<\/h4>\n<\/div>\n<p style=\"text-align: center;\"><a title=\"Cr\u00e9ation de Site en ligne\" href=\"https:\/\/www.web-serveur.eu\/applications-cms.html\" target=\"_blank\" rel=\"noopener noreferrer\"><img decoding=\"async\" style=\"box-shadow: 1px 1px 4px #222222; border-radius: 6px; width: 95%;\" src=\"https:\/\/www.culturalusa.com\/images\/creation-site-online.jpg\" alt=\"H\u00e9bergement web\" border=\"0\" \/><\/a><\/p>\n<hr \/>\n<p><a href=\"http:\/\/www.mission-humanitaire.fr\/\" target=\"_blank\" rel=\"noopener noreferrer\">MISSION HUMANITAIRE<\/a> est une Organisation de Solidarit\u00e9 Internationale, d\u00e9clar\u00e9e, qui vous propose de partir pour des missions humanitaires en Asie, en Afrique et sur plusieurs destinations.<\/p>\n<p><a title=\"MISSION HUMANITAIRE\" href=\"http:\/\/www.mission-humanitaire.fr\/\" target=\"_blank\" rel=\"noopener noreferrer\"><img loading=\"lazy\" decoding=\"async\" width=\"630\" height=\"217\" class=\"aligncenter size-full wp-image-4504\" style=\"box-shadow: 1px 1px 4px #222222; border-radius: 6px; width: 98%;\" src=\"https:\/\/www.culturalusa.com\/news\/wp-content\/uploads\/2019\/02\/MissionHumanitaire.jpg\" alt=\"\" srcset=\"https:\/\/www.culturalusa.com\/news\/wp-content\/uploads\/2019\/02\/MissionHumanitaire.jpg 630w, https:\/\/www.culturalusa.com\/news\/wp-content\/uploads\/2019\/02\/MissionHumanitaire-275x95.jpg 275w, https:\/\/www.culturalusa.com\/news\/wp-content\/uploads\/2019\/02\/MissionHumanitaire-480x165.jpg 480w\" sizes=\"auto, (max-width: 630px) 100vw, 630px\" \/><\/a><\/p>\n<hr \/>\n<\/div>\n","protected":false},"excerpt":{"rendered":"<p>Apprenez L&rsquo;Allemand Pack CD audio : Un livre de 100 le\u00e7ons en 592 pages et 3 CD audio d\u2019une dur\u00e9e de 2h40 Niveau : D\u00e9butants et Faux-d\u00e9butants Niveau Cadre Europ\u00e9en : B2 Langue maternelle: Fran\u00e7ais Langue \u00e9tudi\u00e9e: AllemandEn suivant r\u00e9guli\u00e8rement et attentivement, vous allez apprendre en quelques mois le vocabulaire de la langue courante, ainsi [&hellip;]<\/p>\n","protected":false},"author":1,"featured_media":0,"parent":565,"menu_order":4,"comment_status":"open","ping_status":"closed","template":"","meta":{"footnotes":""},"class_list":["post-583","page","type-page","status-publish","hentry"],"aioseo_notices":[],"_links":{"self":[{"href":"https:\/\/www.culturalusa.com\/news\/wp-json\/wp\/v2\/pages\/583","targetHints":{"allow":["GET"]}}],"collection":[{"href":"https:\/\/www.culturalusa.com\/news\/wp-json\/wp\/v2\/pages"}],"about":[{"href":"https:\/\/www.culturalusa.com\/news\/wp-json\/wp\/v2\/types\/page"}],"author":[{"embeddable":true,"href":"https:\/\/www.culturalusa.com\/news\/wp-json\/wp\/v2\/users\/1"}],"replies":[{"embeddable":true,"href":"https:\/\/www.culturalusa.com\/news\/wp-json\/wp\/v2\/comments?post=583"}],"version-history":[{"count":3,"href":"https:\/\/www.culturalusa.com\/news\/wp-json\/wp\/v2\/pages\/583\/revisions"}],"predecessor-version":[{"id":12233,"href":"https:\/\/www.culturalusa.com\/news\/wp-json\/wp\/v2\/pages\/583\/revisions\/12233"}],"up":[{"embeddable":true,"href":"https:\/\/www.culturalusa.com\/news\/wp-json\/wp\/v2\/pages\/565"}],"wp:attachment":[{"href":"https:\/\/www.culturalusa.com\/news\/wp-json\/wp\/v2\/media?parent=583"}],"curies":[{"name":"wp","href":"https:\/\/api.w.org\/{rel}","templated":true}]}}