{"id":6225,"date":"2019-12-05T00:58:50","date_gmt":"2019-12-04T23:58:50","guid":{"rendered":"https:\/\/www.culturalusa.com\/news\/?page_id=6225"},"modified":"2025-12-16T17:45:52","modified_gmt":"2025-12-16T16:45:52","slug":"kaspersky-total-security","status":"publish","type":"page","link":"https:\/\/www.culturalusa.com\/news\/boutique\/kaspersky-total-security\/","title":{"rendered":"Kaspersky Total Security"},"content":{"rendered":"<div class=\"box-rev\">\n<p><img decoding=\"async\" class=\"aligncenter size-full wp-image-6239\" src=\"https:\/\/www.culturalusa.com\/news\/wp-content\/uploads\/2019\/12\/online-shop1.jpg\" alt=\"\" width=\"100%\" srcset=\"https:\/\/www.culturalusa.com\/news\/wp-content\/uploads\/2019\/12\/online-shop1.jpg 1100w, https:\/\/www.culturalusa.com\/news\/wp-content\/uploads\/2019\/12\/online-shop1-275x43.jpg 275w, https:\/\/www.culturalusa.com\/news\/wp-content\/uploads\/2019\/12\/online-shop1-480x74.jpg 480w, https:\/\/www.culturalusa.com\/news\/wp-content\/uploads\/2019\/12\/online-shop1-768x119.jpg 768w, https:\/\/www.culturalusa.com\/news\/wp-content\/uploads\/2019\/12\/online-shop1-800x124.jpg 800w\" sizes=\"(max-width: 1100px) 100vw, 1100px\" \/><\/p>\n<h2>Protection : Kaspersky Total Security<\/h2>\n<p><img loading=\"lazy\" decoding=\"async\" class=\"alignright\" src=\"https:\/\/www.culturalusa.com\/news\/wp-content\/uploads\/2024\/04\/Kaspersky-Premium.jpg\" alt=\"\" width=\"388\" height=\"460\" \/><\/p>\n<p><strong>S\u00c9CURIT\u00c9 &#8211; Protection contre les virus, attaques, logiciels espions et autres cybermenaces<\/strong><br \/>\nNotre solution de s\u00e9curit\u00e9 prim\u00e9e, bas\u00e9e sur le cloud, vous prot\u00e8ge contre les infections et les attaques (virus, ransomwares, logiciels espions, banni\u00e8res publicitaires, courriers ind\u00e9sirables et bien plus..<\/p>\n<p>*Actualise vos logiciels et vous met en garde contre les sites Internet dangereux avant que vous ne cliquiez dessus.<\/p>\n<p><strong>PC, MAC et MOBILE &#8211; Protection de plusieurs appareils avec une seule licence<\/strong><br \/>\nGr\u00e2ce \u00e0 un produit et une licence uniques, nous vous aidons \u00e0 prot\u00e9ger l&rsquo;ensemble de vos appareils. En outre, vous pouvez verrouiller, effacer et localiser votre t\u00e9l\u00e9phone et votre tablette \u00e0 distance, en cas de perte ou de vol.<\/p>\n<p><strong>VIE PRIV\u00c9E &#8211; Protection contre le phishing, l&rsquo;espionnage et la surveillance en ligne<\/strong><br \/>\nLes attaques de sites de phishing tentant d&rsquo;usurper votre identit\u00e9 ou de voler votre argent sont automatiquement bloqu\u00e9es. Notre technologie de protection de la webcam*, quant \u00e0 elle, emp\u00eache les criminels d&rsquo;utiliser votre webcam pour vous espionner.<\/p>\n<p>La solution emp\u00eache \u00e9galement quiconque de surveiller* vos habitudes de navigation Internet et d&rsquo;intercepter vos donn\u00e9es personnelles.<\/p>\n<p><strong>ARGENT &#8211; S\u00e9curisation de vos achats et op\u00e9rations bancaires en ligne<\/strong><br \/>\nTout le monde souhaite faire des achats et consulter ses comptes en ligne&#8230; sans que des cybercriminels ne les d\u00e9valisent. Ainsi, chaque fois que vous parcourez le site d&rsquo;une banque ou d&rsquo;un marchand, nous renfor\u00e7ons automatiquement votre s\u00e9curit\u00e9.<\/p>\n<p><strong>ENFANTS &#8211; Protection de vos enfants contre les dangers d&rsquo;Internet<\/strong><br \/>\nInternet rec\u00e8le bien des dangers pour les plus jeunes, et les outils du contr\u00f4le parental simpli\ufb01ent la protection de vos enfants lorsqu&rsquo;ils sont en ligne. Vous pouvez g\u00e9rer leurs t\u00e9l\u00e9chargements d&rsquo;applications, bloquer la divulgation de donn\u00e9es personnelles et les emp\u00eacher d&rsquo;acc\u00e9der \u00e0 des sites Internet inappropri\u00e9s, jeux en ligne, r\u00e9seaux sociaux ou \u00e0 des contenus inappropri\u00e9s.<br \/>\n<strong>Kaspersky aide \u00e0 prot\u00e9ger vos enfants sur PC, Mac, iPhone, iPad et appareils Android<\/strong><br \/>\n<div class=\"eStore-product-fancy2\"><div class=\"eStore-thumbnail\"><a href=\"https:\/\/www.culturalusa.com\/news\/boutique\/kaspersky-total-security\/\" title=\"Kaspersky Total Security\"><img decoding=\"async\" class=\"eStore-product-fancy2-thumb-image\" src=\"https:\/\/www.culturalusa.com\/news\/wp-content\/uploads\/2024\/04\/Kaspersky-Premium.jpg\" alt=\"Kaspersky Total Security\" \/><\/a><\/div><div class=\"eStore-product-description\"><div class=\"eStore-fancy2-product-name\"><a href=\"https:\/\/www.culturalusa.com\/news\/boutique\/kaspersky-total-security\/\">Kaspersky Total Security<\/a><\/div><strong>Kaspersky Premium.<\/strong> Total Security<br>\r\nLa meilleure protection pour les familles - PC, Mac et appareils mobiles.<br>Protection des membres de votre famille contre les dangers du phishing, le suivi des activit\u00e9s en ligne et l'espionnage, en assurant la s\u00e9curit\u00e9 de vos donn\u00e9es personnelles...<br>\r\nLes licences Kaspersky sont envoy\u00e9es par Email.<\/div><\/div><div class=\"eStore-product-fancy2-footer eStore-fancy-wrapper\"><div class=\"footer-left\"><div class=\"footer-left-content\"><form method=\"post\" action=\"\" class=\"eStore-button-form eStore-button-form-36\" style=\"display:inline\" onsubmit=\"return ReadForm1(this, 1);\"><input type=\"image\" src=\"https:\/\/www.culturalusa.com\/news\/wp-content\/plugins\/wp-cart-for-digital-products\/images\/add-to-cart-golden-with-cart-icon.png\" class=\"eStore_button eStore_add_to_cart_button\" alt=\"Add to Cart\" \/> <input type=\"hidden\" name=\"add_qty\" value=\"1\" \/>  <div class=\"eStore_variation_top\"><\/div><span class=\"eStore_variation_name\">Kaspersky Total Security : <\/span><select name=\"variation1\" class=\"eStore_variation\" onchange=\"ReadForm1 (this.form, 1);\"><option value=\"1 appareil\">1 appareil<\/option><option value=\"3 appareils [+ 15.00\u20ac]\">3 appareils [+ 15.00\u20ac]<\/option><option value=\"5 appareils [+ 20.00\u20ac]\">5 appareils [+ 20.00\u20ac]<\/option><\/select> <input type=\"hidden\" name=\"thumbnail_url\" value=\"https:\/\/www.culturalusa.com\/news\/wp-content\/uploads\/2024\/04\/Kaspersky-Premium.jpg\" \/><input type=\"hidden\" name=\"estore_product_name\" value=\"Kaspersky Total Security\" \/><input type=\"hidden\" name=\"price\" value=\"39.90\" \/><input type=\"hidden\" name=\"product_name_tmp1\" value=\"Kaspersky Total Security\" \/><input type=\"hidden\" name=\"price_tmp1\" value=\"39.90\" \/><input type=\"hidden\" name=\"price_tmp1_old\" value=\"69.99\" \/><input type=\"hidden\" name=\"item_number\" value=\"36\" \/><input type=\"hidden\" name=\"shipping\" value=\"\" \/><input type=\"hidden\" name=\"tax\" value=\"\" \/><input type=\"hidden\" name=\"addcart_eStore\" value=\"1\" \/><input type=\"hidden\" name=\"cartLink\" value=\"https:\/\/www.culturalusa.com\/news\/boutique\/kaspersky-total-security\/\" \/><input type=\"hidden\" name=\"digital_flag\" value=\"1\" \/><\/form><div class=\"eStore_item_added_msg eStore_item_added_msg-36\"><\/div><\/div><\/div><div class=\"footer-right\"><span class=\"eStore_fancy2_price\"><span class=\"eStore_price_label\">Prix: <\/span><span class=\"eStore_price_value\">39.90\u20ac<\/span><\/span><span class=\"eStore_oldprice\">Prix: <span class=\"eStore_price_value_old\">69.99\u20ac<\/span>&nbsp;<\/span><\/div><\/div><div class=\"eStore-clear-float\"><\/div>\n<p style=\"text-align: right; margin: 0 0 1px;\"><img decoding=\"async\" src=\"https:\/\/www.culturalusa.com\/images\/paiement-paypal.jpg\" alt=\"Paiement S\u00e9curis\u00e9 avec Paypal\" \/><\/p>\n<p><span style=\"color: #800000;\">Apr\u00e8s validation de votre paiement, les licences de Kaspersky sont envoy\u00e9es par Email.<\/span><\/p>\n<p><strong>Avantages et fonctionnalit\u00e9s :<\/strong><br \/>\n&#8211; La solution vous prot\u00e8ge contre les virus, les ransomwares, les adwares et autres cybermenace<br \/>\n&#8211; S\u00e9curise vos achats, donn\u00e9es bancaires et op\u00e9rations bancaires en ligne<br \/>\n&#8211; Prot\u00e8ge vos PC, Mac, iPhone, iPad et appareils Android<br \/>\n&#8211; Elle prot\u00e8ge votre vie priv\u00e9e et vos informations personnelles contre le phishing et l&rsquo;espionnage<br \/>\n&#8211; S\u00e9curise tous vos appareils connect\u00e9s \u00e0 Internet<br \/>\n&#8211; Protection simple d\u2019utilisation avec acc\u00e8s Internet<br \/>\n&#8211; S\u00e9curit\u00e9 renforc\u00e9e sans ralentissement<br \/>\n&#8211; Protection des enfants avec Kaspersky Safe Kids sur PC et Mac<br \/>\n&#8211; Stocke vos mots de passe afin de les retrouver facilement<br \/>\n&#8211; Prot\u00e8ge vos photos, musiques et fichiers importants<\/p>\n<p><strong>Kaspersky Total Security<\/strong><br \/>\nActive la version la plus r\u00e9cente.<\/p>\n<p>Compatible Windows <strong>7 \/ 8 \/ 8.1 \/ 10\/ 11\/<\/strong><br \/>\nMac OS X 10.12 ou version sup\u00e9rieure<br \/>\nAndroid 4.4 ou version sup\u00e9rieure<br \/>\niPhone et iPad iOS\u00ae 11.0 ou version sup\u00e9rieure<\/p>\n<p><strong>CE QUE VOUS ACHETEZ :<\/strong> la licence officielle pour 1 an.<br \/>\nCette licence est envoy\u00e9e par Email, il n\u2019y a pas d\u2019envoi postal, car Vous pouvez t\u00e9l\u00e9charger le logiciel.<br \/>\nKaspersky Total Security | 1 Appareil | 1 An | PC\/Mac\/Android\/iOS<br \/>\nKaspersky Total Security | 3 Appareils | 1 An | PC\/Mac\/Android\/iOS<br \/>\nKaspersky Total Security | 5 Appareils | 1 An | PC\/Mac\/Android\/iOS<br \/>\n<form method=\"post\" action=\"\" class=\"eStore-button-form eStore-button-form-36\" style=\"display:inline\" onsubmit=\"return ReadForm1(this, 1);\"><div class=\"eStore_variation_top\"><\/div><span class=\"eStore_variation_name\">Kaspersky Total Security : <\/span><select name=\"variation1\" class=\"eStore_variation\" onchange=\"ReadForm1 (this.form, 1);\"><option value=\"1 appareil\">1 appareil<\/option><option value=\"3 appareils [+ 15.00\u20ac]\">3 appareils [+ 15.00\u20ac]<\/option><option value=\"5 appareils [+ 20.00\u20ac]\">5 appareils [+ 20.00\u20ac]<\/option><\/select><br \/><input type=\"hidden\" name=\"add_qty\" value=\"1\" \/><input type=\"image\" src=\"https:\/\/www.culturalusa.com\/news\/wp-content\/plugins\/wp-cart-for-digital-products\/images\/add-to-cart-golden-with-cart-icon.png\" class=\"eStore_button eStore_add_to_cart_button\" alt=\"Add to Cart\" \/><input type=\"hidden\" name=\"estore_product_name\" value=\"Kaspersky Total Security\" \/><input type=\"hidden\" name=\"product_name_tmp1\" value=\"Kaspersky Total Security\" \/><input type=\"hidden\" name=\"thumbnail_url\" value=\"https:\/\/www.culturalusa.com\/news\/wp-content\/uploads\/2024\/04\/Kaspersky-Premium.jpg\" \/><input type=\"hidden\" name=\"price\" value=\"39.90\" \/><input type=\"hidden\" name=\"price_tmp1\" value=\"39.90\" \/><input type=\"hidden\" name=\"price_tmp1_old\" value=\"69.99\" \/><input type=\"hidden\" name=\"item_number\" value=\"36\" \/><input type=\"hidden\" name=\"shipping\" value=\"\" \/><input type=\"hidden\" name=\"tax\" value=\"\" \/><input type=\"hidden\" name=\"addcart_eStore\" value=\"1\" \/><input type=\"hidden\" name=\"cartLink\" value=\"https:\/\/www.culturalusa.com\/news\/boutique\/kaspersky-total-security\/\" \/><input type=\"hidden\" name=\"digital_flag\" value=\"1\" \/><\/form><div class=\"eStore_item_added_msg eStore_item_added_msg-36\"><\/div>\n<p><img decoding=\"async\" class=\"aligncenter\" style=\"width: 75%;\" src=\"https:\/\/www.culturalusa.com\/news\/wp-content\/uploads\/2019\/12\/kaspersky-comparatif.jpg\" alt=\"\" \/><\/p>\n<div style=\"clear: both;\"><\/div>\n<div class=\"su-row\">\n  <div class=\"su-column su-column-size-1-3\"><div class=\"su-column-inner su-u-clearfix su-u-trim\"> <\/p>\n<p style=\"text-align: left; margin: 0 0 5px 0;\"><a title=\"Kaspersky Anti-Virus\" href=\"https:\/\/www.culturalusa.com\/news\/boutique\/kaspersky-anti-virus\/\"><img decoding=\"async\" style=\"width: 100%; height: 250px;\" src=\"https:\/\/www.culturalusa.com\/news\/wp-content\/uploads\/2019\/12\/Kaspersky-Anti-Virus.jpg\" alt=\"\" \/><\/a><strong>Kaspersky Anti-Virus<\/strong><br \/>\nProtection de votre PC en temps r\u00e9el contre les virus, les logiciels espions et les programmes malveillants. Ses technologies prim\u00e9es assurent une protection efficace contre les nouvelles menaces sur Internet, sans ralentir votre PC. Les licences Kaspersky sont envoy\u00e9es par Email.<\/p>\n<p> <\/div><\/div>\n  <div class=\"su-column su-column-size-1-3\"><div class=\"su-column-inner su-u-clearfix su-u-trim\"> <\/p>\n<p style=\"text-align: left; margin: 0 0 5px 0;\"><a title=\"Kaspersky Internet Security\" href=\"https:\/\/www.culturalusa.com\/news\/boutique\/kaspersky-internet-security\/\"><img decoding=\"async\" style=\"width: 100%; height: 250px;\" src=\"https:\/\/www.culturalusa.com\/news\/wp-content\/uploads\/2019\/12\/Kaspersky-Internet-Security.jpg\" alt=\"\" \/><\/a><strong>Kaspersky Internet Security<\/strong> Protection optimale pour votre PC, Mac et Android. Kaspersky prot\u00e8ge contre les attaques, ransomware et autres menaces, prot\u00e8ge votre vie priv\u00e9e et vos renseignements personnels, protection de votre argent et les d\u00e9tails de votre compte lors de l\u2019achat et de services bancaires en ligne, etc. Les licences Kaspersky sont envoy\u00e9es par Email.<\/p>\n<p> <\/div><\/div>\n  <div class=\"su-column su-column-size-1-3\"><div class=\"su-column-inner su-u-clearfix su-u-trim\"> <\/p>\n<p style=\"text-align: left; margin: 0 0 5px 0;\"><a title=\"Kaspersky Total Security\" href=\"https:\/\/www.culturalusa.com\/news\/boutique\/kaspersky-total-security\/\"><img decoding=\"async\" style=\"width: 100%; height: 250px;\" src=\"https:\/\/www.culturalusa.com\/news\/wp-content\/uploads\/2019\/12\/Kaspersky-Total-Security.jpg\" alt=\"\" \/><\/a><strong>Kaspersky Total Security<\/strong> La meilleure protection pour les familles &#8211; PC, Mac et appareils mobiles. Protection des membres de votre famille contre les dangers du phishing, le suivi des activit\u00e9s en ligne et l&rsquo;espionnage, en assurant la s\u00e9curit\u00e9 de vos donn\u00e9es personnelles, etc. Les licences Kaspersky sont envoy\u00e9es par Email.<\/p>\n<p> <\/div><\/div>\n<\/div>\n<\/div>\n","protected":false},"excerpt":{"rendered":"<p>Protection : Kaspersky Total Security S\u00c9CURIT\u00c9 &#8211; Protection contre les virus, attaques, logiciels espions et autres cybermenaces Notre solution de s\u00e9curit\u00e9 prim\u00e9e, bas\u00e9e sur le cloud, vous prot\u00e8ge contre les infections et les attaques (virus, ransomwares, logiciels espions, banni\u00e8res publicitaires, courriers ind\u00e9sirables et bien plus.. *Actualise vos logiciels et vous met en garde contre les [&hellip;]<\/p>\n","protected":false},"author":1,"featured_media":0,"parent":550,"menu_order":0,"comment_status":"closed","ping_status":"closed","template":"","meta":{"footnotes":""},"class_list":["post-6225","page","type-page","status-publish","hentry"],"aioseo_notices":[],"_links":{"self":[{"href":"https:\/\/www.culturalusa.com\/news\/wp-json\/wp\/v2\/pages\/6225","targetHints":{"allow":["GET"]}}],"collection":[{"href":"https:\/\/www.culturalusa.com\/news\/wp-json\/wp\/v2\/pages"}],"about":[{"href":"https:\/\/www.culturalusa.com\/news\/wp-json\/wp\/v2\/types\/page"}],"author":[{"embeddable":true,"href":"https:\/\/www.culturalusa.com\/news\/wp-json\/wp\/v2\/users\/1"}],"replies":[{"embeddable":true,"href":"https:\/\/www.culturalusa.com\/news\/wp-json\/wp\/v2\/comments?post=6225"}],"version-history":[{"count":6,"href":"https:\/\/www.culturalusa.com\/news\/wp-json\/wp\/v2\/pages\/6225\/revisions"}],"predecessor-version":[{"id":13964,"href":"https:\/\/www.culturalusa.com\/news\/wp-json\/wp\/v2\/pages\/6225\/revisions\/13964"}],"up":[{"embeddable":true,"href":"https:\/\/www.culturalusa.com\/news\/wp-json\/wp\/v2\/pages\/550"}],"wp:attachment":[{"href":"https:\/\/www.culturalusa.com\/news\/wp-json\/wp\/v2\/media?parent=6225"}],"curies":[{"name":"wp","href":"https:\/\/api.w.org\/{rel}","templated":true}]}}