{"id":6246,"date":"2019-12-05T16:25:57","date_gmt":"2019-12-05T15:25:57","guid":{"rendered":"https:\/\/www.culturalusa.com\/news\/?page_id=6246"},"modified":"2025-12-16T18:07:25","modified_gmt":"2025-12-16T17:07:25","slug":"kaspersky-anti-virus","status":"publish","type":"page","link":"https:\/\/www.culturalusa.com\/news\/boutique\/kaspersky-anti-virus\/","title":{"rendered":"Kaspersky Anti-Virus"},"content":{"rendered":"<div class=\"box-rev\"><img decoding=\"async\" class=\"aligncenter size-full wp-image-6239\" src=\"https:\/\/www.culturalusa.com\/news\/wp-content\/uploads\/2019\/12\/online-shop1.jpg\" alt=\"\" width=\"100%\" srcset=\"https:\/\/www.culturalusa.com\/news\/wp-content\/uploads\/2019\/12\/online-shop1.jpg 1100w, https:\/\/www.culturalusa.com\/news\/wp-content\/uploads\/2019\/12\/online-shop1-275x43.jpg 275w, https:\/\/www.culturalusa.com\/news\/wp-content\/uploads\/2019\/12\/online-shop1-480x74.jpg 480w, https:\/\/www.culturalusa.com\/news\/wp-content\/uploads\/2019\/12\/online-shop1-768x119.jpg 768w, https:\/\/www.culturalusa.com\/news\/wp-content\/uploads\/2019\/12\/online-shop1-800x124.jpg 800w\" sizes=\"(max-width: 1100px) 100vw, 1100px\" \/><\/p>\n<h2>Protection : Kaspersky Anti-Virus<\/h2>\n<p><img loading=\"lazy\" decoding=\"async\" class=\"alignright\" src=\"https:\/\/www.culturalusa.com\/news\/wp-content\/uploads\/2024\/01\/kaspersky-antivirus-2024.png\" alt=\"\" width=\"288\" height=\"360\" \/><\/p>\n<p>La protection, commence par prot\u00e9ger votre PC.<br \/>\nC&rsquo;est pourquoi la solution antivirus bloque les virus, les ransomwares, les logiciels de phishing, les logiciels espions et les sites Web dangereux.<\/p>\n<p>Il analyse automatiquement votre PC \u00e0 la recherche de menaces potentielles, y compris de nouvelles infections cryptographiques pouvant nuire gravement aux performances de votre PC.<\/p>\n<p>Si votre PC est infect\u00e9, les technologies Kaspersky vous aideront \u00e0 le r\u00e9parer et \u00e0 le r\u00e9initialiser.<\/p>\n<p>&#8211; Bloquer les virus, les ransomwares et les logiciels malveillants<br \/>\n&#8211; Pr\u00e9serve les performances de votre PC<br \/>\n&#8211; Gestion simple de la s\u00e9curit\u00e9<\/p>\n<p><strong>La s\u00e9curit\u00e9<\/strong><br \/>\nProt\u00e8ge contre les virus, les ransomwares et plus<\/p>\n<p><strong>Des performances<\/strong><br \/>\nProt\u00e9gez votre ordinateur sans ralentir<\/p>\n<p><strong>La simplicit\u00e9<\/strong><br \/>\nInstallez et configurez facilement sur tous vos appareils<\/p>\n<p>Une fois votre paiement valid\u00e9, les licences Kaspersky sont envoy\u00e9es par courrier \u00e9lectronique.<br \/>\n<strong>Kaspersky Anti-Virus pour Windows 7 \/ 8 \/ 8.1 \/ 10\/ 11\/<\/strong><br \/>\n<div class=\"eStore-product-fancy2\"><div class=\"eStore-thumbnail\"><a href=\"https:\/\/www.culturalusa.com\/news\/boutique\/kaspersky-anti-virus\/\" title=\"Kaspersky Antivirus\"><img decoding=\"async\" class=\"eStore-product-fancy2-thumb-image\" src=\"https:\/\/www.culturalusa.com\/news\/wp-content\/uploads\/2019\/12\/Kaspersky-Anti-Virus.jpg\" alt=\"Kaspersky Antivirus\" \/><\/a><\/div><div class=\"eStore-product-description\"><div class=\"eStore-fancy2-product-name\"><a href=\"https:\/\/www.culturalusa.com\/news\/boutique\/kaspersky-anti-virus\/\">Kaspersky Antivirus<\/a><\/div>Kaspersky Anti-Virus<br>Protection de votre PC en temps r\u00e9el contre les virus, les logiciels espions et les programmes malveillants. Ses technologies prim\u00e9es assurent une protection efficace contre les nouvelles menaces sur Internet, sans ralentir votre PC. <br>Les licences Kaspersky sont envoy\u00e9es par Email.<\/div><\/div><div class=\"eStore-product-fancy2-footer eStore-fancy-wrapper\"><div class=\"footer-left\"><div class=\"footer-left-content\"><form method=\"post\" action=\"\" class=\"eStore-button-form eStore-button-form-35\" style=\"display:inline\" onsubmit=\"return ReadForm1(this, 1);\"><input type=\"image\" src=\"https:\/\/www.culturalusa.com\/news\/wp-content\/plugins\/wp-cart-for-digital-products\/images\/add-to-cart-golden-with-cart-icon.png\" class=\"eStore_button eStore_add_to_cart_button\" alt=\"Add to Cart\" \/> <input type=\"hidden\" name=\"add_qty\" value=\"1\" \/>  <div class=\"eStore_variation_top\"><\/div><span class=\"eStore_variation_name\">Kaspersky Anti Virus : <\/span><select name=\"variation1\" class=\"eStore_variation\" onchange=\"ReadForm1 (this.form, 1);\"><option value=\"1 appareil\">1 appareil<\/option><option value=\"3 appareils [+ 10.00\u20ac]\">3 appareils [+ 10.00\u20ac]<\/option><option value=\"5 appareils [+ 22.00\u20ac]\">5 appareils [+ 22.00\u20ac]<\/option><\/select> <input type=\"hidden\" name=\"thumbnail_url\" value=\"https:\/\/www.culturalusa.com\/news\/wp-content\/uploads\/2019\/12\/Kaspersky-Anti-Virus.jpg\" \/><input type=\"hidden\" name=\"estore_product_name\" value=\"Kaspersky Antivirus\" \/><input type=\"hidden\" name=\"price\" value=\"17.90\" \/><input type=\"hidden\" name=\"product_name_tmp1\" value=\"Kaspersky Antivirus\" \/><input type=\"hidden\" name=\"price_tmp1\" value=\"17.90\" \/><input type=\"hidden\" name=\"price_tmp1_old\" value=\"29.99\" \/><input type=\"hidden\" name=\"item_number\" value=\"35\" \/><input type=\"hidden\" name=\"shipping\" value=\"\" \/><input type=\"hidden\" name=\"tax\" value=\"\" \/><input type=\"hidden\" name=\"addcart_eStore\" value=\"1\" \/><input type=\"hidden\" name=\"cartLink\" value=\"https:\/\/www.culturalusa.com\/news\/boutique\/kaspersky-anti-virus\/\" \/><input type=\"hidden\" name=\"digital_flag\" value=\"1\" \/><\/form><div class=\"eStore_item_added_msg eStore_item_added_msg-35\"><\/div><\/div><\/div><div class=\"footer-right\"><span class=\"eStore_fancy2_price\"><span class=\"eStore_price_label\">Prix: <\/span><span class=\"eStore_price_value\">17.90\u20ac<\/span><\/span><span class=\"eStore_oldprice\">Prix: <span class=\"eStore_price_value_old\">29.99\u20ac<\/span>&nbsp;<\/span><\/div><\/div><div class=\"eStore-clear-float\"><\/div>\n<p style=\"text-align: right; margin: 0 0 1px;\"><img decoding=\"async\" src=\"https:\/\/www.culturalusa.com\/images\/paiement-paypal.jpg\" alt=\"Paiement S\u00e9curis\u00e9 avec Paypal\" \/><\/p>\n<p><strong>Configuration requise pour tous les appareils:<\/strong><br \/>\n&#8211; Vous avez besoin d&rsquo;une connexion Internet pour l&rsquo;activation du produit, mises \u00e0 jour et pour acc\u00e9der \u00e0 certaines fonctionnalit\u00e9s.<\/p>\n<p><strong>Avantages et fonctionnalit\u00e9s :<\/strong><br \/>\n&#8211; Il suffit d&rsquo;un seul produit pour prot\u00e9ger plusieurs appareils<br \/>\n&#8211; La solution vous prot\u00e8ge contre les cybermenaces<br \/>\n&#8211; Protection simple d\u2019utilisation avec acc\u00e8s Internet<br \/>\n&#8211; Identifie les liens vers des sites web dangereux<br \/>\n&#8211; S\u00e9curit\u00e9 renforc\u00e9e sans ralentissement<\/p>\n<p><strong>Kaspersky ANTI-VIRUS<\/strong><br \/>\nActive la version la plus r\u00e9cente.<\/p>\n<p>Compatible Windows\u00a0 7 \/ 8 \/ 8.1 \/ 10\/ 11\/<\/p>\n<div style=\"margin: 0 0 5px;\"><strong>CE QUE VOUS ACHETEZ :<\/strong> la licence officielle pour 1 an.<br \/>\nCette licence est envoy\u00e9e par Email, il n&rsquo;y a pas d&rsquo;envoi postal, car Vous pouvez t\u00e9l\u00e9charger le logiciel.<br \/>\n<strong>Kaspersky Antivirus | 1 Poste | 1 an | PC | T\u00e9l\u00e9chargement<\/strong> <strong>Prix: 17.90\u20ac<\/strong> <span style=\"text-decoration: line-through;\">Prix: 29.99\u20ac<\/span><br \/>\n<strong>Kaspersky Antivirus | 3 Postes | 1 an | PC | T\u00e9l\u00e9chargement<\/strong> <strong>Prix: 27.90\u20ac<\/strong><br \/>\n<strong>Kaspersky Antivirus | 5 Postes | 1 an | PC | T\u00e9l\u00e9chargement<\/strong> <strong>Prix: 39.90\u20ac<\/strong><br \/>\n<form method=\"post\" action=\"\" class=\"eStore-button-form eStore-button-form-35\" style=\"display:inline\" onsubmit=\"return ReadForm1(this, 1);\"><div class=\"eStore_variation_top\"><\/div><span class=\"eStore_variation_name\">Kaspersky Anti Virus : <\/span><select name=\"variation1\" class=\"eStore_variation\" onchange=\"ReadForm1 (this.form, 1);\"><option value=\"1 appareil\">1 appareil<\/option><option value=\"3 appareils [+ 10.00\u20ac]\">3 appareils [+ 10.00\u20ac]<\/option><option value=\"5 appareils [+ 22.00\u20ac]\">5 appareils [+ 22.00\u20ac]<\/option><\/select><br \/><input type=\"hidden\" name=\"add_qty\" value=\"1\" \/><input type=\"image\" src=\"https:\/\/www.culturalusa.com\/news\/wp-content\/plugins\/wp-cart-for-digital-products\/images\/add-to-cart-golden-with-cart-icon.png\" class=\"eStore_button eStore_add_to_cart_button\" alt=\"Add to Cart\" \/><input type=\"hidden\" name=\"estore_product_name\" value=\"Kaspersky Antivirus\" \/><input type=\"hidden\" name=\"product_name_tmp1\" value=\"Kaspersky Antivirus\" \/><input type=\"hidden\" name=\"thumbnail_url\" value=\"https:\/\/www.culturalusa.com\/news\/wp-content\/uploads\/2019\/12\/Kaspersky-Anti-Virus.jpg\" \/><input type=\"hidden\" name=\"price\" value=\"17.90\" \/><input type=\"hidden\" name=\"price_tmp1\" value=\"17.90\" \/><input type=\"hidden\" name=\"price_tmp1_old\" value=\"29.99\" \/><input type=\"hidden\" name=\"item_number\" value=\"35\" \/><input type=\"hidden\" name=\"shipping\" value=\"\" \/><input type=\"hidden\" name=\"tax\" value=\"\" \/><input type=\"hidden\" name=\"addcart_eStore\" value=\"1\" \/><input type=\"hidden\" name=\"cartLink\" value=\"https:\/\/www.culturalusa.com\/news\/boutique\/kaspersky-anti-virus\/\" \/><input type=\"hidden\" name=\"digital_flag\" value=\"1\" \/><\/form><div class=\"eStore_item_added_msg eStore_item_added_msg-35\"><\/div><\/div>\n<p><strong>Vous prot\u00e8ge des virus, chevaux de Troie, logiciels espions<\/strong>&#8230;<br \/>\nLes donn\u00e9es qui se trouvent sur votre PC n&rsquo;ont pas de prix. Avec les centaines de nouveaux programmes malveillants que les cybercriminels mettent en ligne chaque jour, vous avez besoin d&rsquo;une solution de s\u00e9curit\u00e9 capable de vous prot\u00e9ger contre les toutes derni\u00e8res menaces.<\/p>\n<p>Notre solution de s\u00e9curit\u00e9 prim\u00e9e, bas\u00e9e sur le cloud, prot\u00e8ge votre PC et tout ce que vous y stockez contre les cybermenaces les plus r\u00e9centes.<\/p>\n<p><strong>Pr\u00e9serve les performances de votre PC<\/strong><br \/>\nLa s\u00e9curit\u00e9 ne doit pas vous ralentir. Vous avez besoin d&rsquo;une solution de s\u00e9curit\u00e9 con\u00e7ue pour fonctionner en arri\u00e8re-plan, afin de prot\u00e9ger votre PC sans impacter ses performances.<\/p>\n<p>Les d\u00e9veloppeurs font le maximum pour vous assurer une protection optimale tout en pr\u00e9servant les performances de votre PC. Vous pourrez ainsi profiter de votre ordinateur en toute s\u00e9curit\u00e9.<br \/>\n<img decoding=\"async\" class=\"aligncenter\" style=\"width: 75%;\" src=\"https:\/\/www.culturalusa.com\/news\/wp-content\/uploads\/2019\/12\/kaspersky-comparatif.jpg\" alt=\"\" \/><\/p>\n<div class=\"su-row\">\n  <div class=\"su-column su-column-size-1-3\"><div class=\"su-column-inner su-u-clearfix su-u-trim\"> <\/p>\n<p style=\"text-align: left; margin: 0 0 5px 0;\"><a title=\"Kaspersky Anti-Virus\" href=\"https:\/\/www.culturalusa.com\/news\/boutique\/kaspersky-anti-virus\/\"><img decoding=\"async\" style=\"width: 100%; height: 250px;\" src=\"https:\/\/www.culturalusa.com\/news\/wp-content\/uploads\/2019\/12\/Kaspersky-Anti-Virus.jpg\" alt=\"\" \/><\/a><strong>Kaspersky Anti-Virus<\/strong><br \/>\nProtection de votre PC en temps r\u00e9el contre les virus, les logiciels espions et les programmes malveillants. Ses technologies prim\u00e9es assurent une protection efficace contre les nouvelles menaces sur Internet, sans ralentir votre PC. Les licences Kaspersky sont envoy\u00e9es par Email.<\/p>\n<p> <\/div><\/div>\n  <div class=\"su-column su-column-size-1-3\"><div class=\"su-column-inner su-u-clearfix su-u-trim\"> <\/p>\n<p style=\"text-align: left; margin: 0 0 5px 0;\"><a title=\"Kaspersky Internet Security\" href=\"https:\/\/www.culturalusa.com\/news\/boutique\/kaspersky-internet-security\/\"><img decoding=\"async\" style=\"width: 100%; height: 250px;\" src=\"https:\/\/www.culturalusa.com\/news\/wp-content\/uploads\/2019\/12\/Kaspersky-Internet-Security.jpg\" alt=\"\" \/><\/a><strong>Kaspersky Internet Security<\/strong> Protection optimale pour votre PC, Mac et Android. Kaspersky prot\u00e8ge contre les attaques, ransomware et autres menaces, prot\u00e8ge votre vie priv\u00e9e et vos renseignements personnels, protection de votre argent et les d\u00e9tails de votre compte lors de l\u2019achat et de services bancaires en ligne, etc. Les licences Kaspersky sont envoy\u00e9es par Email.<\/p>\n<p> <\/div><\/div>\n  <div class=\"su-column su-column-size-1-3\"><div class=\"su-column-inner su-u-clearfix su-u-trim\"> <\/p>\n<p style=\"text-align: left; margin: 0 0 5px 0;\"><a title=\"Kaspersky Total Security\" href=\"https:\/\/www.culturalusa.com\/news\/boutique\/kaspersky-total-security\/\"><img decoding=\"async\" style=\"width: 100%; height: 250px;\" src=\"https:\/\/www.culturalusa.com\/news\/wp-content\/uploads\/2019\/12\/Kaspersky-Total-Security.jpg\" alt=\"\" \/><\/a><strong>Kaspersky Total Security<\/strong> La meilleure protection pour les familles &#8211; PC, Mac et appareils mobiles. Protection des membres de votre famille contre les dangers du phishing, le suivi des activit\u00e9s en ligne et l&rsquo;espionnage, en assurant la s\u00e9curit\u00e9 de vos donn\u00e9es personnelles, etc. Les licences Kaspersky sont envoy\u00e9es par Email.<\/p>\n<p> <\/div><\/div>\n<\/div>\n<\/div>\n","protected":false},"excerpt":{"rendered":"<p>Protection : Kaspersky Anti-Virus La protection, commence par prot\u00e9ger votre PC. C&rsquo;est pourquoi la solution antivirus bloque les virus, les ransomwares, les logiciels de phishing, les logiciels espions et les sites Web dangereux. Il analyse automatiquement votre PC \u00e0 la recherche de menaces potentielles, y compris de nouvelles infections cryptographiques pouvant nuire gravement aux performances [&hellip;]<\/p>\n","protected":false},"author":1,"featured_media":0,"parent":550,"menu_order":0,"comment_status":"closed","ping_status":"closed","template":"","meta":{"footnotes":""},"class_list":["post-6246","page","type-page","status-publish","hentry"],"aioseo_notices":[],"_links":{"self":[{"href":"https:\/\/www.culturalusa.com\/news\/wp-json\/wp\/v2\/pages\/6246","targetHints":{"allow":["GET"]}}],"collection":[{"href":"https:\/\/www.culturalusa.com\/news\/wp-json\/wp\/v2\/pages"}],"about":[{"href":"https:\/\/www.culturalusa.com\/news\/wp-json\/wp\/v2\/types\/page"}],"author":[{"embeddable":true,"href":"https:\/\/www.culturalusa.com\/news\/wp-json\/wp\/v2\/users\/1"}],"replies":[{"embeddable":true,"href":"https:\/\/www.culturalusa.com\/news\/wp-json\/wp\/v2\/comments?post=6246"}],"version-history":[{"count":5,"href":"https:\/\/www.culturalusa.com\/news\/wp-json\/wp\/v2\/pages\/6246\/revisions"}],"predecessor-version":[{"id":13965,"href":"https:\/\/www.culturalusa.com\/news\/wp-json\/wp\/v2\/pages\/6246\/revisions\/13965"}],"up":[{"embeddable":true,"href":"https:\/\/www.culturalusa.com\/news\/wp-json\/wp\/v2\/pages\/550"}],"wp:attachment":[{"href":"https:\/\/www.culturalusa.com\/news\/wp-json\/wp\/v2\/media?parent=6246"}],"curies":[{"name":"wp","href":"https:\/\/api.w.org\/{rel}","templated":true}]}}