{"id":6430,"date":"2019-12-12T20:48:58","date_gmt":"2019-12-12T19:48:58","guid":{"rendered":"https:\/\/www.culturalusa.com\/news\/?page_id=6430"},"modified":"2024-02-29T15:26:12","modified_gmt":"2024-02-29T14:26:12","slug":"microsoft-office-professionnel-2019","status":"publish","type":"page","link":"https:\/\/www.culturalusa.com\/news\/boutique\/microsoft-office-professionnel-2019\/","title":{"rendered":"Microsoft Office Professionnel 2021"},"content":{"rendered":"<div class=\"box-rev\">\n<p><img decoding=\"async\" class=\"aligncenter size-full wp-image-6239\" src=\"https:\/\/www.culturalusa.com\/news\/wp-content\/uploads\/2019\/12\/online-shop1.jpg\" alt=\"\" width=\"100%\" srcset=\"https:\/\/www.culturalusa.com\/news\/wp-content\/uploads\/2019\/12\/online-shop1.jpg 1100w, https:\/\/www.culturalusa.com\/news\/wp-content\/uploads\/2019\/12\/online-shop1-275x43.jpg 275w, https:\/\/www.culturalusa.com\/news\/wp-content\/uploads\/2019\/12\/online-shop1-480x74.jpg 480w, https:\/\/www.culturalusa.com\/news\/wp-content\/uploads\/2019\/12\/online-shop1-768x119.jpg 768w, https:\/\/www.culturalusa.com\/news\/wp-content\/uploads\/2019\/12\/online-shop1-800x124.jpg 800w\" sizes=\"(max-width: 1100px) 100vw, 1100px\" \/><\/p>\n<h3 style=\"margin-bottom: 7px;\"><strong>Microsoft Office Professionnel 2021<\/strong><\/h3>\n<p><img loading=\"lazy\" decoding=\"async\" class=\"alignright\" src=\"https:\/\/www.culturalusa.com\/news\/wp-content\/uploads\/2024\/01\/microsoft-office-2023-professionnel.jpg\" alt=\"\" width=\"347\" height=\"347\" \/>1 Poste | PC | En T\u00e9l\u00e9chargement<\/p>\n<p>Microsoft Office Professionnel 2021 s\u2019adresse aux petites entreprises TPE et PME en pleine croissance qui souhaitent b\u00e9n\u00e9ficier des applications classiques Office, en plus d\u2019Outlook, OneDrive, Publisher et Access.<\/p>\n<p>&#8211; Pour 1 PC uniquement<br \/>\n&#8211; <span style=\"color: #800000;\"><strong>Achat unique sans abonnement<\/strong><\/span><br \/>\n&#8211; Activation dans un compte microsoft<br \/>\n&#8211; Mises \u00e0 jour de s\u00e9curit\u00e9 incluses<br \/>\n&#8211; <strong>Licence \u00e0 vie<\/strong><br \/>\n&#8211; <span style=\"color: #800000;\">Fonctionne uniquement avec WINDOWS 11 ou WINDOWS 10<br \/>\n<\/span><\/p>\n<p><img decoding=\"async\" class=\"aligncenter size-full wp-image-6432\" src=\"https:\/\/www.culturalusa.com\/news\/wp-content\/uploads\/2019\/12\/Office-Professionnel-2019-pro.jpg\" alt=\"\" width=\"100%\" srcset=\"https:\/\/www.culturalusa.com\/news\/wp-content\/uploads\/2019\/12\/Office-Professionnel-2019-pro.jpg 531w, https:\/\/www.culturalusa.com\/news\/wp-content\/uploads\/2019\/12\/Office-Professionnel-2019-pro-275x44.jpg 275w, https:\/\/www.culturalusa.com\/news\/wp-content\/uploads\/2019\/12\/Office-Professionnel-2019-pro-480x76.jpg 480w\" sizes=\"(max-width: 531px) 100vw, 531px\" \/><br \/>\n<strong>Word<\/strong><br \/>\nWord 2021 offre de nouvelles fa\u00e7ons d\u2019utiliser des documents, telles que les fonctionnalit\u00e9s am\u00e9lior\u00e9es du stylo num\u00e9rique, la navigation dans les pages sous forme de livre, les outils d\u2019apprentissage et la traduction.<\/p>\n<p><strong>Excel<\/strong><br \/>\nLe tableur de Microsoft inaugure deux nouveaux types de graphiques. Le premier permet de cr\u00e9er une carte en 2D pour comparer des valeurs dans des r\u00e9gions g\u00e9ographiques.<\/p>\n<p><strong>PowerPoint<\/strong><br \/>\nL\u2019outil de pr\u00e9sentation de Microsoft profite d\u2019une nouvelle fonctionnalit\u00e9 permettant de cr\u00e9er facilement des index \u00e0 plusieurs \u00e9chelles. En d\u00e9but d\u2019une pr\u00e9sentation, par exemple, la fonction zoom vous permet de cr\u00e9er une table des mati\u00e8res visuelle en s\u00e9lectionnant les premi\u00e8res diapositives de chacune de vos parties.<\/p>\n<p><strong>Outlook<\/strong><br \/>\nG\u00e9rez facilement vos e-mails, votre calendrier, vos contacts et vos t\u00e2ches. D\u00e9couvrez la boite de r\u00e9ception prioritaire pour ne rater aucun message, incluez des images vectoriels, saisissez vocalement vos emails et \u00e9coutez vos courriers, ne ratez aucun rappel et mentionnez vos contacts comme sur les r\u00e9seaux sociaux avec @nomdelapersonne.<\/p>\n<p><strong>Access<\/strong><br \/>\nAccess est un outil facile \u00e0 utiliser pour cr\u00e9er rapidement des applications de base de donn\u00e9es via un navigateur pour vous aider \u00e0 g\u00e9rer votre activit\u00e9. Vos donn\u00e9es sont automatiquement enregistr\u00e9es dans une base de donn\u00e9es SQL, les rendant plus s\u00e9curis\u00e9es et \u00e9volutives que jamais.<\/p>\n<p><strong>Publisher<\/strong><br \/>\nCr\u00e9ez, personnalisez et partagez facilement une large gamme de publications de qualit\u00e9 professionnelle. Intervertissez des images avec un simple gliss\u00e9-d\u00e9pos\u00e9 ou ajoutez-les directement \u00e0 partir de vos albums en ligne. Utilisez des effets sp\u00e9ciaux pour faire ressortir vos publication<\/p>\n<p>Langue du produit : Allemand, Anglais, Espagnol, Fran\u00e7ais, Italien, N\u00e9erlandais, Polonais, Portugais, Su\u00e9dois<\/p>\n<p><strong>CONFIGURATIONS MINIMALES REQUISES :<\/strong><\/p>\n<p>&#8211; PC : 1,6 gigahertz (GHz) ou plus rapide, 2 c\u0153urs, 4 Go de RAM ou 2 Go de RAM (32 bits),<br \/>\n&#8211; \u00c9cran : r\u00e9solution de 1280 x 768\u00a0 en 16 bits ou sup\u00e9rieur<br \/>\n&#8211; Espace disque libre : 3Go<\/p>\n<p>&#8211; Syst\u00e8mes d&rsquo;exploitation support\u00e9s : PC Windows 10 et Windows Server 2019<br \/>\n&#8211; Configuration syst\u00e8me requise suppl\u00e9mentaire : n\u00e9cessite une connexion Internet et un compte Microsoft est requis pour l\u2019attribution de licence.<br \/>\n<div class=\"eStore-product-fancy2\"><div class=\"eStore-thumbnail\"><a href=\"https:\/\/www.culturalusa.com\/news\/boutique\/microsoft-office-professionnel-2019\/\" title=\"Microsoft Office Professionnel \"><img decoding=\"async\" class=\"eStore-product-fancy2-thumb-image\" src=\"https:\/\/www.culturalusa.com\/news\/wp-content\/uploads\/2024\/01\/microsoft-office-2023-professionnel.jpg\" alt=\"Microsoft Office Professionnel \" \/><\/a><\/div><div class=\"eStore-product-description\"><div class=\"eStore-fancy2-product-name\"><a href=\"https:\/\/www.culturalusa.com\/news\/boutique\/microsoft-office-professionnel-2019\/\">Microsoft Office Professionnel <\/a><\/div><p>Office Professionnel version 2021.  Sans abonnement pour les petites Entreprises, TPE et PME en pleine croissance. <br> Word \u2013 Excel \u2013 PowerPoint \u2013 OneNote \u2013 Outlook - OneDrive - Publisher - Access. <br> <strong>Licence \u00e0 Vie <\/strong>. Les licences Microsoft Office sont envoy\u00e9es par Email.<p\/><\/div><\/div><div class=\"eStore-product-fancy2-footer eStore-fancy-wrapper\"><div class=\"footer-left\"><div class=\"footer-left-content\"><form method=\"post\" action=\"\" class=\"eStore-button-form eStore-button-form-40\" style=\"display:inline\" onsubmit=\"return ReadForm1(this, 1);\"><input type=\"image\" src=\"https:\/\/www.culturalusa.com\/news\/wp-content\/plugins\/wp-cart-for-digital-products\/images\/add-to-cart-golden-with-cart-icon.png\" class=\"eStore_button eStore_add_to_cart_button\" alt=\"Add to Cart\" \/> <input type=\"hidden\" name=\"add_qty\" value=\"1\" \/>  <div class=\"eStore_variation_top\"><\/div><input type=\"hidden\" name=\"thumbnail_url\" value=\"https:\/\/www.culturalusa.com\/news\/wp-content\/uploads\/2024\/01\/microsoft-office-2023-professionnel.jpg\" \/><input type=\"hidden\" name=\"estore_product_name\" value=\"Microsoft Office Professionnel \" \/><input type=\"hidden\" name=\"price\" value=\"254.90\" \/><input type=\"hidden\" name=\"product_name_tmp1\" value=\"Microsoft Office Professionnel \" \/><input type=\"hidden\" name=\"price_tmp1\" value=\"254.90\" \/><input type=\"hidden\" name=\"price_tmp1_old\" value=\"579.00\" \/><input type=\"hidden\" name=\"item_number\" value=\"40\" \/><input type=\"hidden\" name=\"shipping\" value=\"\" \/><input type=\"hidden\" name=\"tax\" value=\"\" \/><input type=\"hidden\" name=\"addcart_eStore\" value=\"1\" \/><input type=\"hidden\" name=\"cartLink\" value=\"https:\/\/www.culturalusa.com\/news\/boutique\/microsoft-office-professionnel-2019\/\" \/><input type=\"hidden\" name=\"digital_flag\" value=\"1\" \/><\/form><div class=\"eStore_item_added_msg eStore_item_added_msg-40\"><\/div><\/div><\/div><div class=\"footer-right\"><span class=\"eStore_fancy2_price\"><span class=\"eStore_price_label\">Prix: <\/span><span class=\"eStore_price_value\">254.90\u20ac<\/span><\/span><span class=\"eStore_oldprice\">Prix: <span class=\"eStore_price_value_old\">579.00\u20ac<\/span>&nbsp;<\/span><\/div><\/div><div class=\"eStore-clear-float\"><\/div>\n<iframe id=\"ocpVideo0-innerdiv-oneplayer\" class=\"oneplayer-iframe\" style=\"height: 450px; width: 100%;\" src=\"https:\/\/www.microsoft.com\/fr-fr\/videoplayer\/embed\/RWfyDn?pid=ocpVideo0-innerdiv-oneplayer&amp;jsapi=true&amp;postJsllMsg=true&amp;maskLevel=20&amp;market=fr-fr\" name=\"Oneplayer iframe\" frameborder=\"0\" allowfullscreen=\"allowfullscreen\"><\/iframe><br \/>\nAccess vous permet de cr\u00e9er une base de donn\u00e9es sans \u00e9crire de code ou \u00eatre un expert en la mati\u00e8re.<\/p>\n<p>Des mod\u00e8les bien con\u00e7us vous aident \u00e0 cr\u00e9er des bases de donn\u00e9es rapidement. Isolez les donn\u00e9es qui vous int\u00e9ressent \u00e0 l\u2019aide de requ\u00eates. Cr\u00e9ez instantan\u00e9ment des formulaires pour simplifier la saisie de donn\u00e9es.<\/p>\n<p>R\u00e9sumez les donn\u00e9es au sein d\u2019\u00e9tats group\u00e9s et de synth\u00e8ses. Des dizaines d\u2019Assistants facilitent la prise en main et permettent de gagner en productivit\u00e9.<br \/>\n&#8211; <a href=\"https:\/\/support.office.com\/fr-fr\/article\/vid%c3%a9o-de-formation-access-a5ffb1ef-4cc4-4d79-a862-e2dda6ef38e6?wt.mc_id=otc_home&amp;ui=fr-FR&amp;rs=fr-FR&amp;ad=FR\" target=\"_blank\" rel=\"noopener noreferrer\">Plus de vid\u00e9os : formation Access<\/a><\/p>\n<div class=\"wp-block-columns has-2-columns\">\n<div class=\"wp-block-column\">\n<div class=\"wp-block-columns has-2-columns\">\n<div class=\"wp-block-column\">\n<p style=\"text-align: left; margin: 0 0 5px 0;\"><a title=\"Kaspersky Anti-Virus\" href=\"https:\/\/www.culturalusa.com\/news\/boutique\/kaspersky-anti-virus\/\"><img decoding=\"async\" style=\"width: 100%; height: 250px;\" src=\"https:\/\/www.culturalusa.com\/news\/wp-content\/uploads\/2019\/12\/Kaspersky-Anti-Virus.jpg\" alt=\"\" \/><\/a><strong>Kaspersky Anti-Virus<\/strong><br \/>\nProtection de votre PC en temps r\u00e9el contre les virus, les logiciels espions et les programmes malveillants. Ses technologies prim\u00e9es assurent une protection efficace contre les nouvelles menaces sur Internet, sans ralentir votre PC. Les licences Kaspersky sont envoy\u00e9es par Email.<\/p>\n<\/div>\n<div class=\"wp-block-column\">\n<p style=\"text-align: left; margin: 0 0 5px 0;\"><a title=\"Kaspersky Internet Security\" href=\"https:\/\/www.culturalusa.com\/news\/boutique\/kaspersky-internet-security\/\"><img decoding=\"async\" style=\"width: 100%; height: 250px;\" src=\"https:\/\/www.culturalusa.com\/news\/wp-content\/uploads\/2019\/12\/Kaspersky-Internet-Security.jpg\" alt=\"\" \/><\/a><strong>Kaspersky Internet Security<\/strong><br \/>\nProtection optimale pour votre PC, Mac et Android. Kaspersky prot\u00e8ge contre les attaques, ransomware et autres menaces, prot\u00e8ge votre vie priv\u00e9e et vos renseignements personnels, protection de votre argent et les d\u00e9tails de votre compte lors de l\u2019achat et de services bancaires en ligne, etc. Les licences Kaspersky sont envoy\u00e9es par Email.<\/p>\n<\/div>\n<\/div>\n<\/div>\n<div class=\"wp-block-column\">\n<div class=\"wp-block-columns has-2-columns\">\n<div class=\"wp-block-column\">\n<p style=\"text-align: left; margin: 0 0 5px 0;\"><a title=\"Kaspersky Total Security\" href=\"https:\/\/www.culturalusa.com\/news\/boutique\/kaspersky-total-security\/\"><img decoding=\"async\" style=\"width: 100%; height: 250px;\" src=\"https:\/\/www.culturalusa.com\/news\/wp-content\/uploads\/2019\/12\/Kaspersky-Total-Security.jpg\" alt=\"\" \/><\/a><strong>Kaspersky Total Security<\/strong><br \/>\nLa meilleure protection pour les familles &#8211; PC, Mac et appareils mobiles. Protection des membres de votre famille contre les dangers du phishing, le suivi des activit\u00e9s en ligne et l&rsquo;espionnage, en assurant la s\u00e9curit\u00e9 de vos donn\u00e9es personnelles, etc.<br \/>\nLes licences Kaspersky sont envoy\u00e9es par Email.<\/p>\n<\/div>\n<div class=\"wp-block-column\">\n<p style=\"text-align: left; margin: 0 0 5px 0;\"><a title=\"Protection Anti-Virus\" href=\"https:\/\/www.culturalusa.com\/news\/boutique\/kaspersky-small-office-security\/\"><img decoding=\"async\" style=\"width: 100%; height: 250px;\" src=\"https:\/\/www.culturalusa.com\/news\/wp-content\/uploads\/2019\/12\/kaspersky-small-office-security.jpg\" alt=\"\" \/><\/a><strong>Protection pour les TPE<\/strong><br \/>\nKaspersky Small Office Security est con\u00e7ue pour les entreprises dot\u00e9es de 5 \u00e0 50 postes, et prot\u00e8ge \u00e9galement serveurs et appareils mobiles. Pr\u00eate \u00e0 l&#8217;emploi, cette solution est g\u00e9r\u00e9e depuis une console dans le Cloud facile \u00e0 utiliser. Aucune comp\u00e9tence informatique n&rsquo;est requise pour utiliser nos puissants outils et contr\u00f4ler la s\u00e9curit\u00e9 sur l&rsquo;appareil connect\u00e9 de votre choix.<\/p>\n<\/div>\n<\/div>\n<\/div>\n<\/div>\n<\/div>\n<div class=\"eStore-product-fancy2\"><div class=\"eStore-thumbnail\"><a href=\"\" rel=\"lightbox[]\" title=\"\"><img decoding=\"async\" class=\"eStore-product-fancy2-thumb-image\" src=\"\" alt=\"\" \/><\/a><\/div><div class=\"eStore-product-description\"><div class=\"eStore-fancy2-product-name\"><\/div><\/div><\/div><div class=\"eStore-product-fancy2-footer eStore-fancy-wrapper\"><div class=\"footer-left\"><div class=\"footer-left-content\"><div style='color:red;'>Looks like you have entered a product ID () that doesn't exist in the product database. Please check your product ID value again!<\/div><br \/><\/div><\/div><div class=\"footer-right\"><span class=\"eStore_fancy2_price\"><span class=\"eStore_price_label\">Prix: <\/span><span class=\"eStore_price_value\"><\/span><\/span><\/div><\/div><div class=\"eStore-clear-float\"><\/div>\n","protected":false},"excerpt":{"rendered":"<p>Microsoft Office Professionnel 2021 1 Poste | PC | En T\u00e9l\u00e9chargement Microsoft Office Professionnel 2021 s\u2019adresse aux petites entreprises TPE et PME en pleine croissance qui souhaitent b\u00e9n\u00e9ficier des applications classiques Office, en plus d\u2019Outlook, OneDrive, Publisher et Access. &#8211; Pour 1 PC uniquement &#8211; Achat unique sans abonnement &#8211; Activation dans un compte microsoft [&hellip;]<\/p>\n","protected":false},"author":1,"featured_media":0,"parent":550,"menu_order":0,"comment_status":"closed","ping_status":"closed","template":"","meta":{"footnotes":""},"class_list":["post-6430","page","type-page","status-publish","hentry"],"aioseo_notices":[],"_links":{"self":[{"href":"https:\/\/www.culturalusa.com\/news\/wp-json\/wp\/v2\/pages\/6430","targetHints":{"allow":["GET"]}}],"collection":[{"href":"https:\/\/www.culturalusa.com\/news\/wp-json\/wp\/v2\/pages"}],"about":[{"href":"https:\/\/www.culturalusa.com\/news\/wp-json\/wp\/v2\/types\/page"}],"author":[{"embeddable":true,"href":"https:\/\/www.culturalusa.com\/news\/wp-json\/wp\/v2\/users\/1"}],"replies":[{"embeddable":true,"href":"https:\/\/www.culturalusa.com\/news\/wp-json\/wp\/v2\/comments?post=6430"}],"version-history":[{"count":3,"href":"https:\/\/www.culturalusa.com\/news\/wp-json\/wp\/v2\/pages\/6430\/revisions"}],"predecessor-version":[{"id":12578,"href":"https:\/\/www.culturalusa.com\/news\/wp-json\/wp\/v2\/pages\/6430\/revisions\/12578"}],"up":[{"embeddable":true,"href":"https:\/\/www.culturalusa.com\/news\/wp-json\/wp\/v2\/pages\/550"}],"wp:attachment":[{"href":"https:\/\/www.culturalusa.com\/news\/wp-json\/wp\/v2\/media?parent=6430"}],"curies":[{"name":"wp","href":"https:\/\/api.w.org\/{rel}","templated":true}]}}