{"id":6714,"date":"2020-02-21T15:19:35","date_gmt":"2020-02-21T14:19:35","guid":{"rendered":"https:\/\/www.culturalusa.com\/news\/?page_id=6714"},"modified":"2024-11-19T17:44:45","modified_gmt":"2024-11-19T16:44:45","slug":"evenements-belgique","status":"publish","type":"page","link":"https:\/\/www.culturalusa.com\/news\/agenda\/evenements-belgique\/","title":{"rendered":"Ev\u00e8nements Belgique &#038; France"},"content":{"rendered":"<div class=\"box-rev\">\n<h3><strong>L&rsquo;actualit\u00e9 Culture, Musique Concerts en Belgique &amp; France <\/strong> en direct<\/h3>\n<p>Retrouvez en un coup d\u2019\u0153il, d&rsquo;une mani\u00e8re simple et rapide, toutes les actus de ces derni\u00e8res 24 heures sur notre fil info.<\/p>\n<div class=\"box-nice\"><img decoding=\"async\" style=\"float: left; margin-right: 4px;\" src=\"https:\/\/www.culturalusa.com\/images\/lien-externe.png\" alt=\"lien\" \/><a href=\"https:\/\/www.culturalusa.com\/news\/belgique-news\/\"><strong>Toute l\u2019actualit\u00e9 belge en direct et en continu \u00bb<\/strong> <\/a>\n<\/div>\n<\/div>\n","protected":false},"excerpt":{"rendered":"<p>L&rsquo;actualit\u00e9 Culture, Musique Concerts en Belgique &amp; France en direct Retrouvez en un coup d\u2019\u0153il, d&rsquo;une mani\u00e8re simple et rapide, toutes les actus de ces derni\u00e8res 24 heures sur notre fil info. Toute l\u2019actualit\u00e9 belge en direct et en continu \u00bb<\/p>\n","protected":false},"author":1,"featured_media":0,"parent":2,"menu_order":0,"comment_status":"closed","ping_status":"closed","template":"","meta":{"footnotes":""},"class_list":["post-6714","page","type-page","status-publish","hentry"],"aioseo_notices":[],"_links":{"self":[{"href":"https:\/\/www.culturalusa.com\/news\/wp-json\/wp\/v2\/pages\/6714","targetHints":{"allow":["GET"]}}],"collection":[{"href":"https:\/\/www.culturalusa.com\/news\/wp-json\/wp\/v2\/pages"}],"about":[{"href":"https:\/\/www.culturalusa.com\/news\/wp-json\/wp\/v2\/types\/page"}],"author":[{"embeddable":true,"href":"https:\/\/www.culturalusa.com\/news\/wp-json\/wp\/v2\/users\/1"}],"replies":[{"embeddable":true,"href":"https:\/\/www.culturalusa.com\/news\/wp-json\/wp\/v2\/comments?post=6714"}],"version-history":[{"count":14,"href":"https:\/\/www.culturalusa.com\/news\/wp-json\/wp\/v2\/pages\/6714\/revisions"}],"predecessor-version":[{"id":13084,"href":"https:\/\/www.culturalusa.com\/news\/wp-json\/wp\/v2\/pages\/6714\/revisions\/13084"}],"up":[{"embeddable":true,"href":"https:\/\/www.culturalusa.com\/news\/wp-json\/wp\/v2\/pages\/2"}],"wp:attachment":[{"href":"https:\/\/www.culturalusa.com\/news\/wp-json\/wp\/v2\/media?parent=6714"}],"curies":[{"name":"wp","href":"https:\/\/api.w.org\/{rel}","templated":true}]}}