{"id":78,"date":"2012-04-05T16:19:53","date_gmt":"2012-04-05T14:19:53","guid":{"rendered":"http:\/\/www.culturalusa.com\/news\/?page_id=78"},"modified":"2025-12-17T14:34:24","modified_gmt":"2025-12-17T13:34:24","slug":"a-propos","status":"publish","type":"page","link":"https:\/\/www.culturalusa.com\/news\/a-propos\/","title":{"rendered":"\u00c0 Propos de Cultura Lusa"},"content":{"rendered":"<div class=\"box-rev\">\n<p><strong><strong><img loading=\"lazy\" decoding=\"async\" class=\"alignleft size-medium wp-image-250\" title=\"Logo Cultura Lusa\" src=\"https:\/\/www.culturalusa.com\/news\/wp-content\/uploads\/2012\/04\/logoCLusa400-275x225.jpg\" alt=\"\" width=\"275\" height=\"225\" srcset=\"https:\/\/www.culturalusa.com\/news\/wp-content\/uploads\/2012\/04\/logoCLusa400-275x225.jpg 275w, https:\/\/www.culturalusa.com\/news\/wp-content\/uploads\/2012\/04\/logoCLusa400.jpg 400w\" sizes=\"auto, (max-width: 275px) 100vw, 275px\" \/><\/strong><\/strong><\/p>\n<p><a style=\"color: grey; text-decoration: underline;\" href=\"https:\/\/www.culturalusa.net\/news\"><strong><span style=\"color: #800000; text-decoration: underline;\">PT<\/span><\/strong><\/a> | <a style=\"color: grey; text-decoration: underline;\" href=\"https:\/\/www.culturalusa.com\/news\"><strong><span style=\"color: #800000; text-decoration: underline;\">FR<\/span><\/strong><\/a> | <span style=\"color: #800000;\"><a style=\"color: #800000; text-decoration: underline;\" href=\"https:\/\/www.culturalusa.com\/news\/belgique-news\/\"><strong>BE<\/strong><\/a><\/span>\n<\/div>\n<div class=\"box-rev\">\n<p>Cultura Lusa est un portail d&rsquo;actualit\u00e9 nationale et internationale, vous pouvez lire les opinions, l&rsquo;\u00e9conomie, culture, politique, sport, technologie, multim\u00e9dia, \u00e9v\u00e9nements, concerts, musique, gastronomie, radios en ligne, vid\u00e9os&#8230;Notre objectif essentiel est de promouvoir et divulguer la culture franco-portugaise et dans les plus diverses formes d&rsquo;expression.Capitaliser la Culture, <strong>favoriser les \u00e9changes franco-lusophones<\/strong> et le tourisme au-del\u00e0 des fronti\u00e8res.<\/p>\n<p>Cultura Lusa \u00e0 travers son portail www.culturalusa.com souhaite informer les communaut\u00e9s francophones et lusophones qui r\u00e9sident en France, Belgique, Luxembourg, Suisse, Portugal, ainsi que dans d&rsquo;autres pays, l&rsquo;actualit\u00e9, les \u00e9v\u00e9nements, multim\u00e9dia, radio et beaucoup plus.<\/p>\n<p>Promouvoir l&rsquo;aide au d\u00e9veloppement de nouveaux projets novateurs, dans la plupart des secteurs, tels que la communication et multim\u00e9dia, technologie et la promotion d&rsquo;\u00e9v\u00e8nements.<\/p>\n<div style=\"border: solid #333 1px; border-radius: 4px; padding: 7px; margin-top: 6px; margin-bottom: 8px;\">Merci \u00e0 Vincent, r\u00e9dacteur de <span style=\"color: #800000;\">Wikip\u00e9dia<\/span>, pour l&rsquo;article <a href=\"https:\/\/fr.wikipedia.org\/wiki\/Histoire_de_la_langue_portugaise\" target=\"_blank\" rel=\"noopener noreferrer\"><strong>Histoire de la langue portugaise<\/strong><\/a>.<\/div>\n<p><a href=\"https:\/\/www.culturalusa.com\/news\/contribuer\/\"><img loading=\"lazy\" decoding=\"async\" style=\"border: 0pt none;\" title=\"Contribuer \u00e0 la r\u00e9daction\" src=\"https:\/\/www.culturalusa.com\/news\/wp-content\/uploads\/2012\/04\/contribuer.png\" alt=\"\" width=\"135\" height=\"45\" \/><\/a>\n<\/div>\n<div class=\"box-rev\">\n<p><span style=\"color: #800000;\">Cultura Lusa \u00e9 um portal de atualidade nacional e internacional<\/span>, pode ler opini\u00e3o, economia, cultura, pol\u00edtica, desporto, tecnologia, multim\u00e9dia, eventos, gastronomie, musica e radios online, fotografias e v\u00eddeos.A nossa finalidade essencial tem por objetivo de promover e divulgar a cultura portuguesa e nas mais diversas formas de express\u00e3o.<\/p>\n<p>Capitalizar a Cultura, favorecer os interc\u00e2mbios franco-portugueses e o Turismo para al\u00e9m fronteiras.Cultura Lusa atrav\u00e9s do seu portal www.culturalusa.com deseja informar as comunidades lus\u00f3fonas e franc\u00f3fonos que residem em Fran\u00e7a, Belgica, Luxemburgo, Sui\u00e7a, Portugal, como tamb\u00e9m noutros paises, os acontecimentos, atualidade, eventos, multim\u00e9dia, radio e muito mais.<\/p>\n<p>Promover a ajuda ao desenvolvimento de novos projetos inovadores, que tem por objetivo a promo\u00e7\u00e3o da cultura portuguesa nos mais diversos setores, como na comunica\u00e7\u00e3o e multim\u00e9dia, tecnologia e na promo\u00e7\u00e3o de eventos.<\/p>\n<p>Refor\u00e7ar a liga\u00e7\u00e3o dos portugueses que residem no estrangeiro \u00e0 vida social, cultural, pol\u00edtica e econ\u00f3mica dos pa\u00edses onde vivem. Apoio \u00e0s diversas ac\u00e7\u00f5es de movimentos associativos das comunidades portuguesas.\n<\/p><\/div>\n<hr \/>\n<div style=\"clear: both;\">\n<h4 style=\"text-align: center; background: #cd1713 none repeat scroll 0 0; color: #fff; margin: 20px 5px 10px; padding: 3px 7px;\">Advertisement \u2013 Annonces<\/h4>\n<\/div>\n<p style=\"text-align: center;\"><a title=\"Cr\u00e9ation de Site en ligne\" href=\"https:\/\/www.web-serveur.eu\/creation-site-web.html\" target=\"_blank\" rel=\"noopener noreferrer\"><img decoding=\"async\" style=\"box-shadow: 1px 1px 4px #222222; border-radius: 6px; width: 98%;\" src=\"https:\/\/www.culturalusa.com\/images\/creation-site-online.jpg\" alt=\"H\u00e9bergement web\" border=\"0\" \/><\/a><\/p>\n<hr \/>\n<p style=\"text-align: center;\"><a title=\"Apprenez une langue en 8 semaines\" href=\"https:\/\/www.culturalusa.com\/news\/boutique\/objectif-langues\/\"><img decoding=\"async\" style=\"width: 100%;\" src=\"https:\/\/www.culturalusa.com\/images\/banner-objectif-langues.jpg\" alt=\"Objectif Langues\" \/><\/a><\/p>\n<hr \/>\n<p><a href=\"http:\/\/www.mission-humanitaire.fr\/\" target=\"_blank\" rel=\"noopener noreferrer\">MISSION HUMANITAIRE<\/a> est une Organisation de Solidarit\u00e9 Internationale, d\u00e9clar\u00e9e, qui vous propose de partir pour des missions humanitaires en Asie, en Afrique et sur plusieurs destinations.<\/p>\n<p><a title=\"MISSION HUMANITAIRE\" href=\"http:\/\/www.mission-humanitaire.fr\/\" target=\"_blank\" rel=\"noopener noreferrer\"><img loading=\"lazy\" decoding=\"async\" width=\"630\" height=\"217\" class=\"aligncenter size-full wp-image-4504\" style=\"box-shadow: 1px 1px 4px #222222; border-radius: 6px; width: 98%;\" src=\"https:\/\/www.culturalusa.com\/news\/wp-content\/uploads\/2019\/02\/MissionHumanitaire.jpg\" alt=\"\" srcset=\"https:\/\/www.culturalusa.com\/news\/wp-content\/uploads\/2019\/02\/MissionHumanitaire.jpg 630w, https:\/\/www.culturalusa.com\/news\/wp-content\/uploads\/2019\/02\/MissionHumanitaire-275x95.jpg 275w, https:\/\/www.culturalusa.com\/news\/wp-content\/uploads\/2019\/02\/MissionHumanitaire-480x165.jpg 480w\" sizes=\"auto, (max-width: 630px) 100vw, 630px\" \/><\/a><\/p>\n<hr \/>\n<p style=\"text-align: center;\"><a title=\"H\u00e9bergement Web\" href=\"https:\/\/www.web-serveur.eu\/hebergement-site-web.html\" rel=\"nofollow\"><img decoding=\"async\" style=\"box-shadow: 1px 1px 4px #222222; border-radius: 6px; width: 98%;\" src=\"https:\/\/www.culturalusa.com\/news\/wp-content\/uploads\/2016\/01\/web-hosting.png\" alt=\"\" \/><\/a><\/p>\n<hr \/>\n<h3 style=\"margin-top: 25px; text-align: center; background: #cd1713 none repeat scroll 0 0; color: #fff; padding: 4px 7px;\">Produits qui peuvent vous int\u00e9resser :<\/h3>\n<div class=\"su-row\">\n  <div class=\"su-column su-column-size-1-3\"><div class=\"su-column-inner su-u-clearfix su-u-trim\"> <a href=\"https:\/\/www.action-ref.com\/faq-referencement-seo.htm\" target=\"_blank\" rel=\"noopener noreferrer\"><img decoding=\"async\" style=\"width: 100%;\" src=\"https:\/\/www.culturalusa.com\/news\/wp-content\/uploads\/2021\/02\/seo.jpg\" alt=\"\" \/><\/a><strong>Qu\u2019est ce que le r\u00e9f\u00e9rencement d\u2019un site web ?<\/strong> Pourquoi est-il n\u00e9cessaire de r\u00e9f\u00e9rencer un site web ? Est-il possible de positionner mon site dans la premi\u00e8re place des moteurs de recherche <strong>Google, Yahoo ou Bing<\/strong>? <a style=\"font-size: 30px;\" href=\"https:\/\/www.action-ref.com\/faq-referencement-seo.htm\" target=\"_blank\" rel=\"noopener noreferrer\"><strong>Savoir Plus<\/strong><\/a> <\/div><\/div>  <\/p>\n<div class=\"su-column su-column-size-1-3\"><div class=\"su-column-inner su-u-clearfix su-u-trim\"> <\/p>\n<p style=\"text-align: left; margin: 10px;\"><a title=\"Savoir Plus\" href=\"https:\/\/www.culturalusa.com\/news\/boutique\/kaspersky-internet-security\/\"><img decoding=\"async\" style=\"width: 100%;\" src=\"https:\/\/www.culturalusa.com\/news\/wp-content\/uploads\/2024\/01\/kaspersky-internet-security-2024.png\" alt=\"\" \/><\/a> <strong>Kaspersky Internet Security<\/strong> Protection optimale pour votre PC, Mac et Android. Kaspersky prot\u00e8ge contre les attaques, ransomware et autres menaces\u2026 <a style=\"color: maroon; font-size: 30px;\" href=\"https:\/\/www.culturalusa.com\/news\/boutique\/kaspersky-internet-security\/\"><strong>Savoir Plus<\/strong><\/a><\/p>\n<p> <\/div><\/div>\n<div class=\"su-column su-column-size-1-3\"><div class=\"su-column-inner su-u-clearfix su-u-trim\"> <\/p>\n<p style=\"text-align: left; margin: 10px;\"><a title=\"Savoir Plus\" href=\"https:\/\/www.culturalusa.com\/news\/boutique\/microsoft-office-2019-famille-et-petite-entreprise\/\"><img decoding=\"async\" style=\"width: 100%;\" src=\"https:\/\/www.culturalusa.com\/news\/wp-content\/uploads\/2024\/01\/microsoft-office-2023-famille-et-petite-entreprise.jpg\" alt=\"\" \/><\/a> <strong>Office Famille et Petite Entreprise<\/strong> 2021 de Microsoft r\u00e9unit tous les \u00e9l\u00e9ments essentiels qui vous permettront de tout faire\u2026. Version Multilingue &amp; Fran\u00e7aise (sans abonnement). <a style=\"color: maroon; font-size: 30px;\" href=\"https:\/\/www.culturalusa.com\/news\/boutique\/microsoft-office-2019-famille-et-petite-entreprise\/\"><strong>Savoir Plus<\/strong><\/a><\/p>\n<p> <\/div><\/div>\n<\/div>\n<div class=\"eStore-product-fancy2\"><div class=\"eStore-thumbnail\"><a href=\"https:\/\/www.culturalusa.com\/news\/kaspersky-vpn-secure-connection-5-appareils\/\" title=\"Kaspersky VPN Secure 5 Appareils\"><img decoding=\"async\" class=\"eStore-product-fancy2-thumb-image\" src=\"https:\/\/www.culturalusa.com\/news\/wp-content\/uploads\/2024\/01\/VPN-Secure-.jpg\" alt=\"Kaspersky VPN Secure 5 Appareils\" \/><\/a><\/div><div class=\"eStore-product-description\"><div class=\"eStore-fancy2-product-name\"><a href=\"https:\/\/www.culturalusa.com\/news\/kaspersky-vpn-secure-connection-5-appareils\/\">Kaspersky VPN Secure 5 Appareils<\/a><\/div>Nombre d\u2019appareil : 5 Appareils. VPN de Kaspersky permet de s\u00e9curiser vos informations en ligne ou lorsque vous \u00eates en d\u00e9placement en dehors de votre domicile et que vous souhaitez vous connecter \u00e0 la Wi-Fi public d\u2019un restaurant, h\u00f4tel, biblioth\u00e8que, etc.<br>Les licences Kaspersky sont envoy\u00e9es par Email.\r\n<\/div><\/div><div class=\"eStore-product-fancy2-footer eStore-fancy-wrapper\"><div class=\"footer-left\"><div class=\"footer-left-content\"><form method=\"post\" action=\"\" class=\"eStore-button-form eStore-button-form-48\" style=\"display:inline\" onsubmit=\"return ReadForm1(this, 1);\"><input type=\"image\" src=\"https:\/\/www.culturalusa.com\/news\/wp-content\/plugins\/wp-cart-for-digital-products\/images\/add-to-cart-golden-with-cart-icon.png\" class=\"eStore_button eStore_add_to_cart_button\" alt=\"Add to Cart\" \/> <input type=\"hidden\" name=\"add_qty\" value=\"1\" \/>  <div class=\"eStore_variation_top\"><\/div><input type=\"hidden\" name=\"thumbnail_url\" value=\"https:\/\/www.culturalusa.com\/news\/wp-content\/uploads\/2024\/01\/VPN-Secure-.jpg\" \/><input type=\"hidden\" name=\"estore_product_name\" value=\"Kaspersky VPN Secure 5 Appareils\" \/><input type=\"hidden\" name=\"price\" value=\"19.95\" \/><input type=\"hidden\" name=\"product_name_tmp1\" value=\"Kaspersky VPN Secure 5 Appareils\" \/><input type=\"hidden\" name=\"price_tmp1\" value=\"19.95\" \/><input type=\"hidden\" name=\"price_tmp1_old\" value=\"49.90\" \/><input type=\"hidden\" name=\"item_number\" value=\"48\" \/><input type=\"hidden\" name=\"shipping\" value=\"\" \/><input type=\"hidden\" name=\"tax\" value=\"\" \/><input type=\"hidden\" name=\"addcart_eStore\" value=\"1\" \/><input type=\"hidden\" name=\"cartLink\" value=\"https:\/\/www.culturalusa.com\/news\/kaspersky-vpn-secure-connection-5-appareils\/\" \/><input type=\"hidden\" name=\"digital_flag\" value=\"1\" \/><\/form><div class=\"eStore_item_added_msg eStore_item_added_msg-48\"><\/div><\/div><\/div><div class=\"footer-right\"><span class=\"eStore_fancy2_price\"><span class=\"eStore_price_label\">Prix: <\/span><span class=\"eStore_price_value\">19.95\u20ac<\/span><\/span><span class=\"eStore_oldprice\">Prix: <span class=\"eStore_price_value_old\">49.90\u20ac<\/span>&nbsp;<\/span><\/div><\/div><div class=\"eStore-clear-float\"><\/div>\n","protected":false},"excerpt":{"rendered":"<p>PT | FR | BE Cultura Lusa est un portail d&rsquo;actualit\u00e9 nationale et internationale, vous pouvez lire les opinions, l&rsquo;\u00e9conomie, culture, politique, sport, technologie, multim\u00e9dia, \u00e9v\u00e9nements, concerts, musique, gastronomie, radios en ligne, vid\u00e9os&#8230;Notre objectif essentiel est de promouvoir et divulguer la culture franco-portugaise et dans les plus diverses formes d&rsquo;expression.Capitaliser la Culture, favoriser les \u00e9changes [&hellip;]<\/p>\n","protected":false},"author":1,"featured_media":0,"parent":0,"menu_order":0,"comment_status":"closed","ping_status":"closed","template":"","meta":{"footnotes":""},"class_list":["post-78","page","type-page","status-publish","hentry"],"aioseo_notices":[],"_links":{"self":[{"href":"https:\/\/www.culturalusa.com\/news\/wp-json\/wp\/v2\/pages\/78","targetHints":{"allow":["GET"]}}],"collection":[{"href":"https:\/\/www.culturalusa.com\/news\/wp-json\/wp\/v2\/pages"}],"about":[{"href":"https:\/\/www.culturalusa.com\/news\/wp-json\/wp\/v2\/types\/page"}],"author":[{"embeddable":true,"href":"https:\/\/www.culturalusa.com\/news\/wp-json\/wp\/v2\/users\/1"}],"replies":[{"embeddable":true,"href":"https:\/\/www.culturalusa.com\/news\/wp-json\/wp\/v2\/comments?post=78"}],"version-history":[{"count":18,"href":"https:\/\/www.culturalusa.com\/news\/wp-json\/wp\/v2\/pages\/78\/revisions"}],"predecessor-version":[{"id":12646,"href":"https:\/\/www.culturalusa.com\/news\/wp-json\/wp\/v2\/pages\/78\/revisions\/12646"}],"wp:attachment":[{"href":"https:\/\/www.culturalusa.com\/news\/wp-json\/wp\/v2\/media?parent=78"}],"curies":[{"name":"wp","href":"https:\/\/api.w.org\/{rel}","templated":true}]}}